{"id":6752,"date":"2025-08-07T14:34:49","date_gmt":"2025-08-07T14:34:49","guid":{"rendered":"https:\/\/www.onur.net\/?page_id=6752"},"modified":"2025-08-07T14:38:32","modified_gmt":"2025-08-07T14:38:32","slug":"turkiye-ticaret-sicil-gazetelerimizin-tarih-ve-sayilari","status":"publish","type":"page","link":"https:\/\/www.onur.net\/tr\/turkiye-ticaret-sicil-gazetelerimizin-tarih-ve-sayilari\/","title":{"rendered":"T\u00fcrkiye Ticaret Sicil Gazetelerimizin Tarih ve Say\u0131lar\u0131"},"content":{"rendered":"\t\t<div data-elementor-type=\"wp-post\" data-elementor-id=\"6752\" class=\"elementor elementor-6752\" data-elementor-post-type=\"page\">\n\t\t\t\t<div data-dce-background-image-url=\"https:\/\/www.onur.net\/wp-content\/uploads\/2024\/01\/216_32_wave_tech_map_grey_blue.webp\" class=\"elementor-element elementor-element-c857918 e-flex e-con-boxed e-con e-parent\" data-id=\"c857918\" data-element_type=\"container\" data-e-type=\"container\" data-settings=\"{&quot;background_background&quot;:&quot;classic&quot;}\">\n\t\t\t\t\t<div class=\"e-con-inner\">\n\t\t<div class=\"elementor-element elementor-element-d0bf6d3 e-flex e-con-boxed e-con e-child\" data-id=\"d0bf6d3\" data-element_type=\"container\" data-e-type=\"container\">\n\t\t\t\t\t<div class=\"e-con-inner\">\n\t\t\t\t<div class=\"elementor-element elementor-element-ce6b4ba elementor-widget elementor-widget-heading\" data-id=\"ce6b4ba\" data-element_type=\"widget\" data-e-type=\"widget\" data-widget_type=\"heading.default\">\n\t\t\t\t<div class=\"elementor-widget-container\">\n\t\t\t\t\t<h2 class=\"elementor-heading-title elementor-size-default\">T\u00fcrkiye Ticaret Sicil Gazetelerimizin Tarih ve Say\u0131lar\u0131\u200b<\/h2>\t\t\t\t<\/div>\n\t\t\t\t<\/div>\n\t\t\t\t\t<\/div>\n\t\t\t\t<\/div>\n\t\t<div class=\"elementor-element elementor-element-96b8926 e-con-full e-flex e-con e-child\" data-id=\"96b8926\" data-element_type=\"container\" data-e-type=\"container\">\n\t\t\t\t<\/div>\n\t\t\t\t\t<\/div>\n\t\t\t\t<\/div>\n\t\t<div class=\"elementor-element elementor-element-32106a9 e-flex e-con-boxed e-con e-parent\" data-id=\"32106a9\" data-element_type=\"container\" data-e-type=\"container\">\n\t\t\t\t\t<div class=\"e-con-inner\">\n\t\t\t\t<div class=\"elementor-element elementor-element-f056737 elementor-widget elementor-widget-text-editor\" data-id=\"f056737\" data-element_type=\"widget\" data-e-type=\"widget\" data-widget_type=\"text-editor.default\">\n\t\t\t\t<div class=\"elementor-widget-container\">\n\t\t\t\t\t\t\t\t\t<table width=\"218\"><tbody><tr><td width=\"29\">No.<\/td><td width=\"77\">TTSG Tarih<\/td><td width=\"44\">TTSG Say\u0131<\/td><td width=\"68\">TTSG Sayfa No<\/td><\/tr><tr><td width=\"29\">1<\/td><td width=\"77\">23.07.2025<\/td><td width=\"44\">11377<\/td><td width=\"68\">1500<\/td><\/tr><tr><td width=\"29\">2<\/td><td width=\"77\">26.06.2025<\/td><td width=\"44\">11359<\/td><td width=\"68\">994<\/td><\/tr><tr><td width=\"29\">3<\/td><td width=\"77\">23.07.2024<\/td><td width=\"44\">11127<\/td><td width=\"68\">1608<\/td><\/tr><tr><td width=\"29\">4<\/td><td width=\"77\">24.05.2024<\/td><td width=\"44\">11089<\/td><td width=\"68\">156<\/td><\/tr><tr><td width=\"29\">5<\/td><td width=\"77\">23.05.2024<\/td><td width=\"44\">11088<\/td><td width=\"68\">1131<\/td><\/tr><tr><td width=\"29\">6<\/td><td width=\"77\">25.04.2024<\/td><td width=\"44\">11069<\/td><td width=\"68\">651<\/td><\/tr><tr><td width=\"29\">7<\/td><td width=\"77\">24.04.2024<\/td><td width=\"44\">11068<\/td><td width=\"68\">237<\/td><\/tr><tr><td width=\"29\">8<\/td><td width=\"77\">12.02.2024<\/td><td width=\"44\">11020<\/td><td width=\"68\">761<\/td><\/tr><tr><td width=\"29\">9<\/td><td width=\"77\">9.02.2024<\/td><td width=\"44\">11019<\/td><td width=\"68\">305<\/td><\/tr><tr><td width=\"29\">10<\/td><td width=\"77\">5.01.2024<\/td><td width=\"44\">10994<\/td><td width=\"68\">171<\/td><\/tr><tr><td width=\"29\">11<\/td><td width=\"77\">4.01.2024<\/td><td width=\"44\">10993<\/td><td width=\"68\">912<\/td><\/tr><tr><td width=\"29\">12<\/td><td width=\"77\">11.12.2023<\/td><td width=\"44\">10976<\/td><td width=\"68\">584<\/td><\/tr><tr><td width=\"29\">13<\/td><td width=\"77\">28.08.2023<\/td><td width=\"44\">10902<\/td><td width=\"68\">220<\/td><\/tr><tr><td width=\"29\">14<\/td><td width=\"77\">18.08.2023<\/td><td width=\"44\">10896<\/td><td width=\"68\">253<\/td><\/tr><tr><td width=\"29\">15<\/td><td width=\"77\">17.08.2023<\/td><td width=\"44\">10895<\/td><td width=\"68\">347<\/td><\/tr><tr><td width=\"29\">16<\/td><td width=\"77\">10.08.2023<\/td><td width=\"44\">10890<\/td><td width=\"68\">785-786<\/td><\/tr><tr><td width=\"29\">17<\/td><td>7.06.2023<\/td><td>10847<\/td><td>1375-1376<\/td><\/tr><tr><td width=\"29\">18<\/td><td>31.05.2023<\/td><td>10842<\/td><td>1051-1055<\/td><\/tr><tr><td width=\"29\">19<\/td><td width=\"77\">7.03.2022<\/td><td width=\"44\">10531<\/td><td width=\"68\">724<\/td><\/tr><tr><td width=\"29\">20<\/td><td width=\"77\">11.02.2022<\/td><td width=\"44\">10515<\/td><td width=\"68\">320<\/td><\/tr><tr><td width=\"29\">21<\/td><td width=\"77\">11.02.2022<\/td><td width=\"44\">10515<\/td><td width=\"68\">272<\/td><\/tr><tr><td width=\"29\">22<\/td><td width=\"77\">4.03.2021<\/td><td width=\"44\">10280<\/td><td width=\"68\">599<\/td><\/tr><tr><td width=\"29\">23<\/td><td width=\"77\">22.03.2019<\/td><td width=\"44\">9793<\/td><td width=\"68\">976<\/td><\/tr><tr><td width=\"29\">24<\/td><td width=\"77\">14.03.2018<\/td><td width=\"44\">9536<\/td><td width=\"68\">1605<\/td><\/tr><tr><td width=\"29\">25<\/td><td width=\"77\">14.11.2017<\/td><td width=\"44\">9451<\/td><td width=\"68\">80<\/td><\/tr><tr><td width=\"29\">26<\/td><td width=\"77\">17.10.2016<\/td><td width=\"44\">9177<\/td><td width=\"68\">45-46<\/td><\/tr><tr><td width=\"29\">27<\/td><td width=\"77\">13.03.2015<\/td><td width=\"44\">8778<\/td><td width=\"68\">720<\/td><\/tr><tr><td width=\"29\">28<\/td><td width=\"77\">31.12.2013<\/td><td width=\"44\">8476<\/td><td width=\"68\">16<\/td><\/tr><tr><td width=\"29\">29<\/td><td width=\"77\">27.05.2013<\/td><td width=\"44\">8328<\/td><td width=\"68\">24<\/td><\/tr><tr><td width=\"29\">30<\/td><td width=\"77\">22.05.2013<\/td><td width=\"44\">8325<\/td><td width=\"68\">81-82-83<\/td><\/tr><tr><td width=\"29\">31<\/td><td width=\"77\">23.03.2012<\/td><td width=\"44\">8033<\/td><td width=\"68\">61<\/td><\/tr><tr><td width=\"29\">32<\/td><td width=\"77\">31.10.2011<\/td><td width=\"44\">7932<\/td><td width=\"68\">11<\/td><\/tr><tr><td width=\"29\">33<\/td><td width=\"77\">8.03.2011<\/td><td width=\"44\">7767<\/td><td width=\"68\">31<\/td><\/tr><tr><td width=\"29\">34<\/td><td width=\"77\">4.01.2011<\/td><td width=\"44\">7722<\/td><td width=\"68\">48<\/td><\/tr><tr><td width=\"29\">35<\/td><td width=\"77\">4.01.2011<\/td><td width=\"44\">7722<\/td><td width=\"68\">211<\/td><\/tr><tr><td width=\"29\">36<\/td><td width=\"77\">21.04.2010<\/td><td width=\"44\">7548<\/td><td width=\"68\">9<\/td><\/tr><tr><td width=\"29\">37<\/td><td width=\"77\">29.12.2009<\/td><td width=\"44\">7468<\/td><td width=\"68\">24<\/td><\/tr><tr><td width=\"29\">38<\/td><td width=\"77\">2.04.2009<\/td><td width=\"44\">7283<\/td><td width=\"68\">15<\/td><\/tr><tr><td width=\"29\">39<\/td><td width=\"77\">10.10.2008<\/td><td width=\"44\">7165<\/td><td width=\"68\">36<\/td><\/tr><tr><td width=\"29\">40<\/td><td width=\"77\">12.04.2006<\/td><td width=\"44\">6533<\/td><td width=\"68\">369<\/td><\/tr><tr><td width=\"29\">41<\/td><td width=\"77\">6.01.2004<\/td><td width=\"44\">5961<\/td><td width=\"68\">209<\/td><\/tr><tr><td width=\"29\">42<\/td><td width=\"77\">3.09.2003<\/td><td width=\"44\">5877<\/td><td width=\"68\">5<\/td><\/tr><tr><td width=\"29\">43<\/td><td width=\"77\">11.06.2003<\/td><td width=\"44\">5817<\/td><td width=\"68\">39<\/td><\/tr><tr><td width=\"29\">44<\/td><td width=\"77\">7.01.2003<\/td><td width=\"44\">5712<\/td><td width=\"68\">195<\/td><\/tr><tr><td width=\"29\">45<\/td><td width=\"77\">15.10.2002<\/td><td width=\"44\">5656<\/td><td width=\"68\">16<\/td><\/tr><tr><td width=\"29\">46<\/td><td width=\"77\">30.05.2002<\/td><td width=\"44\">5559<\/td><td width=\"68\">599<\/td><\/tr><tr><td width=\"29\">47<\/td><td width=\"77\">18.07.2001<\/td><td width=\"44\">5341<\/td><td width=\"68\">339<\/td><\/tr><tr><td width=\"29\">48<\/td><td width=\"77\">9.05.2000<\/td><td width=\"44\">5041<\/td><td width=\"68\">190<\/td><\/tr><tr><td width=\"29\">49<\/td><td width=\"77\">1.05.2000<\/td><td width=\"44\">5035<\/td><td width=\"68\">392<\/td><\/tr><tr><td width=\"29\">50<\/td><td width=\"77\">24.11.1998<\/td><td width=\"44\">4676<\/td><td width=\"68\">4<\/td><\/tr><tr><td width=\"29\">51<\/td><td width=\"77\">11.09.1997<\/td><td width=\"44\">4374<\/td><td width=\"68\">16<\/td><\/tr><tr><td width=\"29\">52<\/td><td width=\"77\">13.08.1997<\/td><td width=\"44\">4353<\/td><td width=\"68\">69<\/td><\/tr><tr><td width=\"29\">53<\/td><td width=\"77\">6.06.1996<\/td><td width=\"44\">4053<\/td><td width=\"68\">199<\/td><\/tr><tr><td width=\"29\">54<\/td><td width=\"77\">7.07.1995<\/td><td width=\"44\">3823<\/td><td width=\"68\">13<\/td><\/tr><tr><td width=\"29\">55<\/td><td width=\"77\">9.03.1995<\/td><td width=\"44\">3741<\/td><td width=\"68\">13<\/td><\/tr><tr><td width=\"29\">56<\/td><td width=\"77\">14.11.1994<\/td><td width=\"44\">3659<\/td><td width=\"68\">15<\/td><\/tr><tr><td width=\"29\">57<\/td><td width=\"77\">21.05.1993<\/td><td width=\"44\">3285<\/td><td width=\"68\">290<\/td><\/tr><tr><td width=\"29\">58<\/td><td width=\"77\">7.05.1993<\/td><td width=\"44\">3276<\/td><td width=\"68\">364<\/td><\/tr><tr><td width=\"29\">59<\/td><td width=\"77\">26.12.1991<\/td><td width=\"44\">2932<\/td><td width=\"68\">69-70<\/td><\/tr><tr><td width=\"29\">60<\/td><td width=\"77\">12.06.1991<\/td><td width=\"44\">2796<\/td><td width=\"68\">44-45<\/td><\/tr><tr><td width=\"29\">61<\/td><td width=\"77\">15.03.1991<\/td><td width=\"44\">2737<\/td><td width=\"68\">2<\/td><\/tr><\/tbody><\/table>\t\t\t\t\t\t\t\t<\/div>\n\t\t\t\t<\/div>\n\t\t\t\t\t<\/div>\n\t\t\t\t<\/div>\n\t\t\t\t<\/div>\n\t\t","protected":false},"excerpt":{"rendered":"<p>T\u00fcrkiye Ticaret Sicil Gazetelerimizin Tarih ve Say\u0131lar\u0131\u200b No. TTSG Tarih TTSG Say\u0131 TTSG Sayfa No 1 23.07.2025 11377 1500 2 26.06.2025 11359 994 3 23.07.2024 11127 1608 4 24.05.2024 11089 156 5 23.05.2024 11088 1131 6 25.04.2024 11069 651 7 24.04.2024 11068 237 8 12.02.2024 11020 761 9 9.02.2024 11019 305 10 5.01.2024 10994 171 [&hellip;]<\/p>\n","protected":false},"author":1,"featured_media":0,"parent":0,"menu_order":0,"comment_status":"closed","ping_status":"closed","template":"","meta":{"_acf_changed":false,"footnotes":""},"class_list":["post-6752","page","type-page","status-publish","hentry"],"acf":[],"yoast_head":"<!-- This site is optimized with the Yoast SEO Premium plugin v27.3 (Yoast SEO v27.3) - https:\/\/yoast.com\/product\/yoast-seo-premium-wordpress\/ -->\n<title>T\u00fcrkiye Ticaret Sicil Gazetelerimizin Tarih ve Say\u0131lar\u0131 - Onur Y\u00fcksek Teknoloji<\/title>\n<meta name=\"robots\" content=\"index, follow, max-snippet:-1, max-image-preview:large, max-video-preview:-1\" \/>\n<link rel=\"canonical\" href=\"https:\/\/www.onur.net\/tr\/turkiye-ticaret-sicil-gazetelerimizin-tarih-ve-sayilari\/\" \/>\n<meta property=\"og:locale\" content=\"tr_TR\" \/>\n<meta property=\"og:type\" content=\"article\" \/>\n<meta property=\"og:title\" content=\"T\u00fcrkiye Ticaret Sicil Gazetelerimizin Tarih ve Say\u0131lar\u0131\" \/>\n<meta property=\"og:description\" content=\"T\u00fcrkiye Ticaret Sicil Gazetelerimizin Tarih ve Say\u0131lar\u0131\u200b No. TTSG Tarih TTSG Say\u0131 TTSG Sayfa No 1 23.07.2025 11377 1500 2 26.06.2025 11359 994 3 23.07.2024 11127 1608 4 24.05.2024 11089 156 5 23.05.2024 11088 1131 6 25.04.2024 11069 651 7 24.04.2024 11068 237 8 12.02.2024 11020 761 9 9.02.2024 11019 305 10 5.01.2024 10994 171 [&hellip;]\" \/>\n<meta property=\"og:url\" content=\"https:\/\/www.onur.net\/tr\/turkiye-ticaret-sicil-gazetelerimizin-tarih-ve-sayilari\/\" \/>\n<meta property=\"og:site_name\" content=\"Onur Y\u00fcksek Teknoloji\" \/>\n<meta property=\"article:modified_time\" content=\"2025-08-07T14:38:32+00:00\" \/>\n<meta property=\"og:image\" content=\"https:\/\/www.onur.net\/wp-content\/uploads\/Screenshot_1-2.png\" \/>\n\t<meta property=\"og:image:width\" content=\"1894\" \/>\n\t<meta property=\"og:image:height\" content=\"917\" \/>\n\t<meta property=\"og:image:type\" content=\"image\/png\" \/>\n<meta name=\"twitter:card\" content=\"summary_large_image\" \/>\n<meta name=\"twitter:label1\" content=\"Tahmini okuma s\u00fcresi\" \/>\n\t<meta name=\"twitter:data1\" content=\"2 dakika\" \/>\n<script type=\"application\/ld+json\" class=\"yoast-schema-graph\">{\"@context\":\"https:\\\/\\\/schema.org\",\"@graph\":[{\"@type\":\"WebPage\",\"@id\":\"https:\\\/\\\/www.onur.net\\\/turkiye-ticaret-sicil-gazetelerimizin-tarih-ve-sayilari\\\/\",\"url\":\"https:\\\/\\\/www.onur.net\\\/turkiye-ticaret-sicil-gazetelerimizin-tarih-ve-sayilari\\\/\",\"name\":\"T\u00fcrkiye Ticaret Sicil Gazetelerimizin Tarih ve Say\u0131lar\u0131 - Onur Y\u00fcksek Teknoloji\",\"isPartOf\":{\"@id\":\"https:\\\/\\\/www.onur.net\\\/tr\\\/#website\"},\"datePublished\":\"2025-08-07T14:34:49+00:00\",\"dateModified\":\"2025-08-07T14:38:32+00:00\",\"breadcrumb\":{\"@id\":\"https:\\\/\\\/www.onur.net\\\/turkiye-ticaret-sicil-gazetelerimizin-tarih-ve-sayilari\\\/#breadcrumb\"},\"inLanguage\":\"tr\",\"potentialAction\":[{\"@type\":\"ReadAction\",\"target\":[\"https:\\\/\\\/www.onur.net\\\/turkiye-ticaret-sicil-gazetelerimizin-tarih-ve-sayilari\\\/\"]}]},{\"@type\":\"BreadcrumbList\",\"@id\":\"https:\\\/\\\/www.onur.net\\\/turkiye-ticaret-sicil-gazetelerimizin-tarih-ve-sayilari\\\/#breadcrumb\",\"itemListElement\":[{\"@type\":\"ListItem\",\"position\":1,\"name\":\"Home\",\"item\":\"https:\\\/\\\/www.onur.net\\\/tr\\\/\"},{\"@type\":\"ListItem\",\"position\":2,\"name\":\"T\u00fcrkiye Ticaret Sicil Gazetelerimizin Tarih ve Say\u0131lar\u0131\"}]},{\"@type\":\"WebSite\",\"@id\":\"https:\\\/\\\/www.onur.net\\\/tr\\\/#website\",\"url\":\"https:\\\/\\\/www.onur.net\\\/tr\\\/\",\"name\":\"Onur Y\u00fcksek Teknoloji\",\"description\":\"Onur Y\u00fcksek Teknoloji\",\"publisher\":{\"@id\":\"https:\\\/\\\/www.onur.net\\\/tr\\\/#organization\"},\"alternateName\":\"Onur Y\u00fcksek Teknoloji\",\"potentialAction\":[{\"@type\":\"SearchAction\",\"target\":{\"@type\":\"EntryPoint\",\"urlTemplate\":\"https:\\\/\\\/www.onur.net\\\/tr\\\/?s={search_term_string}\"},\"query-input\":{\"@type\":\"PropertyValueSpecification\",\"valueRequired\":true,\"valueName\":\"search_term_string\"}}],\"inLanguage\":\"tr\"},{\"@type\":\"Organization\",\"@id\":\"https:\\\/\\\/www.onur.net\\\/tr\\\/#organization\",\"name\":\"Onur Y\u00fcksek Teknoloji\",\"alternateName\":\"Onur Y\u00fcksek Teknoloji\",\"url\":\"https:\\\/\\\/www.onur.net\\\/tr\\\/\",\"logo\":{\"@type\":\"ImageObject\",\"inLanguage\":\"tr\",\"@id\":\"https:\\\/\\\/www.onur.net\\\/tr\\\/#\\\/schema\\\/logo\\\/image\\\/\",\"url\":\"https:\\\/\\\/www.onur.net\\\/wp-content\\\/uploads\\\/2024\\\/01\\\/Asset-1-1.svg\",\"contentUrl\":\"https:\\\/\\\/www.onur.net\\\/wp-content\\\/uploads\\\/2024\\\/01\\\/Asset-1-1.svg\",\"width\":200,\"height\":130,\"caption\":\"Onur Y\u00fcksek Teknoloji\"},\"image\":{\"@id\":\"https:\\\/\\\/www.onur.net\\\/tr\\\/#\\\/schema\\\/logo\\\/image\\\/\"},\"sameAs\":[\"https:\\\/\\\/www.linkedin.com\\\/company\\\/onur-a-\\\/mycompany\\\/\"],\"description\":\"ONUR Y\u00dcKSEK TEKNOLOJ\u0130 A.\u015e. (OYT), 1980 y\u0131l\u0131nda sivil ve askeri haberle\u015fme uygulamalar\u0131na y\u00f6nelik m\u00fchendislik hizmetleri vermek \u00fczere kurulmu\u015ftur. Kuruldu\u011fu y\u0131llarda T\u00fcrk Silahl\u0131 Kuvvetleri ve NATO\u2019nun ileti\u015fim ihtiya\u00e7lar\u0131na y\u00f6nelik haberle\u015fme sistemlerinin tedariki ve entegrasyonlar\u0131n\u0131 ger\u00e7ekle\u015fen OYT, ilerleyen y\u0131llarda bu alandaki uzmanl\u0131\u011f\u0131n\u0131 daha da art\u0131rm\u0131\u015ft\u0131r. Hayata ge\u00e7irilen projelerden kazan\u0131lan m\u00fchendislik altyap\u0131s\u0131 sayesinde OYT, 1990\u2019l\u0131 y\u0131llardan itibaren hem sivil hem savunma sanayii projelerinde uluslararas\u0131 firmalar\u0131n i\u015f orta\u011f\u0131 olarak yer almaya ba\u015flam\u0131\u015ft\u0131r. Bu s\u00fcre\u00e7te \u015firketimiz, deniz trafi\u011fini izleme ve kontrol sistemleri, meteorolojik radar sistemleri ve gemi seyir radar sistemlerinin dahil oldu\u011fu pek \u00e7ok entegrasyon projesine imza atm\u0131\u015ft\u0131r. OYT, y\u0131llar i\u00e7inde haberle\u015fme sistemleri konusunda artan alan uzmanl\u0131\u011f\u0131 sayesinde, yeni nesil IP tabanl\u0131 ses haberle\u015fme sistemleri geli\u015ftirilmesine ili\u015fkin AR-GE \u00e7al\u0131\u015fmalar\u0131 ba\u015flatm\u0131\u015ft\u0131r. T\u00dcB\u0130TAK taraf\u0131ndan da desteklenen bu \u00e7al\u0131\u015fmalar neticesinde, 2010\u2019lu y\u0131llar\u0131n ba\u015f\u0131ndan itibaren \u00f6zellikle telsiz sistemleri entegrasyonu ve IP tabanl\u0131 a\u011f teknolojileri kapsam\u0131nda d\u00fcnyada \u00e7ok az firmada bulunan yedekli ve ger\u00e7ek zamanl\u0131 ses ve veri haberle\u015fme sistemleri tasar\u0131m\u0131 konusunda uzmanl\u0131\u011f\u0131n\u0131 art\u0131ran \u015firketimiz, g\u00fcn\u00fcm\u00fczde d\u00f6rt k\u0131taya ihra\u00e7 edilen Ses ve Veri Haberle\u015fme Sistemlerine ili\u015fkin \u00e7e\u015fitli \u00fcr\u00fcn gruplar\u0131na sahiptir. \u0130leti\u015fim sistemlerinin \u00fcretimi yan\u0131nda OYT, uluslararas\u0131 standartlara uyumlu sivil ve askeri havac\u0131l\u0131k sistemleri entegrasyonu yapabilen say\u0131l\u0131 yerli firmalardand\u0131r. \u015eirketimiz, Avrupa sivil havac\u0131l\u0131k standartlar\u0131n\u0131n olu\u015fturuldu\u011fu Avrupa Sivil Havac\u0131l\u0131k Te\u00e7hizat\u0131 Te\u015fkilat\u0131 EUROCAE (The European Organisation for Civil Aviation Equipment) kurumunun \u00e7e\u015fitli \u00e7al\u0131\u015fma gruplar\u0131n\u0131n \u00fcyesi olman\u0131n yan\u0131 s\u0131ra, ABD Federal Havac\u0131l\u0131k \u0130daresi (FAA) ve Avrupa Seyr\u00fcsefer Emniyeti Te\u015fkilat\u0131 EUROCONTROL\u2019un (The European Organisation for the Safety of Air Navigation) \u00e7al\u0131\u015fmalar\u0131n\u0131n aktif bir kat\u0131l\u0131mc\u0131s\u0131d\u0131r. Ayr\u0131ca \u015fi\",\"email\":\"marketing@onur.net\",\"telephone\":\"+90 (312) 235 1550\",\"legalName\":\"ONUR Y\u00dcKSEK TEKNOLOJ\u0130 A.\u015e.\",\"foundingDate\":\"1980-01-01\",\"numberOfEmployees\":{\"@type\":\"QuantitativeValue\",\"minValue\":\"201\",\"maxValue\":\"500\"},\"publishingPrinciples\":\"https:\\\/\\\/www.onur.net\\\/kvkk\\\/\"}]}<\/script>\n<!-- \/ Yoast SEO Premium plugin. -->","yoast_head_json":{"title":"T\u00fcrkiye Ticaret Sicil Gazetelerimizin Tarih ve Say\u0131lar\u0131 - Onur Y\u00fcksek Teknoloji","robots":{"index":"index","follow":"follow","max-snippet":"max-snippet:-1","max-image-preview":"max-image-preview:large","max-video-preview":"max-video-preview:-1"},"canonical":"https:\/\/www.onur.net\/tr\/turkiye-ticaret-sicil-gazetelerimizin-tarih-ve-sayilari\/","og_locale":"tr_TR","og_type":"article","og_title":"T\u00fcrkiye Ticaret Sicil Gazetelerimizin Tarih ve Say\u0131lar\u0131","og_description":"T\u00fcrkiye Ticaret Sicil Gazetelerimizin Tarih ve Say\u0131lar\u0131\u200b No. TTSG Tarih TTSG Say\u0131 TTSG Sayfa No 1 23.07.2025 11377 1500 2 26.06.2025 11359 994 3 23.07.2024 11127 1608 4 24.05.2024 11089 156 5 23.05.2024 11088 1131 6 25.04.2024 11069 651 7 24.04.2024 11068 237 8 12.02.2024 11020 761 9 9.02.2024 11019 305 10 5.01.2024 10994 171 [&hellip;]","og_url":"https:\/\/www.onur.net\/tr\/turkiye-ticaret-sicil-gazetelerimizin-tarih-ve-sayilari\/","og_site_name":"Onur Y\u00fcksek Teknoloji","article_modified_time":"2025-08-07T14:38:32+00:00","og_image":[{"width":1894,"height":917,"url":"https:\/\/www.onur.net\/wp-content\/uploads\/Screenshot_1-2.png","type":"image\/png"}],"twitter_card":"summary_large_image","twitter_misc":{"Tahmini okuma s\u00fcresi":"2 dakika"},"schema":{"@context":"https:\/\/schema.org","@graph":[{"@type":"WebPage","@id":"https:\/\/www.onur.net\/turkiye-ticaret-sicil-gazetelerimizin-tarih-ve-sayilari\/","url":"https:\/\/www.onur.net\/turkiye-ticaret-sicil-gazetelerimizin-tarih-ve-sayilari\/","name":"T\u00fcrkiye Ticaret Sicil Gazetelerimizin Tarih ve Say\u0131lar\u0131 - Onur Y\u00fcksek Teknoloji","isPartOf":{"@id":"https:\/\/www.onur.net\/tr\/#website"},"datePublished":"2025-08-07T14:34:49+00:00","dateModified":"2025-08-07T14:38:32+00:00","breadcrumb":{"@id":"https:\/\/www.onur.net\/turkiye-ticaret-sicil-gazetelerimizin-tarih-ve-sayilari\/#breadcrumb"},"inLanguage":"tr","potentialAction":[{"@type":"ReadAction","target":["https:\/\/www.onur.net\/turkiye-ticaret-sicil-gazetelerimizin-tarih-ve-sayilari\/"]}]},{"@type":"BreadcrumbList","@id":"https:\/\/www.onur.net\/turkiye-ticaret-sicil-gazetelerimizin-tarih-ve-sayilari\/#breadcrumb","itemListElement":[{"@type":"ListItem","position":1,"name":"Home","item":"https:\/\/www.onur.net\/tr\/"},{"@type":"ListItem","position":2,"name":"T\u00fcrkiye Ticaret Sicil Gazetelerimizin Tarih ve Say\u0131lar\u0131"}]},{"@type":"WebSite","@id":"https:\/\/www.onur.net\/tr\/#website","url":"https:\/\/www.onur.net\/tr\/","name":"Onur Y\u00fcksek Teknoloji","description":"Onur Y\u00fcksek Teknoloji","publisher":{"@id":"https:\/\/www.onur.net\/tr\/#organization"},"alternateName":"Onur Y\u00fcksek Teknoloji","potentialAction":[{"@type":"SearchAction","target":{"@type":"EntryPoint","urlTemplate":"https:\/\/www.onur.net\/tr\/?s={search_term_string}"},"query-input":{"@type":"PropertyValueSpecification","valueRequired":true,"valueName":"search_term_string"}}],"inLanguage":"tr"},{"@type":"Organization","@id":"https:\/\/www.onur.net\/tr\/#organization","name":"Onur Y\u00fcksek Teknoloji","alternateName":"Onur Y\u00fcksek Teknoloji","url":"https:\/\/www.onur.net\/tr\/","logo":{"@type":"ImageObject","inLanguage":"tr","@id":"https:\/\/www.onur.net\/tr\/#\/schema\/logo\/image\/","url":"https:\/\/www.onur.net\/wp-content\/uploads\/2024\/01\/Asset-1-1.svg","contentUrl":"https:\/\/www.onur.net\/wp-content\/uploads\/2024\/01\/Asset-1-1.svg","width":200,"height":130,"caption":"Onur Y\u00fcksek Teknoloji"},"image":{"@id":"https:\/\/www.onur.net\/tr\/#\/schema\/logo\/image\/"},"sameAs":["https:\/\/www.linkedin.com\/company\/onur-a-\/mycompany\/"],"description":"ONUR Y\u00dcKSEK TEKNOLOJ\u0130 A.\u015e. (OYT), 1980 y\u0131l\u0131nda sivil ve askeri haberle\u015fme uygulamalar\u0131na y\u00f6nelik m\u00fchendislik hizmetleri vermek \u00fczere kurulmu\u015ftur. Kuruldu\u011fu y\u0131llarda T\u00fcrk Silahl\u0131 Kuvvetleri ve NATO\u2019nun ileti\u015fim ihtiya\u00e7lar\u0131na y\u00f6nelik haberle\u015fme sistemlerinin tedariki ve entegrasyonlar\u0131n\u0131 ger\u00e7ekle\u015fen OYT, ilerleyen y\u0131llarda bu alandaki uzmanl\u0131\u011f\u0131n\u0131 daha da art\u0131rm\u0131\u015ft\u0131r. Hayata ge\u00e7irilen projelerden kazan\u0131lan m\u00fchendislik altyap\u0131s\u0131 sayesinde OYT, 1990\u2019l\u0131 y\u0131llardan itibaren hem sivil hem savunma sanayii projelerinde uluslararas\u0131 firmalar\u0131n i\u015f orta\u011f\u0131 olarak yer almaya ba\u015flam\u0131\u015ft\u0131r. Bu s\u00fcre\u00e7te \u015firketimiz, deniz trafi\u011fini izleme ve kontrol sistemleri, meteorolojik radar sistemleri ve gemi seyir radar sistemlerinin dahil oldu\u011fu pek \u00e7ok entegrasyon projesine imza atm\u0131\u015ft\u0131r. OYT, y\u0131llar i\u00e7inde haberle\u015fme sistemleri konusunda artan alan uzmanl\u0131\u011f\u0131 sayesinde, yeni nesil IP tabanl\u0131 ses haberle\u015fme sistemleri geli\u015ftirilmesine ili\u015fkin AR-GE \u00e7al\u0131\u015fmalar\u0131 ba\u015flatm\u0131\u015ft\u0131r. T\u00dcB\u0130TAK taraf\u0131ndan da desteklenen bu \u00e7al\u0131\u015fmalar neticesinde, 2010\u2019lu y\u0131llar\u0131n ba\u015f\u0131ndan itibaren \u00f6zellikle telsiz sistemleri entegrasyonu ve IP tabanl\u0131 a\u011f teknolojileri kapsam\u0131nda d\u00fcnyada \u00e7ok az firmada bulunan yedekli ve ger\u00e7ek zamanl\u0131 ses ve veri haberle\u015fme sistemleri tasar\u0131m\u0131 konusunda uzmanl\u0131\u011f\u0131n\u0131 art\u0131ran \u015firketimiz, g\u00fcn\u00fcm\u00fczde d\u00f6rt k\u0131taya ihra\u00e7 edilen Ses ve Veri Haberle\u015fme Sistemlerine ili\u015fkin \u00e7e\u015fitli \u00fcr\u00fcn gruplar\u0131na sahiptir. \u0130leti\u015fim sistemlerinin \u00fcretimi yan\u0131nda OYT, uluslararas\u0131 standartlara uyumlu sivil ve askeri havac\u0131l\u0131k sistemleri entegrasyonu yapabilen say\u0131l\u0131 yerli firmalardand\u0131r. \u015eirketimiz, Avrupa sivil havac\u0131l\u0131k standartlar\u0131n\u0131n olu\u015fturuldu\u011fu Avrupa Sivil Havac\u0131l\u0131k Te\u00e7hizat\u0131 Te\u015fkilat\u0131 EUROCAE (The European Organisation for Civil Aviation Equipment) kurumunun \u00e7e\u015fitli \u00e7al\u0131\u015fma gruplar\u0131n\u0131n \u00fcyesi olman\u0131n yan\u0131 s\u0131ra, ABD Federal Havac\u0131l\u0131k \u0130daresi (FAA) ve Avrupa Seyr\u00fcsefer Emniyeti Te\u015fkilat\u0131 EUROCONTROL\u2019un (The European Organisation for the Safety of Air Navigation) \u00e7al\u0131\u015fmalar\u0131n\u0131n aktif bir kat\u0131l\u0131mc\u0131s\u0131d\u0131r. Ayr\u0131ca \u015fi","email":"marketing@onur.net","telephone":"+90 (312) 235 1550","legalName":"ONUR Y\u00dcKSEK TEKNOLOJ\u0130 A.\u015e.","foundingDate":"1980-01-01","numberOfEmployees":{"@type":"QuantitativeValue","minValue":"201","maxValue":"500"},"publishingPrinciples":"https:\/\/www.onur.net\/kvkk\/"}]}},"_links":{"self":[{"href":"https:\/\/www.onur.net\/tr\/wp-json\/wp\/v2\/pages\/6752","targetHints":{"allow":["GET"]}}],"collection":[{"href":"https:\/\/www.onur.net\/tr\/wp-json\/wp\/v2\/pages"}],"about":[{"href":"https:\/\/www.onur.net\/tr\/wp-json\/wp\/v2\/types\/page"}],"author":[{"embeddable":true,"href":"https:\/\/www.onur.net\/tr\/wp-json\/wp\/v2\/users\/1"}],"replies":[{"embeddable":true,"href":"https:\/\/www.onur.net\/tr\/wp-json\/wp\/v2\/comments?post=6752"}],"version-history":[{"count":10,"href":"https:\/\/www.onur.net\/tr\/wp-json\/wp\/v2\/pages\/6752\/revisions"}],"predecessor-version":[{"id":6765,"href":"https:\/\/www.onur.net\/tr\/wp-json\/wp\/v2\/pages\/6752\/revisions\/6765"}],"wp:attachment":[{"href":"https:\/\/www.onur.net\/tr\/wp-json\/wp\/v2\/media?parent=6752"}],"curies":[{"name":"wp","href":"https:\/\/api.w.org\/{rel}","templated":true}]}}