{"id":6500,"date":"2025-06-23T12:10:09","date_gmt":"2025-06-23T12:10:09","guid":{"rendered":"https:\/\/www.onur.net\/?page_id=6500"},"modified":"2025-06-23T12:36:32","modified_gmt":"2025-06-23T12:36:32","slug":"politikalarimiz","status":"publish","type":"page","link":"https:\/\/www.onur.net\/tr\/yatirimci-iliskileri\/politikalarimiz\/","title":{"rendered":"Politikalar\u0131m\u0131z"},"content":{"rendered":"\t\t<div data-elementor-type=\"wp-post\" data-elementor-id=\"6500\" class=\"elementor elementor-6500\" data-elementor-post-type=\"page\">\n\t\t\t\t<div data-dce-background-image-url=\"https:\/\/www.onur.net\/wp-content\/uploads\/2024\/01\/banner-cover-yatirimci-iliskileri-web.jpg\" class=\"elementor-element elementor-element-5809e12 e-flex e-con-boxed e-con e-parent\" data-id=\"5809e12\" data-element_type=\"container\" data-e-type=\"container\" data-settings=\"{&quot;background_background&quot;:&quot;classic&quot;}\">\n\t\t\t\t\t<div class=\"e-con-inner\">\n\t\t<div class=\"elementor-element elementor-element-d708270 e-flex e-con-boxed e-con e-child\" data-id=\"d708270\" data-element_type=\"container\" data-e-type=\"container\">\n\t\t\t\t\t<div class=\"e-con-inner\">\n\t\t\t\t<div class=\"elementor-element elementor-element-7ee2d1e elementor-widget elementor-widget-heading\" data-id=\"7ee2d1e\" data-element_type=\"widget\" data-e-type=\"widget\" data-widget_type=\"heading.default\">\n\t\t\t\t<div class=\"elementor-widget-container\">\n\t\t\t\t\t<h2 class=\"elementor-heading-title elementor-size-default\">Politikalar\u0131m\u0131z<\/h2>\t\t\t\t<\/div>\n\t\t\t\t<\/div>\n\t\t\t\t<div class=\"elementor-element elementor-element-1ef9856 elementor-widget elementor-widget-heading\" data-id=\"1ef9856\" data-element_type=\"widget\" data-e-type=\"widget\" data-widget_type=\"heading.default\">\n\t\t\t\t<div class=\"elementor-widget-container\">\n\t\t\t\t\t<span class=\"elementor-heading-title elementor-size-default\">Yat\u0131r\u0131mc\u0131 \u0130li\u015fkileri<\/span>\t\t\t\t<\/div>\n\t\t\t\t<\/div>\n\t\t\t\t\t<\/div>\n\t\t\t\t<\/div>\n\t\t<div class=\"elementor-element elementor-element-060242c e-con-full e-flex e-con e-child\" data-id=\"060242c\" data-element_type=\"container\" data-e-type=\"container\">\n\t\t\t\t<\/div>\n\t\t\t\t\t<\/div>\n\t\t\t\t<\/div>\n\t\t<div class=\"elementor-element elementor-element-7c689cc e-flex e-con-boxed e-con e-parent\" data-id=\"7c689cc\" data-element_type=\"container\" data-e-type=\"container\">\n\t\t\t\t\t<div class=\"e-con-inner\">\n\t\t\t\t<div class=\"elementor-element elementor-element-886699c dce-align-left elementor-widget elementor-widget-dce-dynamicposts-v2\" data-id=\"886699c\" data-element_type=\"widget\" data-e-type=\"widget\" data-widget_type=\"dce-dynamicposts-v2.table\">\n\t\t\t\t<div class=\"elementor-widget-container\">\n\t\t\t\t\t\n\t\t<table class=\"dce-fix-background-loop dce-posts-container dce-posts\">\n\n\t\t\n\t\t<tr class=\"post-6556 post type-post status-publish format-standard hentry category-politikalarimiz dce-post dce-post-item dce-item-table\" data-dce-post-id=\"6556\" data-dce-post-index=\"0\">\n\t\t<td class=\"dce-item dce-item_title elementor-repeater-item-b1b19b5\"><span class=\"dce-post-title\">\u00dccretlendirme Politikas\u0131<\/span><\/td><td class=\"dce-item dce-item_custommeta elementor-repeater-item-e9a8f5c\"><div class=\"dce-post-custommeta\"><div class=\"dce-meta-item dce-meta-e9a8f5c dce-meta-button elementor-repeater-item-e9a8f5c\"><a href=\"https:\/\/www.onur.net\/wp-content\/uploads\/Ucretlendirme-Politikasi.pdf\" role=\"button\" target=\"yes\" class=\"elementor-button-link elementor-button dce-button elementor-size-sm\">G\u00f6r\u00fcnt\u00fcle  <\/a><\/div><\/div><\/td>\t\t<\/tr>\n\t\t\n\t\t<tr class=\"post-6551 post type-post status-publish format-standard hentry category-politikalarimiz dce-post dce-post-item dce-item-table\" data-dce-post-id=\"6551\" data-dce-post-index=\"1\">\n\t\t<td class=\"dce-item dce-item_title elementor-repeater-item-b1b19b5\"><span class=\"dce-post-title\">Bilgilendirme Politikas\u0131<\/span><\/td><td class=\"dce-item dce-item_custommeta elementor-repeater-item-e9a8f5c\"><div class=\"dce-post-custommeta dce-post-custommeta\"><div class=\"dce-meta-item dce-meta-e9a8f5c dce-meta-button elementor-repeater-item-e9a8f5c\"><a href=\"https:\/\/www.onur.net\/wp-content\/uploads\/Bilgilendirme-Politikasi.pdf\" role=\"button\" target=\"yes\" class=\"elementor-button-link elementor-button dce-button elementor-size-sm\">G\u00f6r\u00fcnt\u00fcle  <\/a><\/div><\/div><\/td>\t\t<\/tr>\n\t\t\n\t\t<tr class=\"post-6535 post type-post status-publish format-standard hentry category-politikalarimiz dce-post dce-post-item dce-item-table\" data-dce-post-id=\"6535\" data-dce-post-index=\"2\">\n\t\t<td class=\"dce-item dce-item_title elementor-repeater-item-b1b19b5\"><span class=\"dce-post-title\">Kar Da\u011f\u0131t\u0131m Politikas\u0131<\/span><\/td><td class=\"dce-item dce-item_custommeta elementor-repeater-item-e9a8f5c\"><div class=\"dce-post-custommeta dce-post-custommeta dce-post-custommeta\"><div class=\"dce-meta-item dce-meta-e9a8f5c dce-meta-button elementor-repeater-item-e9a8f5c\"><a href=\"https:\/\/www.onur.net\/wp-content\/uploads\/Kar-Dagitim-Politikasi.pdf\" role=\"button\" target=\"yes\" class=\"elementor-button-link elementor-button dce-button elementor-size-sm\">G\u00f6r\u00fcnt\u00fcle  <\/a><\/div><\/div><\/td>\t\t<\/tr>\n\t\t\n\t\t<tr class=\"post-6519 post type-post status-publish format-standard hentry category-politikalarimiz dce-post dce-post-item dce-item-table\" data-dce-post-id=\"6519\" data-dce-post-index=\"3\">\n\t\t<td class=\"dce-item dce-item_title elementor-repeater-item-b1b19b5\"><span class=\"dce-post-title\">Ba\u011f\u0131\u015f ve Yard\u0131m Politikas\u0131<\/span><\/td><td class=\"dce-item dce-item_custommeta elementor-repeater-item-e9a8f5c\"><div class=\"dce-post-custommeta dce-post-custommeta dce-post-custommeta dce-post-custommeta\"><div class=\"dce-meta-item dce-meta-e9a8f5c dce-meta-button elementor-repeater-item-e9a8f5c\"><a href=\"https:\/\/www.onur.net\/wp-content\/uploads\/Bagis-ve-Yardim-Politikasi.pdf\" role=\"button\" target=\"yes\" class=\"elementor-button-link elementor-button dce-button elementor-size-sm\">G\u00f6r\u00fcnt\u00fcle  <\/a><\/div><\/div><\/td>\t\t<\/tr>\n\t\t\t\n\t\t<\/table>\n\n\t\t\t\t\t\t<\/div>\n\t\t\t\t<\/div>\n\t\t\t\t\t<\/div>\n\t\t\t\t<\/div>\n\t\t\t\t<\/div>\n\t\t","protected":false},"excerpt":{"rendered":"<p>Politikalar\u0131m\u0131z Yat\u0131r\u0131mc\u0131 \u0130li\u015fkileri G\u00fcncelleniyor..<\/p>\n","protected":false},"author":1,"featured_media":0,"parent":4349,"menu_order":0,"comment_status":"closed","ping_status":"closed","template":"","meta":{"_acf_changed":false,"footnotes":""},"class_list":["post-6500","page","type-page","status-publish","hentry"],"acf":[],"yoast_head":"<!-- This site is optimized with the Yoast SEO Premium plugin v27.3 (Yoast SEO v27.3) - https:\/\/yoast.com\/product\/yoast-seo-premium-wordpress\/ -->\n<title>Politikalar\u0131m\u0131z - Onur Y\u00fcksek Teknoloji<\/title>\n<meta name=\"robots\" content=\"index, follow, max-snippet:-1, max-image-preview:large, max-video-preview:-1\" \/>\n<link rel=\"canonical\" href=\"https:\/\/www.onur.net\/tr\/yatirimci-iliskileri\/politikalarimiz\/\" \/>\n<meta property=\"og:locale\" content=\"tr_TR\" \/>\n<meta property=\"og:type\" content=\"article\" \/>\n<meta property=\"og:title\" content=\"Politikalar\u0131m\u0131z\" \/>\n<meta property=\"og:description\" content=\"Politikalar\u0131m\u0131z Yat\u0131r\u0131mc\u0131 \u0130li\u015fkileri G\u00fcncelleniyor..\" \/>\n<meta property=\"og:url\" content=\"https:\/\/www.onur.net\/tr\/yatirimci-iliskileri\/politikalarimiz\/\" \/>\n<meta property=\"og:site_name\" content=\"Onur Y\u00fcksek Teknoloji\" \/>\n<meta property=\"article:modified_time\" content=\"2025-06-23T12:36:32+00:00\" \/>\n<meta property=\"og:image\" content=\"https:\/\/www.onur.net\/wp-content\/uploads\/Screenshot_1-2.png\" \/>\n\t<meta property=\"og:image:width\" content=\"1894\" \/>\n\t<meta property=\"og:image:height\" content=\"917\" \/>\n\t<meta property=\"og:image:type\" content=\"image\/png\" \/>\n<meta name=\"twitter:card\" content=\"summary_large_image\" \/>\n<meta name=\"twitter:label1\" content=\"Tahmini okuma s\u00fcresi\" \/>\n\t<meta name=\"twitter:data1\" content=\"1 dakika\" \/>\n<script type=\"application\/ld+json\" class=\"yoast-schema-graph\">{\"@context\":\"https:\\\/\\\/schema.org\",\"@graph\":[{\"@type\":\"WebPage\",\"@id\":\"https:\\\/\\\/www.onur.net\\\/yatirimci-iliskileri\\\/politikalarimiz\\\/\",\"url\":\"https:\\\/\\\/www.onur.net\\\/yatirimci-iliskileri\\\/politikalarimiz\\\/\",\"name\":\"Politikalar\u0131m\u0131z - Onur Y\u00fcksek Teknoloji\",\"isPartOf\":{\"@id\":\"https:\\\/\\\/www.onur.net\\\/tr\\\/#website\"},\"datePublished\":\"2025-06-23T12:10:09+00:00\",\"dateModified\":\"2025-06-23T12:36:32+00:00\",\"breadcrumb\":{\"@id\":\"https:\\\/\\\/www.onur.net\\\/yatirimci-iliskileri\\\/politikalarimiz\\\/#breadcrumb\"},\"inLanguage\":\"tr\",\"potentialAction\":[{\"@type\":\"ReadAction\",\"target\":[\"https:\\\/\\\/www.onur.net\\\/yatirimci-iliskileri\\\/politikalarimiz\\\/\"]}]},{\"@type\":\"BreadcrumbList\",\"@id\":\"https:\\\/\\\/www.onur.net\\\/yatirimci-iliskileri\\\/politikalarimiz\\\/#breadcrumb\",\"itemListElement\":[{\"@type\":\"ListItem\",\"position\":1,\"name\":\"Home\",\"item\":\"https:\\\/\\\/www.onur.net\\\/tr\\\/\"},{\"@type\":\"ListItem\",\"position\":2,\"name\":\"YATIRIMCI \u0130L\u0130\u015eK\u0130LER\u0130\",\"item\":\"https:\\\/\\\/www.onur.net\\\/yatirimci-iliskileri\\\/\"},{\"@type\":\"ListItem\",\"position\":3,\"name\":\"Politikalar\u0131m\u0131z\"}]},{\"@type\":\"WebSite\",\"@id\":\"https:\\\/\\\/www.onur.net\\\/tr\\\/#website\",\"url\":\"https:\\\/\\\/www.onur.net\\\/tr\\\/\",\"name\":\"Onur Y\u00fcksek Teknoloji\",\"description\":\"Onur Y\u00fcksek Teknoloji\",\"publisher\":{\"@id\":\"https:\\\/\\\/www.onur.net\\\/tr\\\/#organization\"},\"alternateName\":\"Onur Y\u00fcksek Teknoloji\",\"potentialAction\":[{\"@type\":\"SearchAction\",\"target\":{\"@type\":\"EntryPoint\",\"urlTemplate\":\"https:\\\/\\\/www.onur.net\\\/tr\\\/?s={search_term_string}\"},\"query-input\":{\"@type\":\"PropertyValueSpecification\",\"valueRequired\":true,\"valueName\":\"search_term_string\"}}],\"inLanguage\":\"tr\"},{\"@type\":\"Organization\",\"@id\":\"https:\\\/\\\/www.onur.net\\\/tr\\\/#organization\",\"name\":\"Onur Y\u00fcksek Teknoloji\",\"alternateName\":\"Onur Y\u00fcksek Teknoloji\",\"url\":\"https:\\\/\\\/www.onur.net\\\/tr\\\/\",\"logo\":{\"@type\":\"ImageObject\",\"inLanguage\":\"tr\",\"@id\":\"https:\\\/\\\/www.onur.net\\\/tr\\\/#\\\/schema\\\/logo\\\/image\\\/\",\"url\":\"https:\\\/\\\/www.onur.net\\\/wp-content\\\/uploads\\\/2024\\\/01\\\/Asset-1-1.svg\",\"contentUrl\":\"https:\\\/\\\/www.onur.net\\\/wp-content\\\/uploads\\\/2024\\\/01\\\/Asset-1-1.svg\",\"width\":200,\"height\":130,\"caption\":\"Onur Y\u00fcksek Teknoloji\"},\"image\":{\"@id\":\"https:\\\/\\\/www.onur.net\\\/tr\\\/#\\\/schema\\\/logo\\\/image\\\/\"},\"sameAs\":[\"https:\\\/\\\/www.linkedin.com\\\/company\\\/onur-a-\\\/mycompany\\\/\"],\"description\":\"ONUR Y\u00dcKSEK TEKNOLOJ\u0130 A.\u015e. (OYT), 1980 y\u0131l\u0131nda sivil ve askeri haberle\u015fme uygulamalar\u0131na y\u00f6nelik m\u00fchendislik hizmetleri vermek \u00fczere kurulmu\u015ftur. Kuruldu\u011fu y\u0131llarda T\u00fcrk Silahl\u0131 Kuvvetleri ve NATO\u2019nun ileti\u015fim ihtiya\u00e7lar\u0131na y\u00f6nelik haberle\u015fme sistemlerinin tedariki ve entegrasyonlar\u0131n\u0131 ger\u00e7ekle\u015fen OYT, ilerleyen y\u0131llarda bu alandaki uzmanl\u0131\u011f\u0131n\u0131 daha da art\u0131rm\u0131\u015ft\u0131r. Hayata ge\u00e7irilen projelerden kazan\u0131lan m\u00fchendislik altyap\u0131s\u0131 sayesinde OYT, 1990\u2019l\u0131 y\u0131llardan itibaren hem sivil hem savunma sanayii projelerinde uluslararas\u0131 firmalar\u0131n i\u015f orta\u011f\u0131 olarak yer almaya ba\u015flam\u0131\u015ft\u0131r. Bu s\u00fcre\u00e7te \u015firketimiz, deniz trafi\u011fini izleme ve kontrol sistemleri, meteorolojik radar sistemleri ve gemi seyir radar sistemlerinin dahil oldu\u011fu pek \u00e7ok entegrasyon projesine imza atm\u0131\u015ft\u0131r. OYT, y\u0131llar i\u00e7inde haberle\u015fme sistemleri konusunda artan alan uzmanl\u0131\u011f\u0131 sayesinde, yeni nesil IP tabanl\u0131 ses haberle\u015fme sistemleri geli\u015ftirilmesine ili\u015fkin AR-GE \u00e7al\u0131\u015fmalar\u0131 ba\u015flatm\u0131\u015ft\u0131r. T\u00dcB\u0130TAK taraf\u0131ndan da desteklenen bu \u00e7al\u0131\u015fmalar neticesinde, 2010\u2019lu y\u0131llar\u0131n ba\u015f\u0131ndan itibaren \u00f6zellikle telsiz sistemleri entegrasyonu ve IP tabanl\u0131 a\u011f teknolojileri kapsam\u0131nda d\u00fcnyada \u00e7ok az firmada bulunan yedekli ve ger\u00e7ek zamanl\u0131 ses ve veri haberle\u015fme sistemleri tasar\u0131m\u0131 konusunda uzmanl\u0131\u011f\u0131n\u0131 art\u0131ran \u015firketimiz, g\u00fcn\u00fcm\u00fczde d\u00f6rt k\u0131taya ihra\u00e7 edilen Ses ve Veri Haberle\u015fme Sistemlerine ili\u015fkin \u00e7e\u015fitli \u00fcr\u00fcn gruplar\u0131na sahiptir. \u0130leti\u015fim sistemlerinin \u00fcretimi yan\u0131nda OYT, uluslararas\u0131 standartlara uyumlu sivil ve askeri havac\u0131l\u0131k sistemleri entegrasyonu yapabilen say\u0131l\u0131 yerli firmalardand\u0131r. \u015eirketimiz, Avrupa sivil havac\u0131l\u0131k standartlar\u0131n\u0131n olu\u015fturuldu\u011fu Avrupa Sivil Havac\u0131l\u0131k Te\u00e7hizat\u0131 Te\u015fkilat\u0131 EUROCAE (The European Organisation for Civil Aviation Equipment) kurumunun \u00e7e\u015fitli \u00e7al\u0131\u015fma gruplar\u0131n\u0131n \u00fcyesi olman\u0131n yan\u0131 s\u0131ra, ABD Federal Havac\u0131l\u0131k \u0130daresi (FAA) ve Avrupa Seyr\u00fcsefer Emniyeti Te\u015fkilat\u0131 EUROCONTROL\u2019un (The European Organisation for the Safety of Air Navigation) \u00e7al\u0131\u015fmalar\u0131n\u0131n aktif bir kat\u0131l\u0131mc\u0131s\u0131d\u0131r. Ayr\u0131ca \u015fi\",\"email\":\"marketing@onur.net\",\"telephone\":\"+90 (312) 235 1550\",\"legalName\":\"ONUR Y\u00dcKSEK TEKNOLOJ\u0130 A.\u015e.\",\"foundingDate\":\"1980-01-01\",\"numberOfEmployees\":{\"@type\":\"QuantitativeValue\",\"minValue\":\"201\",\"maxValue\":\"500\"},\"publishingPrinciples\":\"https:\\\/\\\/www.onur.net\\\/kvkk\\\/\"}]}<\/script>\n<!-- \/ Yoast SEO Premium plugin. -->","yoast_head_json":{"title":"Politikalar\u0131m\u0131z - Onur Y\u00fcksek Teknoloji","robots":{"index":"index","follow":"follow","max-snippet":"max-snippet:-1","max-image-preview":"max-image-preview:large","max-video-preview":"max-video-preview:-1"},"canonical":"https:\/\/www.onur.net\/tr\/yatirimci-iliskileri\/politikalarimiz\/","og_locale":"tr_TR","og_type":"article","og_title":"Politikalar\u0131m\u0131z","og_description":"Politikalar\u0131m\u0131z Yat\u0131r\u0131mc\u0131 \u0130li\u015fkileri G\u00fcncelleniyor..","og_url":"https:\/\/www.onur.net\/tr\/yatirimci-iliskileri\/politikalarimiz\/","og_site_name":"Onur Y\u00fcksek Teknoloji","article_modified_time":"2025-06-23T12:36:32+00:00","og_image":[{"width":1894,"height":917,"url":"https:\/\/www.onur.net\/wp-content\/uploads\/Screenshot_1-2.png","type":"image\/png"}],"twitter_card":"summary_large_image","twitter_misc":{"Tahmini okuma s\u00fcresi":"1 dakika"},"schema":{"@context":"https:\/\/schema.org","@graph":[{"@type":"WebPage","@id":"https:\/\/www.onur.net\/yatirimci-iliskileri\/politikalarimiz\/","url":"https:\/\/www.onur.net\/yatirimci-iliskileri\/politikalarimiz\/","name":"Politikalar\u0131m\u0131z - Onur Y\u00fcksek Teknoloji","isPartOf":{"@id":"https:\/\/www.onur.net\/tr\/#website"},"datePublished":"2025-06-23T12:10:09+00:00","dateModified":"2025-06-23T12:36:32+00:00","breadcrumb":{"@id":"https:\/\/www.onur.net\/yatirimci-iliskileri\/politikalarimiz\/#breadcrumb"},"inLanguage":"tr","potentialAction":[{"@type":"ReadAction","target":["https:\/\/www.onur.net\/yatirimci-iliskileri\/politikalarimiz\/"]}]},{"@type":"BreadcrumbList","@id":"https:\/\/www.onur.net\/yatirimci-iliskileri\/politikalarimiz\/#breadcrumb","itemListElement":[{"@type":"ListItem","position":1,"name":"Home","item":"https:\/\/www.onur.net\/tr\/"},{"@type":"ListItem","position":2,"name":"YATIRIMCI \u0130L\u0130\u015eK\u0130LER\u0130","item":"https:\/\/www.onur.net\/yatirimci-iliskileri\/"},{"@type":"ListItem","position":3,"name":"Politikalar\u0131m\u0131z"}]},{"@type":"WebSite","@id":"https:\/\/www.onur.net\/tr\/#website","url":"https:\/\/www.onur.net\/tr\/","name":"Onur Y\u00fcksek Teknoloji","description":"Onur Y\u00fcksek Teknoloji","publisher":{"@id":"https:\/\/www.onur.net\/tr\/#organization"},"alternateName":"Onur Y\u00fcksek Teknoloji","potentialAction":[{"@type":"SearchAction","target":{"@type":"EntryPoint","urlTemplate":"https:\/\/www.onur.net\/tr\/?s={search_term_string}"},"query-input":{"@type":"PropertyValueSpecification","valueRequired":true,"valueName":"search_term_string"}}],"inLanguage":"tr"},{"@type":"Organization","@id":"https:\/\/www.onur.net\/tr\/#organization","name":"Onur Y\u00fcksek Teknoloji","alternateName":"Onur Y\u00fcksek Teknoloji","url":"https:\/\/www.onur.net\/tr\/","logo":{"@type":"ImageObject","inLanguage":"tr","@id":"https:\/\/www.onur.net\/tr\/#\/schema\/logo\/image\/","url":"https:\/\/www.onur.net\/wp-content\/uploads\/2024\/01\/Asset-1-1.svg","contentUrl":"https:\/\/www.onur.net\/wp-content\/uploads\/2024\/01\/Asset-1-1.svg","width":200,"height":130,"caption":"Onur Y\u00fcksek Teknoloji"},"image":{"@id":"https:\/\/www.onur.net\/tr\/#\/schema\/logo\/image\/"},"sameAs":["https:\/\/www.linkedin.com\/company\/onur-a-\/mycompany\/"],"description":"ONUR Y\u00dcKSEK TEKNOLOJ\u0130 A.\u015e. (OYT), 1980 y\u0131l\u0131nda sivil ve askeri haberle\u015fme uygulamalar\u0131na y\u00f6nelik m\u00fchendislik hizmetleri vermek \u00fczere kurulmu\u015ftur. Kuruldu\u011fu y\u0131llarda T\u00fcrk Silahl\u0131 Kuvvetleri ve NATO\u2019nun ileti\u015fim ihtiya\u00e7lar\u0131na y\u00f6nelik haberle\u015fme sistemlerinin tedariki ve entegrasyonlar\u0131n\u0131 ger\u00e7ekle\u015fen OYT, ilerleyen y\u0131llarda bu alandaki uzmanl\u0131\u011f\u0131n\u0131 daha da art\u0131rm\u0131\u015ft\u0131r. Hayata ge\u00e7irilen projelerden kazan\u0131lan m\u00fchendislik altyap\u0131s\u0131 sayesinde OYT, 1990\u2019l\u0131 y\u0131llardan itibaren hem sivil hem savunma sanayii projelerinde uluslararas\u0131 firmalar\u0131n i\u015f orta\u011f\u0131 olarak yer almaya ba\u015flam\u0131\u015ft\u0131r. Bu s\u00fcre\u00e7te \u015firketimiz, deniz trafi\u011fini izleme ve kontrol sistemleri, meteorolojik radar sistemleri ve gemi seyir radar sistemlerinin dahil oldu\u011fu pek \u00e7ok entegrasyon projesine imza atm\u0131\u015ft\u0131r. OYT, y\u0131llar i\u00e7inde haberle\u015fme sistemleri konusunda artan alan uzmanl\u0131\u011f\u0131 sayesinde, yeni nesil IP tabanl\u0131 ses haberle\u015fme sistemleri geli\u015ftirilmesine ili\u015fkin AR-GE \u00e7al\u0131\u015fmalar\u0131 ba\u015flatm\u0131\u015ft\u0131r. T\u00dcB\u0130TAK taraf\u0131ndan da desteklenen bu \u00e7al\u0131\u015fmalar neticesinde, 2010\u2019lu y\u0131llar\u0131n ba\u015f\u0131ndan itibaren \u00f6zellikle telsiz sistemleri entegrasyonu ve IP tabanl\u0131 a\u011f teknolojileri kapsam\u0131nda d\u00fcnyada \u00e7ok az firmada bulunan yedekli ve ger\u00e7ek zamanl\u0131 ses ve veri haberle\u015fme sistemleri tasar\u0131m\u0131 konusunda uzmanl\u0131\u011f\u0131n\u0131 art\u0131ran \u015firketimiz, g\u00fcn\u00fcm\u00fczde d\u00f6rt k\u0131taya ihra\u00e7 edilen Ses ve Veri Haberle\u015fme Sistemlerine ili\u015fkin \u00e7e\u015fitli \u00fcr\u00fcn gruplar\u0131na sahiptir. \u0130leti\u015fim sistemlerinin \u00fcretimi yan\u0131nda OYT, uluslararas\u0131 standartlara uyumlu sivil ve askeri havac\u0131l\u0131k sistemleri entegrasyonu yapabilen say\u0131l\u0131 yerli firmalardand\u0131r. \u015eirketimiz, Avrupa sivil havac\u0131l\u0131k standartlar\u0131n\u0131n olu\u015fturuldu\u011fu Avrupa Sivil Havac\u0131l\u0131k Te\u00e7hizat\u0131 Te\u015fkilat\u0131 EUROCAE (The European Organisation for Civil Aviation Equipment) kurumunun \u00e7e\u015fitli \u00e7al\u0131\u015fma gruplar\u0131n\u0131n \u00fcyesi olman\u0131n yan\u0131 s\u0131ra, ABD Federal Havac\u0131l\u0131k \u0130daresi (FAA) ve Avrupa Seyr\u00fcsefer Emniyeti Te\u015fkilat\u0131 EUROCONTROL\u2019un (The European Organisation for the Safety of Air Navigation) \u00e7al\u0131\u015fmalar\u0131n\u0131n aktif bir kat\u0131l\u0131mc\u0131s\u0131d\u0131r. Ayr\u0131ca \u015fi","email":"marketing@onur.net","telephone":"+90 (312) 235 1550","legalName":"ONUR Y\u00dcKSEK TEKNOLOJ\u0130 A.\u015e.","foundingDate":"1980-01-01","numberOfEmployees":{"@type":"QuantitativeValue","minValue":"201","maxValue":"500"},"publishingPrinciples":"https:\/\/www.onur.net\/kvkk\/"}]}},"_links":{"self":[{"href":"https:\/\/www.onur.net\/tr\/wp-json\/wp\/v2\/pages\/6500","targetHints":{"allow":["GET"]}}],"collection":[{"href":"https:\/\/www.onur.net\/tr\/wp-json\/wp\/v2\/pages"}],"about":[{"href":"https:\/\/www.onur.net\/tr\/wp-json\/wp\/v2\/types\/page"}],"author":[{"embeddable":true,"href":"https:\/\/www.onur.net\/tr\/wp-json\/wp\/v2\/users\/1"}],"replies":[{"embeddable":true,"href":"https:\/\/www.onur.net\/tr\/wp-json\/wp\/v2\/comments?post=6500"}],"version-history":[{"count":0,"href":"https:\/\/www.onur.net\/tr\/wp-json\/wp\/v2\/pages\/6500\/revisions"}],"up":[{"embeddable":true,"href":"https:\/\/www.onur.net\/tr\/wp-json\/wp\/v2\/pages\/4349"}],"wp:attachment":[{"href":"https:\/\/www.onur.net\/tr\/wp-json\/wp\/v2\/media?parent=6500"}],"curies":[{"name":"wp","href":"https:\/\/api.w.org\/{rel}","templated":true}]}}