{"id":2312,"date":"2024-01-10T11:03:14","date_gmt":"2024-01-10T11:03:14","guid":{"rendered":"https:\/\/www.onur.net\/?page_id=2312"},"modified":"2024-01-12T13:16:28","modified_gmt":"2024-01-12T13:16:28","slug":"mobil-hava-trafik-kontrol-kule-sistemi","status":"publish","type":"page","link":"https:\/\/www.onur.net\/tr\/havacilik-sistemleri-entegrasyonu\/mobil-hava-trafik-kontrol-kule-sistemi\/","title":{"rendered":"Mobil Hava Trafik Kontrol Kule Sistemi"},"content":{"rendered":"\t\t<div data-elementor-type=\"wp-post\" data-elementor-id=\"2312\" class=\"elementor elementor-2312\" data-elementor-post-type=\"page\">\n\t\t\t\t<div data-dce-background-color=\"#EDEDED\" class=\"elementor-element elementor-element-203bf276 e-flex e-con-boxed e-con e-parent\" data-id=\"203bf276\" data-element_type=\"container\" data-e-type=\"container\" data-settings=\"{&quot;background_background&quot;:&quot;classic&quot;}\">\n\t\t\t\t\t<div class=\"e-con-inner\">\n\t\t\t\t<div class=\"elementor-element elementor-element-74050784 elementor-widget elementor-widget-heading\" data-id=\"74050784\" data-element_type=\"widget\" data-e-type=\"widget\" data-widget_type=\"heading.default\">\n\t\t\t\t<div class=\"elementor-widget-container\">\n\t\t\t\t\t<h2 class=\"elementor-heading-title elementor-size-default\">Mobil Hava Trafik Kontrol Kule Sistemi<\/h2>\t\t\t\t<\/div>\n\t\t\t\t<\/div>\n\t\t\t\t\t<\/div>\n\t\t\t\t<\/div>\n\t\t<div data-dce-background-color=\"#FAFAFA\" class=\"elementor-element elementor-element-598b51d8 e-flex e-con-boxed e-con e-parent\" data-id=\"598b51d8\" data-element_type=\"container\" data-e-type=\"container\" data-settings=\"{&quot;background_background&quot;:&quot;classic&quot;}\">\n\t\t\t\t\t<div class=\"e-con-inner\">\n\t\t<div class=\"elementor-element elementor-element-5875c520 e-con-full e-flex e-con e-child\" data-id=\"5875c520\" data-element_type=\"container\" data-e-type=\"container\">\n\t\t\t\t<div class=\"elementor-element elementor-element-1b9ba797 elementor-widget elementor-widget-text-editor\" data-id=\"1b9ba797\" data-element_type=\"widget\" data-e-type=\"widget\" data-widget_type=\"text-editor.default\">\n\t\t\t\t<div class=\"elementor-widget-container\">\n\t\t\t\t\t\t\t\t\t<p>ONUR Mobil Hava Trafik Kontrol Kulesi, ihtiya\u00e7 duyulan yerde ve zamanda operasyonel hava trafik kontrol hizmetleri sa\u011flamak \u00fczere tasarlanm\u0131\u015ft\u0131r.<\/p><p>\u00a0<\/p><p>Sistem kendi kendine yeterli, ta\u015f\u0131nabilir ve hem sivil hem de askeri uygulamalar i\u00e7in gerekli uluslararas\u0131 hava trafik y\u00f6netimi ve kontrol standartlar\u0131yla tam uyumludur. OMT-M2000, uzak komuta gereksinimi, havaalan\u0131 modernizasyonu, askeri taktik operasyonlar, acil g\u00f6revler i\u00e7in h\u0131zl\u0131 intikal g\u00fcc\u00fc ihtiyac\u0131 dahil olmak \u00fczere geni\u015f bir kullan\u0131m yelpazesine sahip kan\u0131tlanm\u0131\u015f bir \u00e7\u00f6z\u00fcmd\u00fcr. T\u00fcm hava trafik kontrol sistemleri di\u011fer komuta ve kontrol sistemlerine entegre edilebilmektedir. Sistem, askeri ve sivil hava unsurlar\u0131 i\u00e7in t\u00fcm hava ko\u015fullar\u0131nda, gece ve g\u00fcnd\u00fcz, d\u00fcnya \u00e7ap\u0131nda hava trafik kontrol operasyonlar\u0131n\u0131n h\u0131zl\u0131 bir \u015fekilde kurulmas\u0131na ve s\u00fcrd\u00fcr\u00fclmesi sa\u011flamaktad\u0131r.<\/p><p>OMT-M2000, Hava Trafik Kontrol gereksinimleri i\u00e7in g\u00fcvenilir bir sistem olmas\u0131n\u0131n yan\u0131nda, FAA\/ICAO d\u00fczenlemeleri do\u011frultusunda en y\u00fcksek kalite ve performans standartlar\u0131yla geli\u015fmi\u015f bir ATC yedekleme \u00e7\u00f6z\u00fcm\u00fc olarak \u00f6ne \u00e7\u0131kmaktad\u0131r.<\/p><ul><li>Mobil Kule Sistemi otomasyon ve ta\u015f\u0131nabilirlik i\u00e7in tam donan\u0131ml\u0131d\u0131r.<\/li><li>Standart hava nakliye ara\u00e7lar\u0131 (C-130 Hercules nakliye u\u00e7a\u011f\u0131, CH-47 Chinook a\u011f\u0131r nakliye helikopteri vb.) veya kendi imkanlar\u0131 ile intikal kabiliyeti vard\u0131r<\/li><li>Askeri ve sivil hava trafik g\u00fcvenlik standartlar\u0131na uyumludur.<\/li><li>Sistem; hava \u2013 yer, yer \u2013yer muhaberesi i\u00e7in karasal hatlar ve aksesuarlar\u0131 dahil gerekli t\u00fcm imkanlara sahiptir.<\/li><li>\u00dczerinde bulundurdu\u011fu sistemler sayesinde g\u00fcvenilir ve kolay i\u015fletilebilir bir sistem olarak hava trafik kontrol fonksiyonlar\u0131n\u0131 yerine getirebilir.<\/li><li>Entegre bir ta\u015f\u0131y\u0131c\u0131 \u00fczerindeyken kontrol kabini kald\u0131rma mekanizmas\u0131 sayesinde y\u00fckseltilebilir.<\/li><li>Entegre jenerat\u00f6r\u00fc ile \u00e7evre sistemlere ba\u011fl\u0131 kalmadan veya di\u011fer sistemlerden al\u0131nacak elektrik ile kullan\u0131labilir.<\/li><li>Ta\u015f\u0131ma sistemi farkl\u0131 yerlerde kullan\u0131lmas\u0131na olanak sa\u011flar.<\/li><\/ul>\t\t\t\t\t\t\t\t<\/div>\n\t\t\t\t<\/div>\n\t\t\t\t<\/div>\n\t\t<div class=\"elementor-element elementor-element-7b3766f7 e-con-full e-flex e-con e-child\" data-id=\"7b3766f7\" data-element_type=\"container\" data-e-type=\"container\">\n\t\t\t\t<div class=\"elementor-element elementor-element-25bcf105 dce_masking-none elementor-widget elementor-widget-image\" data-id=\"25bcf105\" data-element_type=\"widget\" data-e-type=\"widget\" data-widget_type=\"image.default\">\n\t\t\t\t<div class=\"elementor-widget-container\">\n\t\t\t\t\t\t\t\t\t\t\t\t\t\t\t<img fetchpriority=\"high\" decoding=\"async\" width=\"800\" height=\"459\" src=\"https:\/\/www.onur.net\/wp-content\/uploads\/2024\/01\/Screenshot_1.webp\" class=\"attachment-large size-large wp-image-2941\" alt=\"\" srcset=\"https:\/\/www.onur.net\/wp-content\/uploads\/2024\/01\/Screenshot_1.webp 931w, https:\/\/www.onur.net\/wp-content\/uploads\/2024\/01\/Screenshot_1-300x172.webp 300w, https:\/\/www.onur.net\/wp-content\/uploads\/2024\/01\/Screenshot_1-768x441.webp 768w, https:\/\/www.onur.net\/wp-content\/uploads\/2024\/01\/Screenshot_1-18x10.webp 18w\" sizes=\"(max-width: 800px) 100vw, 800px\" \/>\t\t\t\t\t\t\t\t\t\t\t\t\t\t\t<\/div>\n\t\t\t\t<\/div>\n\t\t\t\t<div class=\"elementor-element elementor-element-a4a07a8 elementor-widget elementor-widget-button\" data-id=\"a4a07a8\" data-element_type=\"widget\" data-e-type=\"widget\" data-widget_type=\"button.default\">\n\t\t\t\t<div class=\"elementor-widget-container\">\n\t\t\t\t\t\t\t\t\t<div class=\"elementor-button-wrapper\">\n\t\t\t\t\t<a class=\"elementor-button elementor-button-link elementor-size-sm\" href=\"https:\/\/www.onur.net\/wp-content\/uploads\/2024\/01\/Mobile-Air-Traffic-Control-Tower-OMT-M2000-V.20.11.1.pdf\" target=\"_blank\">\n\t\t\t\t\t\t<span class=\"elementor-button-content-wrapper\">\n\t\t\t\t\t\t<span class=\"elementor-button-icon\">\n\t\t\t\t<svg aria-hidden=\"true\" class=\"e-font-icon-svg e-fas-file-download\" viewBox=\"0 0 384 512\" xmlns=\"http:\/\/www.w3.org\/2000\/svg\"><path d=\"M224 136V0H24C10.7 0 0 10.7 0 24v464c0 13.3 10.7 24 24 24h336c13.3 0 24-10.7 24-24V160H248c-13.2 0-24-10.8-24-24zm76.45 211.36l-96.42 95.7c-6.65 6.61-17.39 6.61-24.04 0l-96.42-95.7C73.42 337.29 80.54 320 94.82 320H160v-80c0-8.84 7.16-16 16-16h32c8.84 0 16 7.16 16 16v80h65.18c14.28 0 21.4 17.29 11.27 27.36zM377 105L279.1 7c-4.5-4.5-10.6-7-17-7H256v128h128v-6.1c0-6.3-2.5-12.4-7-16.9z\"><\/path><\/svg>\t\t\t<\/span>\n\t\t\t\t\t\t\t\t\t<span class=\"elementor-button-text\">Katalog<\/span>\n\t\t\t\t\t<\/span>\n\t\t\t\t\t<\/a>\n\t\t\t\t<\/div>\n\t\t\t\t\t\t\t\t<\/div>\n\t\t\t\t<\/div>\n\t\t\t\t<\/div>\n\t\t\t\t\t<\/div>\n\t\t\t\t<\/div>\n\t\t\t\t<\/div>\n\t\t","protected":false},"excerpt":{"rendered":"<p>Mobil Hava Trafik Kontrol Kule Sistemi ONUR Mobil Hava Trafik Kontrol Kulesi, ihtiya\u00e7 duyulan yerde ve zamanda operasyonel hava trafik kontrol hizmetleri sa\u011flamak \u00fczere tasarlanm\u0131\u015ft\u0131r. \u00a0 Sistem kendi kendine yeterli, ta\u015f\u0131nabilir ve hem sivil hem de askeri uygulamalar i\u00e7in gerekli uluslararas\u0131 hava trafik y\u00f6netimi ve kontrol standartlar\u0131yla tam uyumludur. OMT-M2000, uzak komuta gereksinimi, havaalan\u0131 modernizasyonu, [&hellip;]<\/p>\n","protected":false},"author":1,"featured_media":0,"parent":41,"menu_order":0,"comment_status":"closed","ping_status":"closed","template":"","meta":{"_acf_changed":false,"footnotes":""},"class_list":["post-2312","page","type-page","status-publish","hentry"],"acf":[],"yoast_head":"<!-- This site is optimized with the Yoast SEO Premium plugin v27.3 (Yoast SEO v27.3) - https:\/\/yoast.com\/product\/yoast-seo-premium-wordpress\/ -->\n<title>Mobil Hava Trafik Kontrol Kule Sistemi - Onur Y\u00fcksek Teknoloji<\/title>\n<meta name=\"robots\" content=\"index, follow, max-snippet:-1, max-image-preview:large, max-video-preview:-1\" \/>\n<link rel=\"canonical\" href=\"https:\/\/www.onur.net\/tr\/havacilik-sistemleri-entegrasyonu\/mobil-hava-trafik-kontrol-kule-sistemi\/\" \/>\n<meta property=\"og:locale\" content=\"tr_TR\" \/>\n<meta property=\"og:type\" content=\"article\" \/>\n<meta property=\"og:title\" content=\"Mobil Hava Trafik Kontrol Kule Sistemi\" \/>\n<meta property=\"og:description\" content=\"Mobil Hava Trafik Kontrol Kule Sistemi ONUR Mobil Hava Trafik Kontrol Kulesi, ihtiya\u00e7 duyulan yerde ve zamanda operasyonel hava trafik kontrol hizmetleri sa\u011flamak \u00fczere tasarlanm\u0131\u015ft\u0131r. \u00a0 Sistem kendi kendine yeterli, ta\u015f\u0131nabilir ve hem sivil hem de askeri uygulamalar i\u00e7in gerekli uluslararas\u0131 hava trafik y\u00f6netimi ve kontrol standartlar\u0131yla tam uyumludur. OMT-M2000, uzak komuta gereksinimi, havaalan\u0131 modernizasyonu, [&hellip;]\" \/>\n<meta property=\"og:url\" content=\"https:\/\/www.onur.net\/tr\/havacilik-sistemleri-entegrasyonu\/mobil-hava-trafik-kontrol-kule-sistemi\/\" \/>\n<meta property=\"og:site_name\" content=\"Onur Y\u00fcksek Teknoloji\" \/>\n<meta property=\"article:modified_time\" content=\"2024-01-12T13:16:28+00:00\" \/>\n<meta property=\"og:image\" content=\"https:\/\/www.onur.net\/wp-content\/uploads\/2024\/01\/Screenshot_1.webp\" \/>\n<meta name=\"twitter:card\" content=\"summary_large_image\" \/>\n<meta name=\"twitter:label1\" content=\"Tahmini okuma s\u00fcresi\" \/>\n\t<meta name=\"twitter:data1\" content=\"2 dakika\" \/>\n<script type=\"application\/ld+json\" class=\"yoast-schema-graph\">{\"@context\":\"https:\\\/\\\/schema.org\",\"@graph\":[{\"@type\":\"WebPage\",\"@id\":\"https:\\\/\\\/www.onur.net\\\/havacilik-sistemleri-entegrasyonu\\\/mobil-hava-trafik-kontrol-kule-sistemi\\\/\",\"url\":\"https:\\\/\\\/www.onur.net\\\/havacilik-sistemleri-entegrasyonu\\\/mobil-hava-trafik-kontrol-kule-sistemi\\\/\",\"name\":\"Mobil Hava Trafik Kontrol Kule Sistemi - Onur Y\u00fcksek Teknoloji\",\"isPartOf\":{\"@id\":\"https:\\\/\\\/www.onur.net\\\/tr\\\/#website\"},\"primaryImageOfPage\":{\"@id\":\"https:\\\/\\\/www.onur.net\\\/havacilik-sistemleri-entegrasyonu\\\/mobil-hava-trafik-kontrol-kule-sistemi\\\/#primaryimage\"},\"image\":{\"@id\":\"https:\\\/\\\/www.onur.net\\\/havacilik-sistemleri-entegrasyonu\\\/mobil-hava-trafik-kontrol-kule-sistemi\\\/#primaryimage\"},\"thumbnailUrl\":\"https:\\\/\\\/www.onur.net\\\/wp-content\\\/uploads\\\/2024\\\/01\\\/Screenshot_1.webp\",\"datePublished\":\"2024-01-10T11:03:14+00:00\",\"dateModified\":\"2024-01-12T13:16:28+00:00\",\"breadcrumb\":{\"@id\":\"https:\\\/\\\/www.onur.net\\\/havacilik-sistemleri-entegrasyonu\\\/mobil-hava-trafik-kontrol-kule-sistemi\\\/#breadcrumb\"},\"inLanguage\":\"tr\",\"potentialAction\":[{\"@type\":\"ReadAction\",\"target\":[\"https:\\\/\\\/www.onur.net\\\/havacilik-sistemleri-entegrasyonu\\\/mobil-hava-trafik-kontrol-kule-sistemi\\\/\"]}]},{\"@type\":\"ImageObject\",\"inLanguage\":\"tr\",\"@id\":\"https:\\\/\\\/www.onur.net\\\/havacilik-sistemleri-entegrasyonu\\\/mobil-hava-trafik-kontrol-kule-sistemi\\\/#primaryimage\",\"url\":\"https:\\\/\\\/www.onur.net\\\/wp-content\\\/uploads\\\/2024\\\/01\\\/Screenshot_1.webp\",\"contentUrl\":\"https:\\\/\\\/www.onur.net\\\/wp-content\\\/uploads\\\/2024\\\/01\\\/Screenshot_1.webp\"},{\"@type\":\"BreadcrumbList\",\"@id\":\"https:\\\/\\\/www.onur.net\\\/havacilik-sistemleri-entegrasyonu\\\/mobil-hava-trafik-kontrol-kule-sistemi\\\/#breadcrumb\",\"itemListElement\":[{\"@type\":\"ListItem\",\"position\":1,\"name\":\"Home\",\"item\":\"https:\\\/\\\/www.onur.net\\\/tr\\\/\"},{\"@type\":\"ListItem\",\"position\":2,\"name\":\"Havac\u0131l\u0131k Sistemleri Entegrasyonu\",\"item\":\"https:\\\/\\\/www.onur.net\\\/havacilik-sistemleri-entegrasyonu\\\/\"},{\"@type\":\"ListItem\",\"position\":3,\"name\":\"Mobil Hava Trafik Kontrol Kule Sistemi\"}]},{\"@type\":\"WebSite\",\"@id\":\"https:\\\/\\\/www.onur.net\\\/tr\\\/#website\",\"url\":\"https:\\\/\\\/www.onur.net\\\/tr\\\/\",\"name\":\"Onur Y\u00fcksek Teknoloji\",\"description\":\"Onur Y\u00fcksek Teknoloji\",\"publisher\":{\"@id\":\"https:\\\/\\\/www.onur.net\\\/tr\\\/#organization\"},\"alternateName\":\"Onur Y\u00fcksek Teknoloji\",\"potentialAction\":[{\"@type\":\"SearchAction\",\"target\":{\"@type\":\"EntryPoint\",\"urlTemplate\":\"https:\\\/\\\/www.onur.net\\\/tr\\\/?s={search_term_string}\"},\"query-input\":{\"@type\":\"PropertyValueSpecification\",\"valueRequired\":true,\"valueName\":\"search_term_string\"}}],\"inLanguage\":\"tr\"},{\"@type\":\"Organization\",\"@id\":\"https:\\\/\\\/www.onur.net\\\/tr\\\/#organization\",\"name\":\"Onur Y\u00fcksek Teknoloji\",\"alternateName\":\"Onur Y\u00fcksek Teknoloji\",\"url\":\"https:\\\/\\\/www.onur.net\\\/tr\\\/\",\"logo\":{\"@type\":\"ImageObject\",\"inLanguage\":\"tr\",\"@id\":\"https:\\\/\\\/www.onur.net\\\/tr\\\/#\\\/schema\\\/logo\\\/image\\\/\",\"url\":\"https:\\\/\\\/www.onur.net\\\/wp-content\\\/uploads\\\/2024\\\/01\\\/Asset-1-1.svg\",\"contentUrl\":\"https:\\\/\\\/www.onur.net\\\/wp-content\\\/uploads\\\/2024\\\/01\\\/Asset-1-1.svg\",\"width\":200,\"height\":130,\"caption\":\"Onur Y\u00fcksek Teknoloji\"},\"image\":{\"@id\":\"https:\\\/\\\/www.onur.net\\\/tr\\\/#\\\/schema\\\/logo\\\/image\\\/\"},\"sameAs\":[\"https:\\\/\\\/www.linkedin.com\\\/company\\\/onur-a-\\\/mycompany\\\/\"],\"description\":\"ONUR Y\u00dcKSEK TEKNOLOJ\u0130 A.\u015e. (OYT), 1980 y\u0131l\u0131nda sivil ve askeri haberle\u015fme uygulamalar\u0131na y\u00f6nelik m\u00fchendislik hizmetleri vermek \u00fczere kurulmu\u015ftur. Kuruldu\u011fu y\u0131llarda T\u00fcrk Silahl\u0131 Kuvvetleri ve NATO\u2019nun ileti\u015fim ihtiya\u00e7lar\u0131na y\u00f6nelik haberle\u015fme sistemlerinin tedariki ve entegrasyonlar\u0131n\u0131 ger\u00e7ekle\u015fen OYT, ilerleyen y\u0131llarda bu alandaki uzmanl\u0131\u011f\u0131n\u0131 daha da art\u0131rm\u0131\u015ft\u0131r. Hayata ge\u00e7irilen projelerden kazan\u0131lan m\u00fchendislik altyap\u0131s\u0131 sayesinde OYT, 1990\u2019l\u0131 y\u0131llardan itibaren hem sivil hem savunma sanayii projelerinde uluslararas\u0131 firmalar\u0131n i\u015f orta\u011f\u0131 olarak yer almaya ba\u015flam\u0131\u015ft\u0131r. Bu s\u00fcre\u00e7te \u015firketimiz, deniz trafi\u011fini izleme ve kontrol sistemleri, meteorolojik radar sistemleri ve gemi seyir radar sistemlerinin dahil oldu\u011fu pek \u00e7ok entegrasyon projesine imza atm\u0131\u015ft\u0131r. OYT, y\u0131llar i\u00e7inde haberle\u015fme sistemleri konusunda artan alan uzmanl\u0131\u011f\u0131 sayesinde, yeni nesil IP tabanl\u0131 ses haberle\u015fme sistemleri geli\u015ftirilmesine ili\u015fkin AR-GE \u00e7al\u0131\u015fmalar\u0131 ba\u015flatm\u0131\u015ft\u0131r. T\u00dcB\u0130TAK taraf\u0131ndan da desteklenen bu \u00e7al\u0131\u015fmalar neticesinde, 2010\u2019lu y\u0131llar\u0131n ba\u015f\u0131ndan itibaren \u00f6zellikle telsiz sistemleri entegrasyonu ve IP tabanl\u0131 a\u011f teknolojileri kapsam\u0131nda d\u00fcnyada \u00e7ok az firmada bulunan yedekli ve ger\u00e7ek zamanl\u0131 ses ve veri haberle\u015fme sistemleri tasar\u0131m\u0131 konusunda uzmanl\u0131\u011f\u0131n\u0131 art\u0131ran \u015firketimiz, g\u00fcn\u00fcm\u00fczde d\u00f6rt k\u0131taya ihra\u00e7 edilen Ses ve Veri Haberle\u015fme Sistemlerine ili\u015fkin \u00e7e\u015fitli \u00fcr\u00fcn gruplar\u0131na sahiptir. \u0130leti\u015fim sistemlerinin \u00fcretimi yan\u0131nda OYT, uluslararas\u0131 standartlara uyumlu sivil ve askeri havac\u0131l\u0131k sistemleri entegrasyonu yapabilen say\u0131l\u0131 yerli firmalardand\u0131r. \u015eirketimiz, Avrupa sivil havac\u0131l\u0131k standartlar\u0131n\u0131n olu\u015fturuldu\u011fu Avrupa Sivil Havac\u0131l\u0131k Te\u00e7hizat\u0131 Te\u015fkilat\u0131 EUROCAE (The European Organisation for Civil Aviation Equipment) kurumunun \u00e7e\u015fitli \u00e7al\u0131\u015fma gruplar\u0131n\u0131n \u00fcyesi olman\u0131n yan\u0131 s\u0131ra, ABD Federal Havac\u0131l\u0131k \u0130daresi (FAA) ve Avrupa Seyr\u00fcsefer Emniyeti Te\u015fkilat\u0131 EUROCONTROL\u2019un (The European Organisation for the Safety of Air Navigation) \u00e7al\u0131\u015fmalar\u0131n\u0131n aktif bir kat\u0131l\u0131mc\u0131s\u0131d\u0131r. Ayr\u0131ca \u015fi\",\"email\":\"marketing@onur.net\",\"telephone\":\"+90 (312) 235 1550\",\"legalName\":\"ONUR Y\u00dcKSEK TEKNOLOJ\u0130 A.\u015e.\",\"foundingDate\":\"1980-01-01\",\"numberOfEmployees\":{\"@type\":\"QuantitativeValue\",\"minValue\":\"201\",\"maxValue\":\"500\"},\"publishingPrinciples\":\"https:\\\/\\\/www.onur.net\\\/kvkk\\\/\"}]}<\/script>\n<!-- \/ Yoast SEO Premium plugin. -->","yoast_head_json":{"title":"Mobil Hava Trafik Kontrol Kule Sistemi - Onur Y\u00fcksek Teknoloji","robots":{"index":"index","follow":"follow","max-snippet":"max-snippet:-1","max-image-preview":"max-image-preview:large","max-video-preview":"max-video-preview:-1"},"canonical":"https:\/\/www.onur.net\/tr\/havacilik-sistemleri-entegrasyonu\/mobil-hava-trafik-kontrol-kule-sistemi\/","og_locale":"tr_TR","og_type":"article","og_title":"Mobil Hava Trafik Kontrol Kule Sistemi","og_description":"Mobil Hava Trafik Kontrol Kule Sistemi ONUR Mobil Hava Trafik Kontrol Kulesi, ihtiya\u00e7 duyulan yerde ve zamanda operasyonel hava trafik kontrol hizmetleri sa\u011flamak \u00fczere tasarlanm\u0131\u015ft\u0131r. \u00a0 Sistem kendi kendine yeterli, ta\u015f\u0131nabilir ve hem sivil hem de askeri uygulamalar i\u00e7in gerekli uluslararas\u0131 hava trafik y\u00f6netimi ve kontrol standartlar\u0131yla tam uyumludur. OMT-M2000, uzak komuta gereksinimi, havaalan\u0131 modernizasyonu, [&hellip;]","og_url":"https:\/\/www.onur.net\/tr\/havacilik-sistemleri-entegrasyonu\/mobil-hava-trafik-kontrol-kule-sistemi\/","og_site_name":"Onur Y\u00fcksek Teknoloji","article_modified_time":"2024-01-12T13:16:28+00:00","og_image":[{"url":"https:\/\/www.onur.net\/wp-content\/uploads\/2024\/01\/Screenshot_1.webp","type":"","width":"","height":""}],"twitter_card":"summary_large_image","twitter_misc":{"Tahmini okuma s\u00fcresi":"2 dakika"},"schema":{"@context":"https:\/\/schema.org","@graph":[{"@type":"WebPage","@id":"https:\/\/www.onur.net\/havacilik-sistemleri-entegrasyonu\/mobil-hava-trafik-kontrol-kule-sistemi\/","url":"https:\/\/www.onur.net\/havacilik-sistemleri-entegrasyonu\/mobil-hava-trafik-kontrol-kule-sistemi\/","name":"Mobil Hava Trafik Kontrol Kule Sistemi - Onur Y\u00fcksek Teknoloji","isPartOf":{"@id":"https:\/\/www.onur.net\/tr\/#website"},"primaryImageOfPage":{"@id":"https:\/\/www.onur.net\/havacilik-sistemleri-entegrasyonu\/mobil-hava-trafik-kontrol-kule-sistemi\/#primaryimage"},"image":{"@id":"https:\/\/www.onur.net\/havacilik-sistemleri-entegrasyonu\/mobil-hava-trafik-kontrol-kule-sistemi\/#primaryimage"},"thumbnailUrl":"https:\/\/www.onur.net\/wp-content\/uploads\/2024\/01\/Screenshot_1.webp","datePublished":"2024-01-10T11:03:14+00:00","dateModified":"2024-01-12T13:16:28+00:00","breadcrumb":{"@id":"https:\/\/www.onur.net\/havacilik-sistemleri-entegrasyonu\/mobil-hava-trafik-kontrol-kule-sistemi\/#breadcrumb"},"inLanguage":"tr","potentialAction":[{"@type":"ReadAction","target":["https:\/\/www.onur.net\/havacilik-sistemleri-entegrasyonu\/mobil-hava-trafik-kontrol-kule-sistemi\/"]}]},{"@type":"ImageObject","inLanguage":"tr","@id":"https:\/\/www.onur.net\/havacilik-sistemleri-entegrasyonu\/mobil-hava-trafik-kontrol-kule-sistemi\/#primaryimage","url":"https:\/\/www.onur.net\/wp-content\/uploads\/2024\/01\/Screenshot_1.webp","contentUrl":"https:\/\/www.onur.net\/wp-content\/uploads\/2024\/01\/Screenshot_1.webp"},{"@type":"BreadcrumbList","@id":"https:\/\/www.onur.net\/havacilik-sistemleri-entegrasyonu\/mobil-hava-trafik-kontrol-kule-sistemi\/#breadcrumb","itemListElement":[{"@type":"ListItem","position":1,"name":"Home","item":"https:\/\/www.onur.net\/tr\/"},{"@type":"ListItem","position":2,"name":"Havac\u0131l\u0131k Sistemleri Entegrasyonu","item":"https:\/\/www.onur.net\/havacilik-sistemleri-entegrasyonu\/"},{"@type":"ListItem","position":3,"name":"Mobil Hava Trafik Kontrol Kule Sistemi"}]},{"@type":"WebSite","@id":"https:\/\/www.onur.net\/tr\/#website","url":"https:\/\/www.onur.net\/tr\/","name":"Onur Y\u00fcksek Teknoloji","description":"Onur Y\u00fcksek Teknoloji","publisher":{"@id":"https:\/\/www.onur.net\/tr\/#organization"},"alternateName":"Onur Y\u00fcksek Teknoloji","potentialAction":[{"@type":"SearchAction","target":{"@type":"EntryPoint","urlTemplate":"https:\/\/www.onur.net\/tr\/?s={search_term_string}"},"query-input":{"@type":"PropertyValueSpecification","valueRequired":true,"valueName":"search_term_string"}}],"inLanguage":"tr"},{"@type":"Organization","@id":"https:\/\/www.onur.net\/tr\/#organization","name":"Onur Y\u00fcksek Teknoloji","alternateName":"Onur Y\u00fcksek Teknoloji","url":"https:\/\/www.onur.net\/tr\/","logo":{"@type":"ImageObject","inLanguage":"tr","@id":"https:\/\/www.onur.net\/tr\/#\/schema\/logo\/image\/","url":"https:\/\/www.onur.net\/wp-content\/uploads\/2024\/01\/Asset-1-1.svg","contentUrl":"https:\/\/www.onur.net\/wp-content\/uploads\/2024\/01\/Asset-1-1.svg","width":200,"height":130,"caption":"Onur Y\u00fcksek Teknoloji"},"image":{"@id":"https:\/\/www.onur.net\/tr\/#\/schema\/logo\/image\/"},"sameAs":["https:\/\/www.linkedin.com\/company\/onur-a-\/mycompany\/"],"description":"ONUR Y\u00dcKSEK TEKNOLOJ\u0130 A.\u015e. (OYT), 1980 y\u0131l\u0131nda sivil ve askeri haberle\u015fme uygulamalar\u0131na y\u00f6nelik m\u00fchendislik hizmetleri vermek \u00fczere kurulmu\u015ftur. Kuruldu\u011fu y\u0131llarda T\u00fcrk Silahl\u0131 Kuvvetleri ve NATO\u2019nun ileti\u015fim ihtiya\u00e7lar\u0131na y\u00f6nelik haberle\u015fme sistemlerinin tedariki ve entegrasyonlar\u0131n\u0131 ger\u00e7ekle\u015fen OYT, ilerleyen y\u0131llarda bu alandaki uzmanl\u0131\u011f\u0131n\u0131 daha da art\u0131rm\u0131\u015ft\u0131r. Hayata ge\u00e7irilen projelerden kazan\u0131lan m\u00fchendislik altyap\u0131s\u0131 sayesinde OYT, 1990\u2019l\u0131 y\u0131llardan itibaren hem sivil hem savunma sanayii projelerinde uluslararas\u0131 firmalar\u0131n i\u015f orta\u011f\u0131 olarak yer almaya ba\u015flam\u0131\u015ft\u0131r. Bu s\u00fcre\u00e7te \u015firketimiz, deniz trafi\u011fini izleme ve kontrol sistemleri, meteorolojik radar sistemleri ve gemi seyir radar sistemlerinin dahil oldu\u011fu pek \u00e7ok entegrasyon projesine imza atm\u0131\u015ft\u0131r. OYT, y\u0131llar i\u00e7inde haberle\u015fme sistemleri konusunda artan alan uzmanl\u0131\u011f\u0131 sayesinde, yeni nesil IP tabanl\u0131 ses haberle\u015fme sistemleri geli\u015ftirilmesine ili\u015fkin AR-GE \u00e7al\u0131\u015fmalar\u0131 ba\u015flatm\u0131\u015ft\u0131r. T\u00dcB\u0130TAK taraf\u0131ndan da desteklenen bu \u00e7al\u0131\u015fmalar neticesinde, 2010\u2019lu y\u0131llar\u0131n ba\u015f\u0131ndan itibaren \u00f6zellikle telsiz sistemleri entegrasyonu ve IP tabanl\u0131 a\u011f teknolojileri kapsam\u0131nda d\u00fcnyada \u00e7ok az firmada bulunan yedekli ve ger\u00e7ek zamanl\u0131 ses ve veri haberle\u015fme sistemleri tasar\u0131m\u0131 konusunda uzmanl\u0131\u011f\u0131n\u0131 art\u0131ran \u015firketimiz, g\u00fcn\u00fcm\u00fczde d\u00f6rt k\u0131taya ihra\u00e7 edilen Ses ve Veri Haberle\u015fme Sistemlerine ili\u015fkin \u00e7e\u015fitli \u00fcr\u00fcn gruplar\u0131na sahiptir. \u0130leti\u015fim sistemlerinin \u00fcretimi yan\u0131nda OYT, uluslararas\u0131 standartlara uyumlu sivil ve askeri havac\u0131l\u0131k sistemleri entegrasyonu yapabilen say\u0131l\u0131 yerli firmalardand\u0131r. \u015eirketimiz, Avrupa sivil havac\u0131l\u0131k standartlar\u0131n\u0131n olu\u015fturuldu\u011fu Avrupa Sivil Havac\u0131l\u0131k Te\u00e7hizat\u0131 Te\u015fkilat\u0131 EUROCAE (The European Organisation for Civil Aviation Equipment) kurumunun \u00e7e\u015fitli \u00e7al\u0131\u015fma gruplar\u0131n\u0131n \u00fcyesi olman\u0131n yan\u0131 s\u0131ra, ABD Federal Havac\u0131l\u0131k \u0130daresi (FAA) ve Avrupa Seyr\u00fcsefer Emniyeti Te\u015fkilat\u0131 EUROCONTROL\u2019un (The European Organisation for the Safety of Air Navigation) \u00e7al\u0131\u015fmalar\u0131n\u0131n aktif bir kat\u0131l\u0131mc\u0131s\u0131d\u0131r. Ayr\u0131ca \u015fi","email":"marketing@onur.net","telephone":"+90 (312) 235 1550","legalName":"ONUR Y\u00dcKSEK TEKNOLOJ\u0130 A.\u015e.","foundingDate":"1980-01-01","numberOfEmployees":{"@type":"QuantitativeValue","minValue":"201","maxValue":"500"},"publishingPrinciples":"https:\/\/www.onur.net\/kvkk\/"}]}},"_links":{"self":[{"href":"https:\/\/www.onur.net\/tr\/wp-json\/wp\/v2\/pages\/2312","targetHints":{"allow":["GET"]}}],"collection":[{"href":"https:\/\/www.onur.net\/tr\/wp-json\/wp\/v2\/pages"}],"about":[{"href":"https:\/\/www.onur.net\/tr\/wp-json\/wp\/v2\/types\/page"}],"author":[{"embeddable":true,"href":"https:\/\/www.onur.net\/tr\/wp-json\/wp\/v2\/users\/1"}],"replies":[{"embeddable":true,"href":"https:\/\/www.onur.net\/tr\/wp-json\/wp\/v2\/comments?post=2312"}],"version-history":[{"count":0,"href":"https:\/\/www.onur.net\/tr\/wp-json\/wp\/v2\/pages\/2312\/revisions"}],"up":[{"embeddable":true,"href":"https:\/\/www.onur.net\/tr\/wp-json\/wp\/v2\/pages\/41"}],"wp:attachment":[{"href":"https:\/\/www.onur.net\/tr\/wp-json\/wp\/v2\/media?parent=2312"}],"curies":[{"name":"wp","href":"https:\/\/api.w.org\/{rel}","templated":true}]}}