{"id":2048,"date":"2024-01-10T06:51:06","date_gmt":"2024-01-10T06:51:06","guid":{"rendered":"https:\/\/www.onur.net\/?page_id=2048"},"modified":"2026-03-03T11:46:22","modified_gmt":"2026-03-03T11:46:22","slug":"tolga-dede-profil","status":"publish","type":"page","link":"https:\/\/www.onur.net\/tr\/kurumsal\/tolga-dede-profil\/","title":{"rendered":"Tolga DEDE"},"content":{"rendered":"\t\t<div data-elementor-type=\"wp-post\" data-elementor-id=\"2048\" class=\"elementor elementor-2048\" data-elementor-post-type=\"page\">\n\t\t\t\t<div data-dce-background-color=\"#F5F5F5\" class=\"elementor-element elementor-element-a6e182a e-flex e-con-boxed e-con e-parent\" data-id=\"a6e182a\" data-element_type=\"container\" data-e-type=\"container\" data-settings=\"{&quot;background_background&quot;:&quot;classic&quot;}\">\n\t\t\t\t\t<div class=\"e-con-inner\">\n\t\t<div class=\"elementor-element elementor-element-66b3e04 e-con-full e-flex e-con e-child\" data-id=\"66b3e04\" data-element_type=\"container\" data-e-type=\"container\">\n\t\t\t\t<div class=\"elementor-element elementor-element-1289d9a dce_masking-none elementor-widget elementor-widget-image\" data-id=\"1289d9a\" data-element_type=\"widget\" data-e-type=\"widget\" data-widget_type=\"image.default\">\n\t\t\t\t<div class=\"elementor-widget-container\">\n\t\t\t\t\t\t\t\t\t\t\t\t\t\t\t<img fetchpriority=\"high\" decoding=\"async\" width=\"800\" height=\"971\" src=\"https:\/\/www.onur.net\/wp-content\/uploads\/2024\/01\/Tolga-DEDE.png\" class=\"attachment-large size-large wp-image-397\" alt=\"\" srcset=\"https:\/\/www.onur.net\/wp-content\/uploads\/2024\/01\/Tolga-DEDE.png 800w, https:\/\/www.onur.net\/wp-content\/uploads\/2024\/01\/Tolga-DEDE-247x300.png 247w, https:\/\/www.onur.net\/wp-content\/uploads\/2024\/01\/Tolga-DEDE-768x932.png 768w, https:\/\/www.onur.net\/wp-content\/uploads\/2024\/01\/Tolga-DEDE-10x12.png 10w\" sizes=\"(max-width: 800px) 100vw, 800px\" \/>\t\t\t\t\t\t\t\t\t\t\t\t\t\t\t<\/div>\n\t\t\t\t<\/div>\n\t\t\t\t<\/div>\n\t\t<div class=\"elementor-element elementor-element-f6f2cd0 e-con-full e-flex e-con e-child\" data-id=\"f6f2cd0\" data-element_type=\"container\" data-e-type=\"container\">\n\t\t\t\t<div class=\"elementor-element elementor-element-a4fd428 elementor-widget elementor-widget-heading\" data-id=\"a4fd428\" data-element_type=\"widget\" data-e-type=\"widget\" data-widget_type=\"heading.default\">\n\t\t\t\t<div class=\"elementor-widget-container\">\n\t\t\t\t\t<h1 class=\"elementor-heading-title elementor-size-default\">Tolga DEDE\n<\/h1>\t\t\t\t<\/div>\n\t\t\t\t<\/div>\n\t\t\t\t<div class=\"elementor-element elementor-element-0cee8eb elementor-widget elementor-widget-heading\" data-id=\"0cee8eb\" data-element_type=\"widget\" data-e-type=\"widget\" data-widget_type=\"heading.default\">\n\t\t\t\t<div class=\"elementor-widget-container\">\n\t\t\t\t\t<h4 class=\"elementor-heading-title elementor-size-default\">Y\u00f6netim Kurulu Ba\u015fkan Vekili<\/h4>\t\t\t\t<\/div>\n\t\t\t\t<\/div>\n\t\t\t\t<div class=\"elementor-element elementor-element-dcf9fc6 elementor-widget elementor-widget-text-editor\" data-id=\"dcf9fc6\" data-element_type=\"widget\" data-e-type=\"widget\" data-widget_type=\"text-editor.default\">\n\t\t\t\t<div class=\"elementor-widget-container\">\n\t\t\t\t\t\t\t\t\t<p>Tolga Dede, 1976 y\u0131l\u0131nda Ankara\u2019da do\u011fmu\u015ftur. Liseyi TED Ankara Koleji\u2019nde tamamlam\u0131\u015f, Southern Illinois University\u2019de elektrik m\u00fchendisli\u011fi lisans e\u011fitimi ve Sabanc\u0131 \u00dcniversitesi\u2019nde enerji teknolojileri ve y\u00f6netimi y\u00fcksek lisans e\u011fitimi alm\u0131\u015ft\u0131r.<\/p><p>\u00c7al\u0131\u015fma hayat\u0131na, 1997 y\u0131l\u0131nda ONUR Y\u00fcksek Teknoloji b\u00fcnyesinde ad\u0131m atm\u0131\u015f ve \u015firketin \u00e7e\u015fitli kademelerinde g\u00f6rev alm\u0131\u015ft\u0131r. Uluslararas\u0131 firmalarla i\u015f birli\u011fi i\u00e7erisinde ger\u00e7ekle\u015ftirilen pek \u00e7ok elektronik, haberle\u015fme ve entegrasyon projesinde y\u00f6netici olarak tecr\u00fcbe kazanm\u0131\u015f ve \u015firketin ticari i\u015flerinden sorumlu Genel M\u00fcd\u00fcr Yard\u0131mc\u0131l\u0131\u011f\u0131\u2019n\u0131 y\u00fcr\u00fctm\u00fc\u015ft\u00fcr.<\/p><p>2015 y\u0131l\u0131nda, yenilenebilir enerji teknolojileri geli\u015ftirme ve elektrik \u00fcretim santralleri yat\u0131r\u0131m\u0131 alan\u0131nda faaliyet g\u00f6steren ONUR Enerji Grubu\u2019nu kurarak, grup b\u00fcnyesinde ger\u00e7ekle\u015ftirilen end\u00fcstriyel \u00f6l\u00e7ekli g\u00fcne\u015f enerjisi santralleri yat\u0131r\u0131mlar\u0131na \u00f6nc\u00fcl\u00fck etmi\u015ftir.<\/p><p>OYT\u2019nin Y\u00f6netim Kurulu Ba\u015fkan Vekili olan Tolga Dede, ayn\u0131 zamanda Yenilenebilir Enerji Teknolojileri B\u00f6l\u00fcm\u00fc\u2019n\u00fcn yeni tesis yat\u0131r\u0131mlar\u0131n\u0131, GES\/RES proje geli\u015ftirme faaliyetleri ve mevcut santral i\u015fletmelerini y\u00f6netmektedir.<\/p>\t\t\t\t\t\t\t\t<\/div>\n\t\t\t\t<\/div>\n\t\t\t\t<\/div>\n\t\t\t\t\t<\/div>\n\t\t\t\t<\/div>\n\t\t\t\t<\/div>\n\t\t","protected":false},"excerpt":{"rendered":"<p>Tolga DEDE Y\u00f6netim Kurulu Ba\u015fkan Vekili Tolga Dede, 1976 y\u0131l\u0131nda Ankara\u2019da do\u011fmu\u015ftur. Liseyi TED Ankara Koleji\u2019nde tamamlam\u0131\u015f, Southern Illinois University\u2019de elektrik m\u00fchendisli\u011fi lisans e\u011fitimi ve Sabanc\u0131 \u00dcniversitesi\u2019nde enerji teknolojileri ve y\u00f6netimi y\u00fcksek lisans e\u011fitimi alm\u0131\u015ft\u0131r. \u00c7al\u0131\u015fma hayat\u0131na, 1997 y\u0131l\u0131nda ONUR Y\u00fcksek Teknoloji b\u00fcnyesinde ad\u0131m atm\u0131\u015f ve \u015firketin \u00e7e\u015fitli kademelerinde g\u00f6rev alm\u0131\u015ft\u0131r. Uluslararas\u0131 firmalarla i\u015f birli\u011fi [&hellip;]<\/p>\n","protected":false},"author":1,"featured_media":0,"parent":35,"menu_order":0,"comment_status":"closed","ping_status":"closed","template":"","meta":{"_acf_changed":false,"footnotes":""},"class_list":["post-2048","page","type-page","status-publish","hentry"],"acf":[],"yoast_head":"<!-- This site is optimized with the Yoast SEO Premium plugin v27.3 (Yoast SEO v27.3) - https:\/\/yoast.com\/product\/yoast-seo-premium-wordpress\/ -->\n<title>Tolga DEDE - Onur Y\u00fcksek Teknoloji<\/title>\n<meta name=\"robots\" content=\"index, follow, max-snippet:-1, max-image-preview:large, max-video-preview:-1\" \/>\n<link rel=\"canonical\" href=\"https:\/\/www.onur.net\/tr\/kurumsal\/tolga-dede-profil\/\" \/>\n<meta property=\"og:locale\" content=\"tr_TR\" \/>\n<meta property=\"og:type\" content=\"article\" \/>\n<meta property=\"og:title\" content=\"Tolga DEDE\" \/>\n<meta property=\"og:description\" content=\"Tolga DEDE Y\u00f6netim Kurulu Ba\u015fkan Vekili Tolga Dede, 1976 y\u0131l\u0131nda Ankara\u2019da do\u011fmu\u015ftur. Liseyi TED Ankara Koleji\u2019nde tamamlam\u0131\u015f, Southern Illinois University\u2019de elektrik m\u00fchendisli\u011fi lisans e\u011fitimi ve Sabanc\u0131 \u00dcniversitesi\u2019nde enerji teknolojileri ve y\u00f6netimi y\u00fcksek lisans e\u011fitimi alm\u0131\u015ft\u0131r. \u00c7al\u0131\u015fma hayat\u0131na, 1997 y\u0131l\u0131nda ONUR Y\u00fcksek Teknoloji b\u00fcnyesinde ad\u0131m atm\u0131\u015f ve \u015firketin \u00e7e\u015fitli kademelerinde g\u00f6rev alm\u0131\u015ft\u0131r. Uluslararas\u0131 firmalarla i\u015f birli\u011fi [&hellip;]\" \/>\n<meta property=\"og:url\" content=\"https:\/\/www.onur.net\/tr\/kurumsal\/tolga-dede-profil\/\" \/>\n<meta property=\"og:site_name\" content=\"Onur Y\u00fcksek Teknoloji\" \/>\n<meta property=\"article:modified_time\" content=\"2026-03-03T11:46:22+00:00\" \/>\n<meta property=\"og:image\" content=\"https:\/\/www.onur.net\/wp-content\/uploads\/2024\/01\/Tolga-DEDE.png\" \/>\n\t<meta property=\"og:image:width\" content=\"800\" \/>\n\t<meta property=\"og:image:height\" content=\"971\" \/>\n\t<meta property=\"og:image:type\" content=\"image\/png\" \/>\n<meta name=\"twitter:card\" content=\"summary_large_image\" \/>\n<meta name=\"twitter:label1\" content=\"Tahmini okuma s\u00fcresi\" \/>\n\t<meta name=\"twitter:data1\" content=\"1 dakika\" \/>\n<script type=\"application\/ld+json\" class=\"yoast-schema-graph\">{\"@context\":\"https:\\\/\\\/schema.org\",\"@graph\":[{\"@type\":\"WebPage\",\"@id\":\"https:\\\/\\\/www.onur.net\\\/kurumsal\\\/tolga-dede-profil\\\/\",\"url\":\"https:\\\/\\\/www.onur.net\\\/kurumsal\\\/tolga-dede-profil\\\/\",\"name\":\"Tolga DEDE - Onur Y\u00fcksek Teknoloji\",\"isPartOf\":{\"@id\":\"https:\\\/\\\/www.onur.net\\\/tr\\\/#website\"},\"primaryImageOfPage\":{\"@id\":\"https:\\\/\\\/www.onur.net\\\/kurumsal\\\/tolga-dede-profil\\\/#primaryimage\"},\"image\":{\"@id\":\"https:\\\/\\\/www.onur.net\\\/kurumsal\\\/tolga-dede-profil\\\/#primaryimage\"},\"thumbnailUrl\":\"https:\\\/\\\/www.onur.net\\\/wp-content\\\/uploads\\\/2024\\\/01\\\/Tolga-DEDE.png\",\"datePublished\":\"2024-01-10T06:51:06+00:00\",\"dateModified\":\"2026-03-03T11:46:22+00:00\",\"breadcrumb\":{\"@id\":\"https:\\\/\\\/www.onur.net\\\/kurumsal\\\/tolga-dede-profil\\\/#breadcrumb\"},\"inLanguage\":\"tr\",\"potentialAction\":[{\"@type\":\"ReadAction\",\"target\":[\"https:\\\/\\\/www.onur.net\\\/kurumsal\\\/tolga-dede-profil\\\/\"]}]},{\"@type\":\"ImageObject\",\"inLanguage\":\"tr\",\"@id\":\"https:\\\/\\\/www.onur.net\\\/kurumsal\\\/tolga-dede-profil\\\/#primaryimage\",\"url\":\"https:\\\/\\\/www.onur.net\\\/wp-content\\\/uploads\\\/2024\\\/01\\\/Tolga-DEDE.png\",\"contentUrl\":\"https:\\\/\\\/www.onur.net\\\/wp-content\\\/uploads\\\/2024\\\/01\\\/Tolga-DEDE.png\"},{\"@type\":\"BreadcrumbList\",\"@id\":\"https:\\\/\\\/www.onur.net\\\/kurumsal\\\/tolga-dede-profil\\\/#breadcrumb\",\"itemListElement\":[{\"@type\":\"ListItem\",\"position\":1,\"name\":\"Home\",\"item\":\"https:\\\/\\\/www.onur.net\\\/tr\\\/\"},{\"@type\":\"ListItem\",\"position\":2,\"name\":\"KURUMSAL\",\"item\":\"https:\\\/\\\/www.onur.net\\\/kurumsal\\\/\"},{\"@type\":\"ListItem\",\"position\":3,\"name\":\"Tolga DEDE\"}]},{\"@type\":\"WebSite\",\"@id\":\"https:\\\/\\\/www.onur.net\\\/tr\\\/#website\",\"url\":\"https:\\\/\\\/www.onur.net\\\/tr\\\/\",\"name\":\"Onur Y\u00fcksek Teknoloji\",\"description\":\"Onur Y\u00fcksek Teknoloji\",\"publisher\":{\"@id\":\"https:\\\/\\\/www.onur.net\\\/tr\\\/#organization\"},\"alternateName\":\"Onur Y\u00fcksek Teknoloji\",\"potentialAction\":[{\"@type\":\"SearchAction\",\"target\":{\"@type\":\"EntryPoint\",\"urlTemplate\":\"https:\\\/\\\/www.onur.net\\\/tr\\\/?s={search_term_string}\"},\"query-input\":{\"@type\":\"PropertyValueSpecification\",\"valueRequired\":true,\"valueName\":\"search_term_string\"}}],\"inLanguage\":\"tr\"},{\"@type\":\"Organization\",\"@id\":\"https:\\\/\\\/www.onur.net\\\/tr\\\/#organization\",\"name\":\"Onur Y\u00fcksek Teknoloji\",\"alternateName\":\"Onur Y\u00fcksek Teknoloji\",\"url\":\"https:\\\/\\\/www.onur.net\\\/tr\\\/\",\"logo\":{\"@type\":\"ImageObject\",\"inLanguage\":\"tr\",\"@id\":\"https:\\\/\\\/www.onur.net\\\/tr\\\/#\\\/schema\\\/logo\\\/image\\\/\",\"url\":\"https:\\\/\\\/www.onur.net\\\/wp-content\\\/uploads\\\/2024\\\/01\\\/Asset-1-1.svg\",\"contentUrl\":\"https:\\\/\\\/www.onur.net\\\/wp-content\\\/uploads\\\/2024\\\/01\\\/Asset-1-1.svg\",\"width\":200,\"height\":130,\"caption\":\"Onur Y\u00fcksek Teknoloji\"},\"image\":{\"@id\":\"https:\\\/\\\/www.onur.net\\\/tr\\\/#\\\/schema\\\/logo\\\/image\\\/\"},\"sameAs\":[\"https:\\\/\\\/www.linkedin.com\\\/company\\\/onur-a-\\\/mycompany\\\/\"],\"description\":\"ONUR Y\u00dcKSEK TEKNOLOJ\u0130 A.\u015e. (OYT), 1980 y\u0131l\u0131nda sivil ve askeri haberle\u015fme uygulamalar\u0131na y\u00f6nelik m\u00fchendislik hizmetleri vermek \u00fczere kurulmu\u015ftur. Kuruldu\u011fu y\u0131llarda T\u00fcrk Silahl\u0131 Kuvvetleri ve NATO\u2019nun ileti\u015fim ihtiya\u00e7lar\u0131na y\u00f6nelik haberle\u015fme sistemlerinin tedariki ve entegrasyonlar\u0131n\u0131 ger\u00e7ekle\u015fen OYT, ilerleyen y\u0131llarda bu alandaki uzmanl\u0131\u011f\u0131n\u0131 daha da art\u0131rm\u0131\u015ft\u0131r. Hayata ge\u00e7irilen projelerden kazan\u0131lan m\u00fchendislik altyap\u0131s\u0131 sayesinde OYT, 1990\u2019l\u0131 y\u0131llardan itibaren hem sivil hem savunma sanayii projelerinde uluslararas\u0131 firmalar\u0131n i\u015f orta\u011f\u0131 olarak yer almaya ba\u015flam\u0131\u015ft\u0131r. Bu s\u00fcre\u00e7te \u015firketimiz, deniz trafi\u011fini izleme ve kontrol sistemleri, meteorolojik radar sistemleri ve gemi seyir radar sistemlerinin dahil oldu\u011fu pek \u00e7ok entegrasyon projesine imza atm\u0131\u015ft\u0131r. OYT, y\u0131llar i\u00e7inde haberle\u015fme sistemleri konusunda artan alan uzmanl\u0131\u011f\u0131 sayesinde, yeni nesil IP tabanl\u0131 ses haberle\u015fme sistemleri geli\u015ftirilmesine ili\u015fkin AR-GE \u00e7al\u0131\u015fmalar\u0131 ba\u015flatm\u0131\u015ft\u0131r. T\u00dcB\u0130TAK taraf\u0131ndan da desteklenen bu \u00e7al\u0131\u015fmalar neticesinde, 2010\u2019lu y\u0131llar\u0131n ba\u015f\u0131ndan itibaren \u00f6zellikle telsiz sistemleri entegrasyonu ve IP tabanl\u0131 a\u011f teknolojileri kapsam\u0131nda d\u00fcnyada \u00e7ok az firmada bulunan yedekli ve ger\u00e7ek zamanl\u0131 ses ve veri haberle\u015fme sistemleri tasar\u0131m\u0131 konusunda uzmanl\u0131\u011f\u0131n\u0131 art\u0131ran \u015firketimiz, g\u00fcn\u00fcm\u00fczde d\u00f6rt k\u0131taya ihra\u00e7 edilen Ses ve Veri Haberle\u015fme Sistemlerine ili\u015fkin \u00e7e\u015fitli \u00fcr\u00fcn gruplar\u0131na sahiptir. \u0130leti\u015fim sistemlerinin \u00fcretimi yan\u0131nda OYT, uluslararas\u0131 standartlara uyumlu sivil ve askeri havac\u0131l\u0131k sistemleri entegrasyonu yapabilen say\u0131l\u0131 yerli firmalardand\u0131r. \u015eirketimiz, Avrupa sivil havac\u0131l\u0131k standartlar\u0131n\u0131n olu\u015fturuldu\u011fu Avrupa Sivil Havac\u0131l\u0131k Te\u00e7hizat\u0131 Te\u015fkilat\u0131 EUROCAE (The European Organisation for Civil Aviation Equipment) kurumunun \u00e7e\u015fitli \u00e7al\u0131\u015fma gruplar\u0131n\u0131n \u00fcyesi olman\u0131n yan\u0131 s\u0131ra, ABD Federal Havac\u0131l\u0131k \u0130daresi (FAA) ve Avrupa Seyr\u00fcsefer Emniyeti Te\u015fkilat\u0131 EUROCONTROL\u2019un (The European Organisation for the Safety of Air Navigation) \u00e7al\u0131\u015fmalar\u0131n\u0131n aktif bir kat\u0131l\u0131mc\u0131s\u0131d\u0131r. Ayr\u0131ca \u015fi\",\"email\":\"marketing@onur.net\",\"telephone\":\"+90 (312) 235 1550\",\"legalName\":\"ONUR Y\u00dcKSEK TEKNOLOJ\u0130 A.\u015e.\",\"foundingDate\":\"1980-01-01\",\"numberOfEmployees\":{\"@type\":\"QuantitativeValue\",\"minValue\":\"201\",\"maxValue\":\"500\"},\"publishingPrinciples\":\"https:\\\/\\\/www.onur.net\\\/kvkk\\\/\"}]}<\/script>\n<!-- \/ Yoast SEO Premium plugin. -->","yoast_head_json":{"title":"Tolga DEDE - Onur Y\u00fcksek Teknoloji","robots":{"index":"index","follow":"follow","max-snippet":"max-snippet:-1","max-image-preview":"max-image-preview:large","max-video-preview":"max-video-preview:-1"},"canonical":"https:\/\/www.onur.net\/tr\/kurumsal\/tolga-dede-profil\/","og_locale":"tr_TR","og_type":"article","og_title":"Tolga DEDE","og_description":"Tolga DEDE Y\u00f6netim Kurulu Ba\u015fkan Vekili Tolga Dede, 1976 y\u0131l\u0131nda Ankara\u2019da do\u011fmu\u015ftur. Liseyi TED Ankara Koleji\u2019nde tamamlam\u0131\u015f, Southern Illinois University\u2019de elektrik m\u00fchendisli\u011fi lisans e\u011fitimi ve Sabanc\u0131 \u00dcniversitesi\u2019nde enerji teknolojileri ve y\u00f6netimi y\u00fcksek lisans e\u011fitimi alm\u0131\u015ft\u0131r. \u00c7al\u0131\u015fma hayat\u0131na, 1997 y\u0131l\u0131nda ONUR Y\u00fcksek Teknoloji b\u00fcnyesinde ad\u0131m atm\u0131\u015f ve \u015firketin \u00e7e\u015fitli kademelerinde g\u00f6rev alm\u0131\u015ft\u0131r. Uluslararas\u0131 firmalarla i\u015f birli\u011fi [&hellip;]","og_url":"https:\/\/www.onur.net\/tr\/kurumsal\/tolga-dede-profil\/","og_site_name":"Onur Y\u00fcksek Teknoloji","article_modified_time":"2026-03-03T11:46:22+00:00","og_image":[{"width":800,"height":971,"url":"https:\/\/www.onur.net\/wp-content\/uploads\/2024\/01\/Tolga-DEDE.png","type":"image\/png"}],"twitter_card":"summary_large_image","twitter_misc":{"Tahmini okuma s\u00fcresi":"1 dakika"},"schema":{"@context":"https:\/\/schema.org","@graph":[{"@type":"WebPage","@id":"https:\/\/www.onur.net\/kurumsal\/tolga-dede-profil\/","url":"https:\/\/www.onur.net\/kurumsal\/tolga-dede-profil\/","name":"Tolga DEDE - Onur Y\u00fcksek Teknoloji","isPartOf":{"@id":"https:\/\/www.onur.net\/tr\/#website"},"primaryImageOfPage":{"@id":"https:\/\/www.onur.net\/kurumsal\/tolga-dede-profil\/#primaryimage"},"image":{"@id":"https:\/\/www.onur.net\/kurumsal\/tolga-dede-profil\/#primaryimage"},"thumbnailUrl":"https:\/\/www.onur.net\/wp-content\/uploads\/2024\/01\/Tolga-DEDE.png","datePublished":"2024-01-10T06:51:06+00:00","dateModified":"2026-03-03T11:46:22+00:00","breadcrumb":{"@id":"https:\/\/www.onur.net\/kurumsal\/tolga-dede-profil\/#breadcrumb"},"inLanguage":"tr","potentialAction":[{"@type":"ReadAction","target":["https:\/\/www.onur.net\/kurumsal\/tolga-dede-profil\/"]}]},{"@type":"ImageObject","inLanguage":"tr","@id":"https:\/\/www.onur.net\/kurumsal\/tolga-dede-profil\/#primaryimage","url":"https:\/\/www.onur.net\/wp-content\/uploads\/2024\/01\/Tolga-DEDE.png","contentUrl":"https:\/\/www.onur.net\/wp-content\/uploads\/2024\/01\/Tolga-DEDE.png"},{"@type":"BreadcrumbList","@id":"https:\/\/www.onur.net\/kurumsal\/tolga-dede-profil\/#breadcrumb","itemListElement":[{"@type":"ListItem","position":1,"name":"Home","item":"https:\/\/www.onur.net\/tr\/"},{"@type":"ListItem","position":2,"name":"KURUMSAL","item":"https:\/\/www.onur.net\/kurumsal\/"},{"@type":"ListItem","position":3,"name":"Tolga DEDE"}]},{"@type":"WebSite","@id":"https:\/\/www.onur.net\/tr\/#website","url":"https:\/\/www.onur.net\/tr\/","name":"Onur Y\u00fcksek Teknoloji","description":"Onur Y\u00fcksek Teknoloji","publisher":{"@id":"https:\/\/www.onur.net\/tr\/#organization"},"alternateName":"Onur Y\u00fcksek Teknoloji","potentialAction":[{"@type":"SearchAction","target":{"@type":"EntryPoint","urlTemplate":"https:\/\/www.onur.net\/tr\/?s={search_term_string}"},"query-input":{"@type":"PropertyValueSpecification","valueRequired":true,"valueName":"search_term_string"}}],"inLanguage":"tr"},{"@type":"Organization","@id":"https:\/\/www.onur.net\/tr\/#organization","name":"Onur Y\u00fcksek Teknoloji","alternateName":"Onur Y\u00fcksek Teknoloji","url":"https:\/\/www.onur.net\/tr\/","logo":{"@type":"ImageObject","inLanguage":"tr","@id":"https:\/\/www.onur.net\/tr\/#\/schema\/logo\/image\/","url":"https:\/\/www.onur.net\/wp-content\/uploads\/2024\/01\/Asset-1-1.svg","contentUrl":"https:\/\/www.onur.net\/wp-content\/uploads\/2024\/01\/Asset-1-1.svg","width":200,"height":130,"caption":"Onur Y\u00fcksek Teknoloji"},"image":{"@id":"https:\/\/www.onur.net\/tr\/#\/schema\/logo\/image\/"},"sameAs":["https:\/\/www.linkedin.com\/company\/onur-a-\/mycompany\/"],"description":"ONUR Y\u00dcKSEK TEKNOLOJ\u0130 A.\u015e. (OYT), 1980 y\u0131l\u0131nda sivil ve askeri haberle\u015fme uygulamalar\u0131na y\u00f6nelik m\u00fchendislik hizmetleri vermek \u00fczere kurulmu\u015ftur. Kuruldu\u011fu y\u0131llarda T\u00fcrk Silahl\u0131 Kuvvetleri ve NATO\u2019nun ileti\u015fim ihtiya\u00e7lar\u0131na y\u00f6nelik haberle\u015fme sistemlerinin tedariki ve entegrasyonlar\u0131n\u0131 ger\u00e7ekle\u015fen OYT, ilerleyen y\u0131llarda bu alandaki uzmanl\u0131\u011f\u0131n\u0131 daha da art\u0131rm\u0131\u015ft\u0131r. Hayata ge\u00e7irilen projelerden kazan\u0131lan m\u00fchendislik altyap\u0131s\u0131 sayesinde OYT, 1990\u2019l\u0131 y\u0131llardan itibaren hem sivil hem savunma sanayii projelerinde uluslararas\u0131 firmalar\u0131n i\u015f orta\u011f\u0131 olarak yer almaya ba\u015flam\u0131\u015ft\u0131r. Bu s\u00fcre\u00e7te \u015firketimiz, deniz trafi\u011fini izleme ve kontrol sistemleri, meteorolojik radar sistemleri ve gemi seyir radar sistemlerinin dahil oldu\u011fu pek \u00e7ok entegrasyon projesine imza atm\u0131\u015ft\u0131r. OYT, y\u0131llar i\u00e7inde haberle\u015fme sistemleri konusunda artan alan uzmanl\u0131\u011f\u0131 sayesinde, yeni nesil IP tabanl\u0131 ses haberle\u015fme sistemleri geli\u015ftirilmesine ili\u015fkin AR-GE \u00e7al\u0131\u015fmalar\u0131 ba\u015flatm\u0131\u015ft\u0131r. T\u00dcB\u0130TAK taraf\u0131ndan da desteklenen bu \u00e7al\u0131\u015fmalar neticesinde, 2010\u2019lu y\u0131llar\u0131n ba\u015f\u0131ndan itibaren \u00f6zellikle telsiz sistemleri entegrasyonu ve IP tabanl\u0131 a\u011f teknolojileri kapsam\u0131nda d\u00fcnyada \u00e7ok az firmada bulunan yedekli ve ger\u00e7ek zamanl\u0131 ses ve veri haberle\u015fme sistemleri tasar\u0131m\u0131 konusunda uzmanl\u0131\u011f\u0131n\u0131 art\u0131ran \u015firketimiz, g\u00fcn\u00fcm\u00fczde d\u00f6rt k\u0131taya ihra\u00e7 edilen Ses ve Veri Haberle\u015fme Sistemlerine ili\u015fkin \u00e7e\u015fitli \u00fcr\u00fcn gruplar\u0131na sahiptir. \u0130leti\u015fim sistemlerinin \u00fcretimi yan\u0131nda OYT, uluslararas\u0131 standartlara uyumlu sivil ve askeri havac\u0131l\u0131k sistemleri entegrasyonu yapabilen say\u0131l\u0131 yerli firmalardand\u0131r. \u015eirketimiz, Avrupa sivil havac\u0131l\u0131k standartlar\u0131n\u0131n olu\u015fturuldu\u011fu Avrupa Sivil Havac\u0131l\u0131k Te\u00e7hizat\u0131 Te\u015fkilat\u0131 EUROCAE (The European Organisation for Civil Aviation Equipment) kurumunun \u00e7e\u015fitli \u00e7al\u0131\u015fma gruplar\u0131n\u0131n \u00fcyesi olman\u0131n yan\u0131 s\u0131ra, ABD Federal Havac\u0131l\u0131k \u0130daresi (FAA) ve Avrupa Seyr\u00fcsefer Emniyeti Te\u015fkilat\u0131 EUROCONTROL\u2019un (The European Organisation for the Safety of Air Navigation) \u00e7al\u0131\u015fmalar\u0131n\u0131n aktif bir kat\u0131l\u0131mc\u0131s\u0131d\u0131r. Ayr\u0131ca \u015fi","email":"marketing@onur.net","telephone":"+90 (312) 235 1550","legalName":"ONUR Y\u00dcKSEK TEKNOLOJ\u0130 A.\u015e.","foundingDate":"1980-01-01","numberOfEmployees":{"@type":"QuantitativeValue","minValue":"201","maxValue":"500"},"publishingPrinciples":"https:\/\/www.onur.net\/kvkk\/"}]}},"_links":{"self":[{"href":"https:\/\/www.onur.net\/tr\/wp-json\/wp\/v2\/pages\/2048","targetHints":{"allow":["GET"]}}],"collection":[{"href":"https:\/\/www.onur.net\/tr\/wp-json\/wp\/v2\/pages"}],"about":[{"href":"https:\/\/www.onur.net\/tr\/wp-json\/wp\/v2\/types\/page"}],"author":[{"embeddable":true,"href":"https:\/\/www.onur.net\/tr\/wp-json\/wp\/v2\/users\/1"}],"replies":[{"embeddable":true,"href":"https:\/\/www.onur.net\/tr\/wp-json\/wp\/v2\/comments?post=2048"}],"version-history":[{"count":6,"href":"https:\/\/www.onur.net\/tr\/wp-json\/wp\/v2\/pages\/2048\/revisions"}],"predecessor-version":[{"id":7356,"href":"https:\/\/www.onur.net\/tr\/wp-json\/wp\/v2\/pages\/2048\/revisions\/7356"}],"up":[{"embeddable":true,"href":"https:\/\/www.onur.net\/tr\/wp-json\/wp\/v2\/pages\/35"}],"wp:attachment":[{"href":"https:\/\/www.onur.net\/tr\/wp-json\/wp\/v2\/media?parent=2048"}],"curies":[{"name":"wp","href":"https:\/\/api.w.org\/{rel}","templated":true}]}}