{"id":2046,"date":"2024-01-10T06:51:05","date_gmt":"2024-01-10T06:51:05","guid":{"rendered":"https:\/\/www.onur.net\/?page_id=2046"},"modified":"2026-02-27T10:36:33","modified_gmt":"2026-02-27T10:36:33","slug":"noyan-dede-profil","status":"publish","type":"page","link":"https:\/\/www.onur.net\/tr\/kurumsal\/noyan-dede-profil\/","title":{"rendered":"Noyan DEDE"},"content":{"rendered":"\t\t<div data-elementor-type=\"wp-post\" data-elementor-id=\"2046\" class=\"elementor elementor-2046\" data-elementor-post-type=\"page\">\n\t\t\t\t<div data-dce-background-color=\"#F5F5F5\" class=\"elementor-element elementor-element-16b331c e-flex e-con-boxed e-con e-parent\" data-id=\"16b331c\" data-element_type=\"container\" data-e-type=\"container\" data-settings=\"{&quot;background_background&quot;:&quot;classic&quot;}\">\n\t\t\t\t\t<div class=\"e-con-inner\">\n\t\t<div class=\"elementor-element elementor-element-30ad601 e-con-full e-flex e-con e-child\" data-id=\"30ad601\" data-element_type=\"container\" data-e-type=\"container\">\n\t\t\t\t<div class=\"elementor-element elementor-element-fd4205b dce_masking-none elementor-widget elementor-widget-image\" data-id=\"fd4205b\" data-element_type=\"widget\" data-e-type=\"widget\" data-widget_type=\"image.default\">\n\t\t\t\t<div class=\"elementor-widget-container\">\n\t\t\t\t\t\t\t\t\t\t\t\t\t\t\t<img fetchpriority=\"high\" decoding=\"async\" width=\"800\" height=\"971\" src=\"https:\/\/www.onur.net\/wp-content\/uploads\/2024\/01\/Noyan-DEDE.png\" class=\"attachment-large size-large wp-image-396\" alt=\"\" srcset=\"https:\/\/www.onur.net\/wp-content\/uploads\/2024\/01\/Noyan-DEDE.png 800w, https:\/\/www.onur.net\/wp-content\/uploads\/2024\/01\/Noyan-DEDE-247x300.png 247w, https:\/\/www.onur.net\/wp-content\/uploads\/2024\/01\/Noyan-DEDE-768x932.png 768w, https:\/\/www.onur.net\/wp-content\/uploads\/2024\/01\/Noyan-DEDE-10x12.png 10w\" sizes=\"(max-width: 800px) 100vw, 800px\" \/>\t\t\t\t\t\t\t\t\t\t\t\t\t\t\t<\/div>\n\t\t\t\t<\/div>\n\t\t\t\t<\/div>\n\t\t<div class=\"elementor-element elementor-element-3c443de e-con-full e-flex e-con e-child\" data-id=\"3c443de\" data-element_type=\"container\" data-e-type=\"container\">\n\t\t\t\t<div class=\"elementor-element elementor-element-b988d0f elementor-widget elementor-widget-heading\" data-id=\"b988d0f\" data-element_type=\"widget\" data-e-type=\"widget\" data-widget_type=\"heading.default\">\n\t\t\t\t<div class=\"elementor-widget-container\">\n\t\t\t\t\t<h1 class=\"elementor-heading-title elementor-size-default\">Noyan DEDE\n<\/h1>\t\t\t\t<\/div>\n\t\t\t\t<\/div>\n\t\t\t\t<div class=\"elementor-element elementor-element-873147a elementor-widget elementor-widget-heading\" data-id=\"873147a\" data-element_type=\"widget\" data-e-type=\"widget\" data-widget_type=\"heading.default\">\n\t\t\t\t<div class=\"elementor-widget-container\">\n\t\t\t\t\t<h4 class=\"elementor-heading-title elementor-size-default\">Y\u00f6netim Kurulu Ba\u015fkan\u0131 \/ CEO\u200b<\/h4>\t\t\t\t<\/div>\n\t\t\t\t<\/div>\n\t\t\t\t<div class=\"elementor-element elementor-element-61b11f5 elementor-widget elementor-widget-text-editor\" data-id=\"61b11f5\" data-element_type=\"widget\" data-e-type=\"widget\" data-widget_type=\"text-editor.default\">\n\t\t\t\t<div class=\"elementor-widget-container\">\n\t\t\t\t\t\t\t\t\t<p>1974 Ankara do\u011fumlu Noyan Bur\u00e7in Dede, Southern Illinois University\u2019den makine m\u00fchendisli\u011fi lisans derecesi ile mezun olduktan sonra Bilkent \u00dcniversitesi\u2019nden i\u015fletme alan\u0131nda y\u00fcksek lisans derecesi alm\u0131\u015ft\u0131r.<\/p><p>Kariyerine 1996 y\u0131l\u0131nda ONUR Y\u00fcksek Teknoloji A.\u015e.\u2019de proje m\u00fchendisi olarak ba\u015flay\u0131p s\u0131ras\u0131yla proje y\u00f6neticisi, teknik y\u00f6netici, \u015firket teknoloji y\u00f6neticisi gibi \u00e7e\u015fitli g\u00f6revlerde bulunduktan sonra CEO pozisyonuna y\u00fckselmi\u015ftir.<\/p><p>\u015eirketin en \u00f6nde gelen ve ilk \u00fcr\u00fcn\u00fc olan ses haberle\u015fme ve kay\u0131t sisteminin tasar\u0131m\u0131n\u0131 yapm\u0131\u015f olan Noyan Dede, ard\u0131ndan \u015firketin bir di\u011fer \u00f6zg\u00fcn \u00fcr\u00fcn\u00fc olan ve \u00f6zellikle T\u00fcrk Silahl\u0131 Kuvvetleri\u2019ne a\u011f destekli yetenek kazand\u0131ran sistemlerin tasar\u0131m ve \u00fcretimini ger\u00e7ekle\u015ftiren ekibe liderlik etmi\u015ftir. \u015eirket\u2019in \u00fcretmekte oldu\u011fu sistemler konusunda sahip oldu\u011fu uzmanl\u0131k ve liderlik \u00f6zellikleri ile sekt\u00f6r\u00fcn \u00f6nc\u00fc isimlerinden biri olup, bir yandan yeni \u00fcr\u00fcnlerin geli\u015ftirilmesi i\u00e7in \u00e7al\u0131\u015f\u0131rken di\u011fer yandan \u015firketin b\u00fcy\u00fcme stratejisine uygun olarak yurt i\u00e7i ve yurt d\u0131\u015f\u0131 operasyonlar\u0131 y\u00f6netmektedir.<\/p>\t\t\t\t\t\t\t\t<\/div>\n\t\t\t\t<\/div>\n\t\t\t\t<\/div>\n\t\t\t\t\t<\/div>\n\t\t\t\t<\/div>\n\t\t\t\t<\/div>\n\t\t","protected":false},"excerpt":{"rendered":"<p>Noyan DEDE Y\u00f6netim Kurulu Ba\u015fkan\u0131 \/ CEO\u200b 1974 Ankara do\u011fumlu Noyan Bur\u00e7in Dede, Southern Illinois University\u2019den makine m\u00fchendisli\u011fi lisans derecesi ile mezun olduktan sonra Bilkent \u00dcniversitesi\u2019nden i\u015fletme alan\u0131nda y\u00fcksek lisans derecesi alm\u0131\u015ft\u0131r. Kariyerine 1996 y\u0131l\u0131nda ONUR Y\u00fcksek Teknoloji A.\u015e.\u2019de proje m\u00fchendisi olarak ba\u015flay\u0131p s\u0131ras\u0131yla proje y\u00f6neticisi, teknik y\u00f6netici, \u015firket teknoloji y\u00f6neticisi gibi \u00e7e\u015fitli g\u00f6revlerde bulunduktan [&hellip;]<\/p>\n","protected":false},"author":1,"featured_media":0,"parent":35,"menu_order":0,"comment_status":"closed","ping_status":"closed","template":"","meta":{"_acf_changed":false,"footnotes":""},"class_list":["post-2046","page","type-page","status-publish","hentry"],"acf":[],"yoast_head":"<!-- This site is optimized with the Yoast SEO Premium plugin v27.3 (Yoast SEO v27.3) - https:\/\/yoast.com\/product\/yoast-seo-premium-wordpress\/ -->\n<title>Noyan DEDE - Onur Y\u00fcksek Teknoloji<\/title>\n<meta name=\"robots\" content=\"index, follow, max-snippet:-1, max-image-preview:large, max-video-preview:-1\" \/>\n<link rel=\"canonical\" href=\"https:\/\/www.onur.net\/tr\/kurumsal\/noyan-dede-profil\/\" \/>\n<meta property=\"og:locale\" content=\"tr_TR\" \/>\n<meta property=\"og:type\" content=\"article\" \/>\n<meta property=\"og:title\" content=\"Noyan DEDE\" \/>\n<meta property=\"og:description\" content=\"Noyan DEDE Y\u00f6netim Kurulu Ba\u015fkan\u0131 \/ CEO\u200b 1974 Ankara do\u011fumlu Noyan Bur\u00e7in Dede, Southern Illinois University\u2019den makine m\u00fchendisli\u011fi lisans derecesi ile mezun olduktan sonra Bilkent \u00dcniversitesi\u2019nden i\u015fletme alan\u0131nda y\u00fcksek lisans derecesi alm\u0131\u015ft\u0131r. Kariyerine 1996 y\u0131l\u0131nda ONUR Y\u00fcksek Teknoloji A.\u015e.\u2019de proje m\u00fchendisi olarak ba\u015flay\u0131p s\u0131ras\u0131yla proje y\u00f6neticisi, teknik y\u00f6netici, \u015firket teknoloji y\u00f6neticisi gibi \u00e7e\u015fitli g\u00f6revlerde bulunduktan [&hellip;]\" \/>\n<meta property=\"og:url\" content=\"https:\/\/www.onur.net\/tr\/kurumsal\/noyan-dede-profil\/\" \/>\n<meta property=\"og:site_name\" content=\"Onur Y\u00fcksek Teknoloji\" \/>\n<meta property=\"article:modified_time\" content=\"2026-02-27T10:36:33+00:00\" \/>\n<meta property=\"og:image\" content=\"https:\/\/www.onur.net\/wp-content\/uploads\/2024\/01\/Noyan-DEDE.png\" \/>\n\t<meta property=\"og:image:width\" content=\"800\" \/>\n\t<meta property=\"og:image:height\" content=\"971\" \/>\n\t<meta property=\"og:image:type\" content=\"image\/png\" \/>\n<meta name=\"twitter:card\" content=\"summary_large_image\" \/>\n<meta name=\"twitter:label1\" content=\"Tahmini okuma s\u00fcresi\" \/>\n\t<meta name=\"twitter:data1\" content=\"1 dakika\" \/>\n<script type=\"application\/ld+json\" class=\"yoast-schema-graph\">{\"@context\":\"https:\\\/\\\/schema.org\",\"@graph\":[{\"@type\":\"WebPage\",\"@id\":\"https:\\\/\\\/www.onur.net\\\/kurumsal\\\/noyan-dede-profil\\\/\",\"url\":\"https:\\\/\\\/www.onur.net\\\/kurumsal\\\/noyan-dede-profil\\\/\",\"name\":\"Noyan DEDE - Onur Y\u00fcksek Teknoloji\",\"isPartOf\":{\"@id\":\"https:\\\/\\\/www.onur.net\\\/tr\\\/#website\"},\"primaryImageOfPage\":{\"@id\":\"https:\\\/\\\/www.onur.net\\\/kurumsal\\\/noyan-dede-profil\\\/#primaryimage\"},\"image\":{\"@id\":\"https:\\\/\\\/www.onur.net\\\/kurumsal\\\/noyan-dede-profil\\\/#primaryimage\"},\"thumbnailUrl\":\"https:\\\/\\\/www.onur.net\\\/wp-content\\\/uploads\\\/2024\\\/01\\\/Noyan-DEDE.png\",\"datePublished\":\"2024-01-10T06:51:05+00:00\",\"dateModified\":\"2026-02-27T10:36:33+00:00\",\"breadcrumb\":{\"@id\":\"https:\\\/\\\/www.onur.net\\\/kurumsal\\\/noyan-dede-profil\\\/#breadcrumb\"},\"inLanguage\":\"tr\",\"potentialAction\":[{\"@type\":\"ReadAction\",\"target\":[\"https:\\\/\\\/www.onur.net\\\/kurumsal\\\/noyan-dede-profil\\\/\"]}]},{\"@type\":\"ImageObject\",\"inLanguage\":\"tr\",\"@id\":\"https:\\\/\\\/www.onur.net\\\/kurumsal\\\/noyan-dede-profil\\\/#primaryimage\",\"url\":\"https:\\\/\\\/www.onur.net\\\/wp-content\\\/uploads\\\/2024\\\/01\\\/Noyan-DEDE.png\",\"contentUrl\":\"https:\\\/\\\/www.onur.net\\\/wp-content\\\/uploads\\\/2024\\\/01\\\/Noyan-DEDE.png\"},{\"@type\":\"BreadcrumbList\",\"@id\":\"https:\\\/\\\/www.onur.net\\\/kurumsal\\\/noyan-dede-profil\\\/#breadcrumb\",\"itemListElement\":[{\"@type\":\"ListItem\",\"position\":1,\"name\":\"Home\",\"item\":\"https:\\\/\\\/www.onur.net\\\/tr\\\/\"},{\"@type\":\"ListItem\",\"position\":2,\"name\":\"KURUMSAL\",\"item\":\"https:\\\/\\\/www.onur.net\\\/kurumsal\\\/\"},{\"@type\":\"ListItem\",\"position\":3,\"name\":\"Noyan DEDE\"}]},{\"@type\":\"WebSite\",\"@id\":\"https:\\\/\\\/www.onur.net\\\/tr\\\/#website\",\"url\":\"https:\\\/\\\/www.onur.net\\\/tr\\\/\",\"name\":\"Onur Y\u00fcksek Teknoloji\",\"description\":\"Onur Y\u00fcksek Teknoloji\",\"publisher\":{\"@id\":\"https:\\\/\\\/www.onur.net\\\/tr\\\/#organization\"},\"alternateName\":\"Onur Y\u00fcksek Teknoloji\",\"potentialAction\":[{\"@type\":\"SearchAction\",\"target\":{\"@type\":\"EntryPoint\",\"urlTemplate\":\"https:\\\/\\\/www.onur.net\\\/tr\\\/?s={search_term_string}\"},\"query-input\":{\"@type\":\"PropertyValueSpecification\",\"valueRequired\":true,\"valueName\":\"search_term_string\"}}],\"inLanguage\":\"tr\"},{\"@type\":\"Organization\",\"@id\":\"https:\\\/\\\/www.onur.net\\\/tr\\\/#organization\",\"name\":\"Onur Y\u00fcksek Teknoloji\",\"alternateName\":\"Onur Y\u00fcksek Teknoloji\",\"url\":\"https:\\\/\\\/www.onur.net\\\/tr\\\/\",\"logo\":{\"@type\":\"ImageObject\",\"inLanguage\":\"tr\",\"@id\":\"https:\\\/\\\/www.onur.net\\\/tr\\\/#\\\/schema\\\/logo\\\/image\\\/\",\"url\":\"https:\\\/\\\/www.onur.net\\\/wp-content\\\/uploads\\\/2024\\\/01\\\/Asset-1-1.svg\",\"contentUrl\":\"https:\\\/\\\/www.onur.net\\\/wp-content\\\/uploads\\\/2024\\\/01\\\/Asset-1-1.svg\",\"width\":200,\"height\":130,\"caption\":\"Onur Y\u00fcksek Teknoloji\"},\"image\":{\"@id\":\"https:\\\/\\\/www.onur.net\\\/tr\\\/#\\\/schema\\\/logo\\\/image\\\/\"},\"sameAs\":[\"https:\\\/\\\/www.linkedin.com\\\/company\\\/onur-a-\\\/mycompany\\\/\"],\"description\":\"ONUR Y\u00dcKSEK TEKNOLOJ\u0130 A.\u015e. (OYT), 1980 y\u0131l\u0131nda sivil ve askeri haberle\u015fme uygulamalar\u0131na y\u00f6nelik m\u00fchendislik hizmetleri vermek \u00fczere kurulmu\u015ftur. Kuruldu\u011fu y\u0131llarda T\u00fcrk Silahl\u0131 Kuvvetleri ve NATO\u2019nun ileti\u015fim ihtiya\u00e7lar\u0131na y\u00f6nelik haberle\u015fme sistemlerinin tedariki ve entegrasyonlar\u0131n\u0131 ger\u00e7ekle\u015fen OYT, ilerleyen y\u0131llarda bu alandaki uzmanl\u0131\u011f\u0131n\u0131 daha da art\u0131rm\u0131\u015ft\u0131r. Hayata ge\u00e7irilen projelerden kazan\u0131lan m\u00fchendislik altyap\u0131s\u0131 sayesinde OYT, 1990\u2019l\u0131 y\u0131llardan itibaren hem sivil hem savunma sanayii projelerinde uluslararas\u0131 firmalar\u0131n i\u015f orta\u011f\u0131 olarak yer almaya ba\u015flam\u0131\u015ft\u0131r. Bu s\u00fcre\u00e7te \u015firketimiz, deniz trafi\u011fini izleme ve kontrol sistemleri, meteorolojik radar sistemleri ve gemi seyir radar sistemlerinin dahil oldu\u011fu pek \u00e7ok entegrasyon projesine imza atm\u0131\u015ft\u0131r. OYT, y\u0131llar i\u00e7inde haberle\u015fme sistemleri konusunda artan alan uzmanl\u0131\u011f\u0131 sayesinde, yeni nesil IP tabanl\u0131 ses haberle\u015fme sistemleri geli\u015ftirilmesine ili\u015fkin AR-GE \u00e7al\u0131\u015fmalar\u0131 ba\u015flatm\u0131\u015ft\u0131r. T\u00dcB\u0130TAK taraf\u0131ndan da desteklenen bu \u00e7al\u0131\u015fmalar neticesinde, 2010\u2019lu y\u0131llar\u0131n ba\u015f\u0131ndan itibaren \u00f6zellikle telsiz sistemleri entegrasyonu ve IP tabanl\u0131 a\u011f teknolojileri kapsam\u0131nda d\u00fcnyada \u00e7ok az firmada bulunan yedekli ve ger\u00e7ek zamanl\u0131 ses ve veri haberle\u015fme sistemleri tasar\u0131m\u0131 konusunda uzmanl\u0131\u011f\u0131n\u0131 art\u0131ran \u015firketimiz, g\u00fcn\u00fcm\u00fczde d\u00f6rt k\u0131taya ihra\u00e7 edilen Ses ve Veri Haberle\u015fme Sistemlerine ili\u015fkin \u00e7e\u015fitli \u00fcr\u00fcn gruplar\u0131na sahiptir. \u0130leti\u015fim sistemlerinin \u00fcretimi yan\u0131nda OYT, uluslararas\u0131 standartlara uyumlu sivil ve askeri havac\u0131l\u0131k sistemleri entegrasyonu yapabilen say\u0131l\u0131 yerli firmalardand\u0131r. \u015eirketimiz, Avrupa sivil havac\u0131l\u0131k standartlar\u0131n\u0131n olu\u015fturuldu\u011fu Avrupa Sivil Havac\u0131l\u0131k Te\u00e7hizat\u0131 Te\u015fkilat\u0131 EUROCAE (The European Organisation for Civil Aviation Equipment) kurumunun \u00e7e\u015fitli \u00e7al\u0131\u015fma gruplar\u0131n\u0131n \u00fcyesi olman\u0131n yan\u0131 s\u0131ra, ABD Federal Havac\u0131l\u0131k \u0130daresi (FAA) ve Avrupa Seyr\u00fcsefer Emniyeti Te\u015fkilat\u0131 EUROCONTROL\u2019un (The European Organisation for the Safety of Air Navigation) \u00e7al\u0131\u015fmalar\u0131n\u0131n aktif bir kat\u0131l\u0131mc\u0131s\u0131d\u0131r. Ayr\u0131ca \u015fi\",\"email\":\"marketing@onur.net\",\"telephone\":\"+90 (312) 235 1550\",\"legalName\":\"ONUR Y\u00dcKSEK TEKNOLOJ\u0130 A.\u015e.\",\"foundingDate\":\"1980-01-01\",\"numberOfEmployees\":{\"@type\":\"QuantitativeValue\",\"minValue\":\"201\",\"maxValue\":\"500\"},\"publishingPrinciples\":\"https:\\\/\\\/www.onur.net\\\/kvkk\\\/\"}]}<\/script>\n<!-- \/ Yoast SEO Premium plugin. -->","yoast_head_json":{"title":"Noyan DEDE - Onur Y\u00fcksek Teknoloji","robots":{"index":"index","follow":"follow","max-snippet":"max-snippet:-1","max-image-preview":"max-image-preview:large","max-video-preview":"max-video-preview:-1"},"canonical":"https:\/\/www.onur.net\/tr\/kurumsal\/noyan-dede-profil\/","og_locale":"tr_TR","og_type":"article","og_title":"Noyan DEDE","og_description":"Noyan DEDE Y\u00f6netim Kurulu Ba\u015fkan\u0131 \/ CEO\u200b 1974 Ankara do\u011fumlu Noyan Bur\u00e7in Dede, Southern Illinois University\u2019den makine m\u00fchendisli\u011fi lisans derecesi ile mezun olduktan sonra Bilkent \u00dcniversitesi\u2019nden i\u015fletme alan\u0131nda y\u00fcksek lisans derecesi alm\u0131\u015ft\u0131r. Kariyerine 1996 y\u0131l\u0131nda ONUR Y\u00fcksek Teknoloji A.\u015e.\u2019de proje m\u00fchendisi olarak ba\u015flay\u0131p s\u0131ras\u0131yla proje y\u00f6neticisi, teknik y\u00f6netici, \u015firket teknoloji y\u00f6neticisi gibi \u00e7e\u015fitli g\u00f6revlerde bulunduktan [&hellip;]","og_url":"https:\/\/www.onur.net\/tr\/kurumsal\/noyan-dede-profil\/","og_site_name":"Onur Y\u00fcksek Teknoloji","article_modified_time":"2026-02-27T10:36:33+00:00","og_image":[{"width":800,"height":971,"url":"https:\/\/www.onur.net\/wp-content\/uploads\/2024\/01\/Noyan-DEDE.png","type":"image\/png"}],"twitter_card":"summary_large_image","twitter_misc":{"Tahmini okuma s\u00fcresi":"1 dakika"},"schema":{"@context":"https:\/\/schema.org","@graph":[{"@type":"WebPage","@id":"https:\/\/www.onur.net\/kurumsal\/noyan-dede-profil\/","url":"https:\/\/www.onur.net\/kurumsal\/noyan-dede-profil\/","name":"Noyan DEDE - Onur Y\u00fcksek Teknoloji","isPartOf":{"@id":"https:\/\/www.onur.net\/tr\/#website"},"primaryImageOfPage":{"@id":"https:\/\/www.onur.net\/kurumsal\/noyan-dede-profil\/#primaryimage"},"image":{"@id":"https:\/\/www.onur.net\/kurumsal\/noyan-dede-profil\/#primaryimage"},"thumbnailUrl":"https:\/\/www.onur.net\/wp-content\/uploads\/2024\/01\/Noyan-DEDE.png","datePublished":"2024-01-10T06:51:05+00:00","dateModified":"2026-02-27T10:36:33+00:00","breadcrumb":{"@id":"https:\/\/www.onur.net\/kurumsal\/noyan-dede-profil\/#breadcrumb"},"inLanguage":"tr","potentialAction":[{"@type":"ReadAction","target":["https:\/\/www.onur.net\/kurumsal\/noyan-dede-profil\/"]}]},{"@type":"ImageObject","inLanguage":"tr","@id":"https:\/\/www.onur.net\/kurumsal\/noyan-dede-profil\/#primaryimage","url":"https:\/\/www.onur.net\/wp-content\/uploads\/2024\/01\/Noyan-DEDE.png","contentUrl":"https:\/\/www.onur.net\/wp-content\/uploads\/2024\/01\/Noyan-DEDE.png"},{"@type":"BreadcrumbList","@id":"https:\/\/www.onur.net\/kurumsal\/noyan-dede-profil\/#breadcrumb","itemListElement":[{"@type":"ListItem","position":1,"name":"Home","item":"https:\/\/www.onur.net\/tr\/"},{"@type":"ListItem","position":2,"name":"KURUMSAL","item":"https:\/\/www.onur.net\/kurumsal\/"},{"@type":"ListItem","position":3,"name":"Noyan DEDE"}]},{"@type":"WebSite","@id":"https:\/\/www.onur.net\/tr\/#website","url":"https:\/\/www.onur.net\/tr\/","name":"Onur Y\u00fcksek Teknoloji","description":"Onur Y\u00fcksek Teknoloji","publisher":{"@id":"https:\/\/www.onur.net\/tr\/#organization"},"alternateName":"Onur Y\u00fcksek Teknoloji","potentialAction":[{"@type":"SearchAction","target":{"@type":"EntryPoint","urlTemplate":"https:\/\/www.onur.net\/tr\/?s={search_term_string}"},"query-input":{"@type":"PropertyValueSpecification","valueRequired":true,"valueName":"search_term_string"}}],"inLanguage":"tr"},{"@type":"Organization","@id":"https:\/\/www.onur.net\/tr\/#organization","name":"Onur Y\u00fcksek Teknoloji","alternateName":"Onur Y\u00fcksek Teknoloji","url":"https:\/\/www.onur.net\/tr\/","logo":{"@type":"ImageObject","inLanguage":"tr","@id":"https:\/\/www.onur.net\/tr\/#\/schema\/logo\/image\/","url":"https:\/\/www.onur.net\/wp-content\/uploads\/2024\/01\/Asset-1-1.svg","contentUrl":"https:\/\/www.onur.net\/wp-content\/uploads\/2024\/01\/Asset-1-1.svg","width":200,"height":130,"caption":"Onur Y\u00fcksek Teknoloji"},"image":{"@id":"https:\/\/www.onur.net\/tr\/#\/schema\/logo\/image\/"},"sameAs":["https:\/\/www.linkedin.com\/company\/onur-a-\/mycompany\/"],"description":"ONUR Y\u00dcKSEK TEKNOLOJ\u0130 A.\u015e. (OYT), 1980 y\u0131l\u0131nda sivil ve askeri haberle\u015fme uygulamalar\u0131na y\u00f6nelik m\u00fchendislik hizmetleri vermek \u00fczere kurulmu\u015ftur. Kuruldu\u011fu y\u0131llarda T\u00fcrk Silahl\u0131 Kuvvetleri ve NATO\u2019nun ileti\u015fim ihtiya\u00e7lar\u0131na y\u00f6nelik haberle\u015fme sistemlerinin tedariki ve entegrasyonlar\u0131n\u0131 ger\u00e7ekle\u015fen OYT, ilerleyen y\u0131llarda bu alandaki uzmanl\u0131\u011f\u0131n\u0131 daha da art\u0131rm\u0131\u015ft\u0131r. Hayata ge\u00e7irilen projelerden kazan\u0131lan m\u00fchendislik altyap\u0131s\u0131 sayesinde OYT, 1990\u2019l\u0131 y\u0131llardan itibaren hem sivil hem savunma sanayii projelerinde uluslararas\u0131 firmalar\u0131n i\u015f orta\u011f\u0131 olarak yer almaya ba\u015flam\u0131\u015ft\u0131r. Bu s\u00fcre\u00e7te \u015firketimiz, deniz trafi\u011fini izleme ve kontrol sistemleri, meteorolojik radar sistemleri ve gemi seyir radar sistemlerinin dahil oldu\u011fu pek \u00e7ok entegrasyon projesine imza atm\u0131\u015ft\u0131r. OYT, y\u0131llar i\u00e7inde haberle\u015fme sistemleri konusunda artan alan uzmanl\u0131\u011f\u0131 sayesinde, yeni nesil IP tabanl\u0131 ses haberle\u015fme sistemleri geli\u015ftirilmesine ili\u015fkin AR-GE \u00e7al\u0131\u015fmalar\u0131 ba\u015flatm\u0131\u015ft\u0131r. T\u00dcB\u0130TAK taraf\u0131ndan da desteklenen bu \u00e7al\u0131\u015fmalar neticesinde, 2010\u2019lu y\u0131llar\u0131n ba\u015f\u0131ndan itibaren \u00f6zellikle telsiz sistemleri entegrasyonu ve IP tabanl\u0131 a\u011f teknolojileri kapsam\u0131nda d\u00fcnyada \u00e7ok az firmada bulunan yedekli ve ger\u00e7ek zamanl\u0131 ses ve veri haberle\u015fme sistemleri tasar\u0131m\u0131 konusunda uzmanl\u0131\u011f\u0131n\u0131 art\u0131ran \u015firketimiz, g\u00fcn\u00fcm\u00fczde d\u00f6rt k\u0131taya ihra\u00e7 edilen Ses ve Veri Haberle\u015fme Sistemlerine ili\u015fkin \u00e7e\u015fitli \u00fcr\u00fcn gruplar\u0131na sahiptir. \u0130leti\u015fim sistemlerinin \u00fcretimi yan\u0131nda OYT, uluslararas\u0131 standartlara uyumlu sivil ve askeri havac\u0131l\u0131k sistemleri entegrasyonu yapabilen say\u0131l\u0131 yerli firmalardand\u0131r. \u015eirketimiz, Avrupa sivil havac\u0131l\u0131k standartlar\u0131n\u0131n olu\u015fturuldu\u011fu Avrupa Sivil Havac\u0131l\u0131k Te\u00e7hizat\u0131 Te\u015fkilat\u0131 EUROCAE (The European Organisation for Civil Aviation Equipment) kurumunun \u00e7e\u015fitli \u00e7al\u0131\u015fma gruplar\u0131n\u0131n \u00fcyesi olman\u0131n yan\u0131 s\u0131ra, ABD Federal Havac\u0131l\u0131k \u0130daresi (FAA) ve Avrupa Seyr\u00fcsefer Emniyeti Te\u015fkilat\u0131 EUROCONTROL\u2019un (The European Organisation for the Safety of Air Navigation) \u00e7al\u0131\u015fmalar\u0131n\u0131n aktif bir kat\u0131l\u0131mc\u0131s\u0131d\u0131r. Ayr\u0131ca \u015fi","email":"marketing@onur.net","telephone":"+90 (312) 235 1550","legalName":"ONUR Y\u00dcKSEK TEKNOLOJ\u0130 A.\u015e.","foundingDate":"1980-01-01","numberOfEmployees":{"@type":"QuantitativeValue","minValue":"201","maxValue":"500"},"publishingPrinciples":"https:\/\/www.onur.net\/kvkk\/"}]}},"_links":{"self":[{"href":"https:\/\/www.onur.net\/tr\/wp-json\/wp\/v2\/pages\/2046","targetHints":{"allow":["GET"]}}],"collection":[{"href":"https:\/\/www.onur.net\/tr\/wp-json\/wp\/v2\/pages"}],"about":[{"href":"https:\/\/www.onur.net\/tr\/wp-json\/wp\/v2\/types\/page"}],"author":[{"embeddable":true,"href":"https:\/\/www.onur.net\/tr\/wp-json\/wp\/v2\/users\/1"}],"replies":[{"embeddable":true,"href":"https:\/\/www.onur.net\/tr\/wp-json\/wp\/v2\/comments?post=2046"}],"version-history":[{"count":3,"href":"https:\/\/www.onur.net\/tr\/wp-json\/wp\/v2\/pages\/2046\/revisions"}],"predecessor-version":[{"id":7338,"href":"https:\/\/www.onur.net\/tr\/wp-json\/wp\/v2\/pages\/2046\/revisions\/7338"}],"up":[{"embeddable":true,"href":"https:\/\/www.onur.net\/tr\/wp-json\/wp\/v2\/pages\/35"}],"wp:attachment":[{"href":"https:\/\/www.onur.net\/tr\/wp-json\/wp\/v2\/media?parent=2046"}],"curies":[{"name":"wp","href":"https:\/\/api.w.org\/{rel}","templated":true}]}}