{"id":6822,"date":"2025-08-11T18:00:18","date_gmt":"2025-08-11T18:00:18","guid":{"rendered":"https:\/\/www.onur.net\/?page_id=6822"},"modified":"2025-08-11T18:03:58","modified_gmt":"2025-08-11T18:03:58","slug":"finansal-tablolar-2025","status":"publish","type":"page","link":"https:\/\/www.onur.net\/en\/investor-relations\/finansal-tablolar-2025\/","title":{"rendered":"Finansal Tablolar\u200b 2025"},"content":{"rendered":"<div data-elementor-type=\"wp-post\" data-elementor-id=\"6822\" class=\"elementor elementor-6822\" data-elementor-post-type=\"page\">\n\t\t\t\t<div data-dce-background-image-url=\"https:\/\/www.onur.net\/wp-content\/uploads\/2024\/01\/banner-cover-yatirimci-iliskileri-web.jpg\" class=\"elementor-element elementor-element-8dbf513 e-flex e-con-boxed e-con e-parent\" data-id=\"8dbf513\" data-element_type=\"container\" data-e-type=\"container\" data-settings=\"{&quot;background_background&quot;:&quot;classic&quot;}\">\n\t\t\t\t\t<div class=\"e-con-inner\">\n\t\t<div class=\"elementor-element elementor-element-0b3c5fb e-flex e-con-boxed e-con e-child\" data-id=\"0b3c5fb\" data-element_type=\"container\" data-e-type=\"container\">\n\t\t\t\t\t<div class=\"e-con-inner\">\n\t\t\t\t<div class=\"elementor-element elementor-element-86d1a60 elementor-widget elementor-widget-heading\" data-id=\"86d1a60\" data-element_type=\"widget\" data-e-type=\"widget\" data-widget_type=\"heading.default\">\n\t\t\t\t<div class=\"elementor-widget-container\">\n\t\t\t\t\t<h2 class=\"elementor-heading-title elementor-size-default\">Finansal Tablolar 2025<\/h2>\t\t\t\t<\/div>\n\t\t\t\t<\/div>\n\t\t\t\t<div class=\"elementor-element elementor-element-a3cee25 elementor-widget elementor-widget-heading\" data-id=\"a3cee25\" data-element_type=\"widget\" data-e-type=\"widget\" data-widget_type=\"heading.default\">\n\t\t\t\t<div class=\"elementor-widget-container\">\n\t\t\t\t\t<span class=\"elementor-heading-title elementor-size-default\">Investor Relations<\/span>\t\t\t\t<\/div>\n\t\t\t\t<\/div>\n\t\t\t\t\t<\/div>\n\t\t\t\t<\/div>\n\t\t<div class=\"elementor-element elementor-element-734d02a e-con-full e-flex e-con e-child\" data-id=\"734d02a\" data-element_type=\"container\" data-e-type=\"container\">\n\t\t\t\t<\/div>\n\t\t\t\t\t<\/div>\n\t\t\t\t<\/div>\n\t\t<div class=\"elementor-element elementor-element-21221b4 e-flex e-con-boxed e-con e-child\" data-id=\"21221b4\" data-element_type=\"container\" data-e-type=\"container\">\n\t\t\t\t\t<div class=\"e-con-inner\">\n\t\t\t\t<div class=\"elementor-element elementor-element-43b748c elementor-widget elementor-widget-heading\" data-id=\"43b748c\" data-element_type=\"widget\" data-e-type=\"widget\" data-widget_type=\"heading.default\">\n\t\t\t\t<div class=\"elementor-widget-container\">\n\t\t\t\t\t<p class=\"elementor-heading-title elementor-size-default\"><a href=\"https:\/\/www.onur.net\/wp-content\/uploads\/OYT-Finansal-Tablo.pdf\" target=\"_blank\">Onur Y\u00fcksek Teknoloji A.\u015e. S\u0131n\u0131rl\u0131 Ba\u011f\u0131ms\u0131z Denetimden Ge\u00e7mi\u015f 30.06.2025 Tarihli Finansal Tablolar<\/a><\/p>\t\t\t\t<\/div>\n\t\t\t\t<\/div>\n\t\t\t\t<div class=\"elementor-element elementor-element-ed87c51 elementor-view-default elementor-widget elementor-widget-icon\" data-id=\"ed87c51\" data-element_type=\"widget\" data-e-type=\"widget\" data-widget_type=\"icon.default\">\n\t\t\t\t<div class=\"elementor-widget-container\">\n\t\t\t\t\t\t\t<div class=\"elementor-icon-wrapper\">\n\t\t\t<a class=\"elementor-icon\" href=\"https:\/\/www.onur.net\/wp-content\/uploads\/OYT-Finansal-Tablo.pdf\" target=\"_blank\">\n\t\t\t<svg xmlns=\"http:\/\/www.w3.org\/2000\/svg\" xmlns:xlink=\"http:\/\/www.w3.org\/1999\/xlink\" id=\"Layer_1\" x=\"0px\" y=\"0px\" viewbox=\"0 0 512 512\" style=\"enable-background:new 0 0 512 512;\" xml:space=\"preserve\"><g>\t<g>\t\t<path d=\"M494.479,138.557L364.04,3.018C362.183,1.09,359.621,0,356.945,0h-194.41c-21.757,0-39.458,17.694-39.458,39.442v137.789   H44.29c-16.278,0-29.521,13.239-29.521,29.513v147.744C14.769,370.761,28.012,384,44.29,384h78.787v88.627   c0,21.71,17.701,39.373,39.458,39.373h295.238c21.757,0,39.458-17.653,39.458-39.351V145.385   C497.231,142.839,496.244,140.392,494.479,138.557z M359.385,26.581l107.079,111.265H359.385V26.581z M44.29,364.308   c-5.42,0-9.828-4.405-9.828-9.82V206.744c0-5.415,4.409-9.821,9.828-9.821h265.882c5.42,0,9.828,4.406,9.828,9.821v147.744   c0,5.415-4.409,9.82-9.828,9.82H44.29z M477.538,472.649c0,10.84-8.867,19.659-19.766,19.659H162.535   c-10.899,0-19.766-8.828-19.766-19.68V384h167.403c16.278,0,29.521-13.239,29.521-29.512V206.744   c0-16.274-13.243-29.513-29.521-29.513H142.769V39.442c0-10.891,8.867-19.75,19.766-19.75h177.157v128   c0,5.438,4.409,9.846,9.846,9.846h128V472.649z\"><\/path>\t<\/g><\/g><g>\t<g>\t\t<path d=\"M132.481,249.894c-3.269-4.25-7.327-7.01-12.173-8.279c-3.154-0.846-9.923-1.269-20.308-1.269H72.596v84.577h17.077   v-31.904h11.135c7.731,0,13.635-0.404,17.712-1.212c3-0.654,5.952-1.99,8.856-4.01c2.904-2.019,5.298-4.798,7.183-8.336   c1.885-3.538,2.827-7.904,2.827-13.096C137.385,259.634,135.75,254.144,132.481,249.894z M117.856,273.173   c-1.288,1.885-3.067,3.269-5.337,4.154s-6.769,1.327-13.5,1.327h-9.346v-24h8.25c6.154,0,10.25,0.192,12.288,0.577   c2.769,0.5,5.058,1.75,6.865,3.75c1.808,2,2.712,4.539,2.712,7.615C119.789,269.096,119.144,271.288,117.856,273.173z\"><\/path>\t<\/g><\/g><g>\t<g>\t\t<path d=\"M219.481,263.452c-1.846-5.404-4.539-9.971-8.077-13.702s-7.789-6.327-12.75-7.789c-3.692-1.077-9.058-1.615-16.096-1.615   h-31.212v84.577h32.135c6.308,0,11.346-0.596,15.115-1.789c5.039-1.615,9.039-3.865,12-6.75c3.923-3.808,6.942-8.788,9.058-14.942   c1.731-5.039,2.596-11.039,2.596-18C222.25,275.519,221.327,268.856,219.481,263.452z M202.865,298.183   c-1.154,3.789-2.644,6.51-4.471,8.163c-1.827,1.654-4.125,2.827-6.894,3.519c-2.115,0.539-5.558,0.808-10.327,0.808h-12.75v0   v-56.019h7.673c6.961,0,11.635,0.269,14.019,0.808c3.192,0.692,5.827,2.019,7.904,3.981c2.077,1.962,3.692,4.692,4.846,8.192   c1.154,3.5,1.731,8.519,1.731,15.058C204.596,289.231,204.019,294.394,202.865,298.183z\"><\/path>\t<\/g><\/g><g>\t<g>\t\t<polygon points=\"294.827,254.654 294.827,240.346 236.846,240.346 236.846,324.923 253.923,324.923 253.923,288.981    289.231,288.981 289.231,274.673 253.923,274.673 253.923,254.654   \"><\/polygon>\t<\/g><\/g><g><\/g><g><\/g><g><\/g><g><\/g><g><\/g><g><\/g><g><\/g><g><\/g><g><\/g><g><\/g><g><\/g><g><\/g><g><\/g><g><\/g><g><\/g><\/svg>\t\t\t<\/a>\n\t\t<\/div>\n\t\t\t\t\t\t<\/div>\n\t\t\t\t<\/div>\n\t\t\t\t\t<\/div>\n\t\t\t\t<\/div>\n\t\t<!-- dce invisible element 5b1aec3 -->\t\t<\/div>","protected":false},"excerpt":{"rendered":"<p>Finansal Tablolar 2025 Yat\u0131r\u0131mc\u0131 \u0130li\u015fkileri Onur Y\u00fcksek Teknoloji A.\u015e. S\u0131n\u0131rl\u0131 Ba\u011f\u0131ms\u0131z Denetimden Ge\u00e7mi\u015f 30.06.2025 Tarihli Finansal Tablolar Onur Y\u00fcksek Teknoloji A.\u015e. Ba\u011f\u0131ms\u0131z Denetimden ge\u00e7memi\u015f 30.09.2024 tarihli finansal tablolar<\/p>","protected":false},"author":1,"featured_media":0,"parent":4349,"menu_order":0,"comment_status":"closed","ping_status":"closed","template":"","meta":{"_acf_changed":false,"footnotes":""},"class_list":["post-6822","page","type-page","status-publish","hentry"],"acf":[],"yoast_head":"<!-- This site is optimized with the Yoast SEO Premium plugin v27.5 (Yoast SEO v27.5) - https:\/\/yoast.com\/product\/yoast-seo-premium-wordpress\/ -->\n<title>Finansal Tablolar\u200b 2025 - Onur Y\u00fcksek Teknoloji<\/title>\n<meta name=\"robots\" content=\"index, follow, max-snippet:-1, max-image-preview:large, max-video-preview:-1\" \/>\n<link rel=\"canonical\" href=\"https:\/\/www.onur.net\/en\/investor-relations\/finansal-tablolar-2025\/\" \/>\n<meta property=\"og:locale\" content=\"en_US\" \/>\n<meta property=\"og:type\" content=\"article\" \/>\n<meta property=\"og:title\" content=\"Finansal Tablolar\u200b 2025\" \/>\n<meta property=\"og:description\" content=\"Finansal Tablolar 2025 Yat\u0131r\u0131mc\u0131 \u0130li\u015fkileri Onur Y\u00fcksek Teknoloji A.\u015e. S\u0131n\u0131rl\u0131 Ba\u011f\u0131ms\u0131z Denetimden Ge\u00e7mi\u015f 30.06.2025 Tarihli Finansal Tablolar Onur Y\u00fcksek Teknoloji A.\u015e. Ba\u011f\u0131ms\u0131z Denetimden ge\u00e7memi\u015f 30.09.2024 tarihli finansal tablolar\" \/>\n<meta property=\"og:url\" content=\"https:\/\/www.onur.net\/en\/investor-relations\/finansal-tablolar-2025\/\" \/>\n<meta property=\"og:site_name\" content=\"Onur Y\u00fcksek Teknoloji\" \/>\n<meta property=\"article:modified_time\" content=\"2025-08-11T18:03:58+00:00\" \/>\n<meta property=\"og:image\" content=\"https:\/\/www.onur.net\/wp-content\/uploads\/Screenshot_1-2.png\" \/>\n\t<meta property=\"og:image:width\" content=\"1894\" \/>\n\t<meta property=\"og:image:height\" content=\"917\" \/>\n\t<meta property=\"og:image:type\" content=\"image\/png\" \/>\n<meta name=\"twitter:card\" content=\"summary_large_image\" \/>\n<meta name=\"twitter:label1\" content=\"Est. reading time\" \/>\n\t<meta name=\"twitter:data1\" content=\"1 minute\" \/>\n<script type=\"application\/ld+json\" class=\"yoast-schema-graph\">{\"@context\":\"https:\\\/\\\/schema.org\",\"@graph\":[{\"@type\":\"WebPage\",\"@id\":\"https:\\\/\\\/www.onur.net\\\/yatirimci-iliskileri\\\/finansal-tablolar-2025\\\/\",\"url\":\"https:\\\/\\\/www.onur.net\\\/yatirimci-iliskileri\\\/finansal-tablolar-2025\\\/\",\"name\":\"Finansal Tablolar\u200b 2025 - Onur Y\u00fcksek Teknoloji\",\"isPartOf\":{\"@id\":\"https:\\\/\\\/www.onur.net\\\/tr\\\/#website\"},\"datePublished\":\"2025-08-11T18:00:18+00:00\",\"dateModified\":\"2025-08-11T18:03:58+00:00\",\"breadcrumb\":{\"@id\":\"https:\\\/\\\/www.onur.net\\\/yatirimci-iliskileri\\\/finansal-tablolar-2025\\\/#breadcrumb\"},\"inLanguage\":\"en-US\",\"potentialAction\":[{\"@type\":\"ReadAction\",\"target\":[\"https:\\\/\\\/www.onur.net\\\/yatirimci-iliskileri\\\/finansal-tablolar-2025\\\/\"]}]},{\"@type\":\"BreadcrumbList\",\"@id\":\"https:\\\/\\\/www.onur.net\\\/yatirimci-iliskileri\\\/finansal-tablolar-2025\\\/#breadcrumb\",\"itemListElement\":[{\"@type\":\"ListItem\",\"position\":1,\"name\":\"Home\",\"item\":\"https:\\\/\\\/www.onur.net\\\/tr\\\/\"},{\"@type\":\"ListItem\",\"position\":2,\"name\":\"YATIRIMCI \u0130L\u0130\u015eK\u0130LER\u0130\",\"item\":\"https:\\\/\\\/www.onur.net\\\/yatirimci-iliskileri\\\/\"},{\"@type\":\"ListItem\",\"position\":3,\"name\":\"Finansal Tablolar\u200b 2025\"}]},{\"@type\":\"WebSite\",\"@id\":\"https:\\\/\\\/www.onur.net\\\/tr\\\/#website\",\"url\":\"https:\\\/\\\/www.onur.net\\\/tr\\\/\",\"name\":\"Onur Y\u00fcksek Teknoloji\",\"description\":\"Onur Y\u00fcksek Teknoloji\",\"publisher\":{\"@id\":\"https:\\\/\\\/www.onur.net\\\/tr\\\/#organization\"},\"alternateName\":\"Onur Y\u00fcksek Teknoloji\",\"potentialAction\":[{\"@type\":\"SearchAction\",\"target\":{\"@type\":\"EntryPoint\",\"urlTemplate\":\"https:\\\/\\\/www.onur.net\\\/tr\\\/?s={search_term_string}\"},\"query-input\":{\"@type\":\"PropertyValueSpecification\",\"valueRequired\":true,\"valueName\":\"search_term_string\"}}],\"inLanguage\":\"en-US\"},{\"@type\":\"Organization\",\"@id\":\"https:\\\/\\\/www.onur.net\\\/tr\\\/#organization\",\"name\":\"Onur Y\u00fcksek Teknoloji\",\"alternateName\":\"Onur Y\u00fcksek Teknoloji\",\"url\":\"https:\\\/\\\/www.onur.net\\\/tr\\\/\",\"logo\":{\"@type\":\"ImageObject\",\"inLanguage\":\"en-US\",\"@id\":\"https:\\\/\\\/www.onur.net\\\/tr\\\/#\\\/schema\\\/logo\\\/image\\\/\",\"url\":\"https:\\\/\\\/www.onur.net\\\/wp-content\\\/uploads\\\/2024\\\/01\\\/Asset-1-1.svg\",\"contentUrl\":\"https:\\\/\\\/www.onur.net\\\/wp-content\\\/uploads\\\/2024\\\/01\\\/Asset-1-1.svg\",\"width\":200,\"height\":130,\"caption\":\"Onur Y\u00fcksek Teknoloji\"},\"image\":{\"@id\":\"https:\\\/\\\/www.onur.net\\\/tr\\\/#\\\/schema\\\/logo\\\/image\\\/\"},\"sameAs\":[\"https:\\\/\\\/www.linkedin.com\\\/company\\\/onur-a-\\\/mycompany\\\/\"],\"description\":\"ONUR Y\u00dcKSEK TEKNOLOJ\u0130 A.\u015e. (OYT), 1980 y\u0131l\u0131nda sivil ve askeri haberle\u015fme uygulamalar\u0131na y\u00f6nelik m\u00fchendislik hizmetleri vermek \u00fczere kurulmu\u015ftur. Kuruldu\u011fu y\u0131llarda T\u00fcrk Silahl\u0131 Kuvvetleri ve NATO\u2019nun ileti\u015fim ihtiya\u00e7lar\u0131na y\u00f6nelik haberle\u015fme sistemlerinin tedariki ve entegrasyonlar\u0131n\u0131 ger\u00e7ekle\u015fen OYT, ilerleyen y\u0131llarda bu alandaki uzmanl\u0131\u011f\u0131n\u0131 daha da art\u0131rm\u0131\u015ft\u0131r. Hayata ge\u00e7irilen projelerden kazan\u0131lan m\u00fchendislik altyap\u0131s\u0131 sayesinde OYT, 1990\u2019l\u0131 y\u0131llardan itibaren hem sivil hem savunma sanayii projelerinde uluslararas\u0131 firmalar\u0131n i\u015f orta\u011f\u0131 olarak yer almaya ba\u015flam\u0131\u015ft\u0131r. Bu s\u00fcre\u00e7te \u015firketimiz, deniz trafi\u011fini izleme ve kontrol sistemleri, meteorolojik radar sistemleri ve gemi seyir radar sistemlerinin dahil oldu\u011fu pek \u00e7ok entegrasyon projesine imza atm\u0131\u015ft\u0131r. OYT, y\u0131llar i\u00e7inde haberle\u015fme sistemleri konusunda artan alan uzmanl\u0131\u011f\u0131 sayesinde, yeni nesil IP tabanl\u0131 ses haberle\u015fme sistemleri geli\u015ftirilmesine ili\u015fkin AR-GE \u00e7al\u0131\u015fmalar\u0131 ba\u015flatm\u0131\u015ft\u0131r. T\u00dcB\u0130TAK taraf\u0131ndan da desteklenen bu \u00e7al\u0131\u015fmalar neticesinde, 2010\u2019lu y\u0131llar\u0131n ba\u015f\u0131ndan itibaren \u00f6zellikle telsiz sistemleri entegrasyonu ve IP tabanl\u0131 a\u011f teknolojileri kapsam\u0131nda d\u00fcnyada \u00e7ok az firmada bulunan yedekli ve ger\u00e7ek zamanl\u0131 ses ve veri haberle\u015fme sistemleri tasar\u0131m\u0131 konusunda uzmanl\u0131\u011f\u0131n\u0131 art\u0131ran \u015firketimiz, g\u00fcn\u00fcm\u00fczde d\u00f6rt k\u0131taya ihra\u00e7 edilen Ses ve Veri Haberle\u015fme Sistemlerine ili\u015fkin \u00e7e\u015fitli \u00fcr\u00fcn gruplar\u0131na sahiptir. \u0130leti\u015fim sistemlerinin \u00fcretimi yan\u0131nda OYT, uluslararas\u0131 standartlara uyumlu sivil ve askeri havac\u0131l\u0131k sistemleri entegrasyonu yapabilen say\u0131l\u0131 yerli firmalardand\u0131r. \u015eirketimiz, Avrupa sivil havac\u0131l\u0131k standartlar\u0131n\u0131n olu\u015fturuldu\u011fu Avrupa Sivil Havac\u0131l\u0131k Te\u00e7hizat\u0131 Te\u015fkilat\u0131 EUROCAE (The European Organisation for Civil Aviation Equipment) kurumunun \u00e7e\u015fitli \u00e7al\u0131\u015fma gruplar\u0131n\u0131n \u00fcyesi olman\u0131n yan\u0131 s\u0131ra, ABD Federal Havac\u0131l\u0131k \u0130daresi (FAA) ve Avrupa Seyr\u00fcsefer Emniyeti Te\u015fkilat\u0131 EUROCONTROL\u2019un (The European Organisation for the Safety of Air Navigation) \u00e7al\u0131\u015fmalar\u0131n\u0131n aktif bir kat\u0131l\u0131mc\u0131s\u0131d\u0131r. Ayr\u0131ca \u015fi\",\"email\":\"marketing@onur.net\",\"telephone\":\"+90 (312) 235 1550\",\"legalName\":\"ONUR Y\u00dcKSEK TEKNOLOJ\u0130 A.\u015e.\",\"foundingDate\":\"1980-01-01\",\"numberOfEmployees\":{\"@type\":\"QuantitativeValue\",\"minValue\":\"201\",\"maxValue\":\"500\"},\"publishingPrinciples\":\"https:\\\/\\\/www.onur.net\\\/kvkk\\\/\"}]}<\/script>\n<!-- \/ Yoast SEO Premium plugin. -->","yoast_head_json":{"title":"Finansal Tablolar\u200b 2025 - Onur Y\u00fcksek Teknoloji","robots":{"index":"index","follow":"follow","max-snippet":"max-snippet:-1","max-image-preview":"max-image-preview:large","max-video-preview":"max-video-preview:-1"},"canonical":"https:\/\/www.onur.net\/en\/investor-relations\/finansal-tablolar-2025\/","og_locale":"en_US","og_type":"article","og_title":"Finansal Tablolar\u200b 2025","og_description":"Finansal Tablolar 2025 Yat\u0131r\u0131mc\u0131 \u0130li\u015fkileri Onur Y\u00fcksek Teknoloji A.\u015e. S\u0131n\u0131rl\u0131 Ba\u011f\u0131ms\u0131z Denetimden Ge\u00e7mi\u015f 30.06.2025 Tarihli Finansal Tablolar Onur Y\u00fcksek Teknoloji A.\u015e. Ba\u011f\u0131ms\u0131z Denetimden ge\u00e7memi\u015f 30.09.2024 tarihli finansal tablolar","og_url":"https:\/\/www.onur.net\/en\/investor-relations\/finansal-tablolar-2025\/","og_site_name":"Onur Y\u00fcksek Teknoloji","article_modified_time":"2025-08-11T18:03:58+00:00","og_image":[{"width":1894,"height":917,"url":"https:\/\/www.onur.net\/wp-content\/uploads\/Screenshot_1-2.png","type":"image\/png"}],"twitter_card":"summary_large_image","twitter_misc":{"Est. reading time":"1 minute"},"schema":{"@context":"https:\/\/schema.org","@graph":[{"@type":"WebPage","@id":"https:\/\/www.onur.net\/yatirimci-iliskileri\/finansal-tablolar-2025\/","url":"https:\/\/www.onur.net\/yatirimci-iliskileri\/finansal-tablolar-2025\/","name":"Finansal Tablolar\u200b 2025 - Onur Y\u00fcksek Teknoloji","isPartOf":{"@id":"https:\/\/www.onur.net\/tr\/#website"},"datePublished":"2025-08-11T18:00:18+00:00","dateModified":"2025-08-11T18:03:58+00:00","breadcrumb":{"@id":"https:\/\/www.onur.net\/yatirimci-iliskileri\/finansal-tablolar-2025\/#breadcrumb"},"inLanguage":"en-US","potentialAction":[{"@type":"ReadAction","target":["https:\/\/www.onur.net\/yatirimci-iliskileri\/finansal-tablolar-2025\/"]}]},{"@type":"BreadcrumbList","@id":"https:\/\/www.onur.net\/yatirimci-iliskileri\/finansal-tablolar-2025\/#breadcrumb","itemListElement":[{"@type":"ListItem","position":1,"name":"Home","item":"https:\/\/www.onur.net\/tr\/"},{"@type":"ListItem","position":2,"name":"YATIRIMCI \u0130L\u0130\u015eK\u0130LER\u0130","item":"https:\/\/www.onur.net\/yatirimci-iliskileri\/"},{"@type":"ListItem","position":3,"name":"Finansal Tablolar\u200b 2025"}]},{"@type":"WebSite","@id":"https:\/\/www.onur.net\/tr\/#website","url":"https:\/\/www.onur.net\/tr\/","name":"Onur Y\u00fcksek Teknoloji","description":"Onur Y\u00fcksek Teknoloji","publisher":{"@id":"https:\/\/www.onur.net\/tr\/#organization"},"alternateName":"Onur Y\u00fcksek Teknoloji","potentialAction":[{"@type":"SearchAction","target":{"@type":"EntryPoint","urlTemplate":"https:\/\/www.onur.net\/tr\/?s={search_term_string}"},"query-input":{"@type":"PropertyValueSpecification","valueRequired":true,"valueName":"search_term_string"}}],"inLanguage":"en-US"},{"@type":"Organization","@id":"https:\/\/www.onur.net\/tr\/#organization","name":"Onur Y\u00fcksek Teknoloji","alternateName":"Onur Y\u00fcksek Teknoloji","url":"https:\/\/www.onur.net\/tr\/","logo":{"@type":"ImageObject","inLanguage":"en-US","@id":"https:\/\/www.onur.net\/tr\/#\/schema\/logo\/image\/","url":"https:\/\/www.onur.net\/wp-content\/uploads\/2024\/01\/Asset-1-1.svg","contentUrl":"https:\/\/www.onur.net\/wp-content\/uploads\/2024\/01\/Asset-1-1.svg","width":200,"height":130,"caption":"Onur Y\u00fcksek Teknoloji"},"image":{"@id":"https:\/\/www.onur.net\/tr\/#\/schema\/logo\/image\/"},"sameAs":["https:\/\/www.linkedin.com\/company\/onur-a-\/mycompany\/"],"description":"ONUR Y\u00dcKSEK TEKNOLOJ\u0130 A.\u015e. (OYT), 1980 y\u0131l\u0131nda sivil ve askeri haberle\u015fme uygulamalar\u0131na y\u00f6nelik m\u00fchendislik hizmetleri vermek \u00fczere kurulmu\u015ftur. Kuruldu\u011fu y\u0131llarda T\u00fcrk Silahl\u0131 Kuvvetleri ve NATO\u2019nun ileti\u015fim ihtiya\u00e7lar\u0131na y\u00f6nelik haberle\u015fme sistemlerinin tedariki ve entegrasyonlar\u0131n\u0131 ger\u00e7ekle\u015fen OYT, ilerleyen y\u0131llarda bu alandaki uzmanl\u0131\u011f\u0131n\u0131 daha da art\u0131rm\u0131\u015ft\u0131r. Hayata ge\u00e7irilen projelerden kazan\u0131lan m\u00fchendislik altyap\u0131s\u0131 sayesinde OYT, 1990\u2019l\u0131 y\u0131llardan itibaren hem sivil hem savunma sanayii projelerinde uluslararas\u0131 firmalar\u0131n i\u015f orta\u011f\u0131 olarak yer almaya ba\u015flam\u0131\u015ft\u0131r. Bu s\u00fcre\u00e7te \u015firketimiz, deniz trafi\u011fini izleme ve kontrol sistemleri, meteorolojik radar sistemleri ve gemi seyir radar sistemlerinin dahil oldu\u011fu pek \u00e7ok entegrasyon projesine imza atm\u0131\u015ft\u0131r. OYT, y\u0131llar i\u00e7inde haberle\u015fme sistemleri konusunda artan alan uzmanl\u0131\u011f\u0131 sayesinde, yeni nesil IP tabanl\u0131 ses haberle\u015fme sistemleri geli\u015ftirilmesine ili\u015fkin AR-GE \u00e7al\u0131\u015fmalar\u0131 ba\u015flatm\u0131\u015ft\u0131r. T\u00dcB\u0130TAK taraf\u0131ndan da desteklenen bu \u00e7al\u0131\u015fmalar neticesinde, 2010\u2019lu y\u0131llar\u0131n ba\u015f\u0131ndan itibaren \u00f6zellikle telsiz sistemleri entegrasyonu ve IP tabanl\u0131 a\u011f teknolojileri kapsam\u0131nda d\u00fcnyada \u00e7ok az firmada bulunan yedekli ve ger\u00e7ek zamanl\u0131 ses ve veri haberle\u015fme sistemleri tasar\u0131m\u0131 konusunda uzmanl\u0131\u011f\u0131n\u0131 art\u0131ran \u015firketimiz, g\u00fcn\u00fcm\u00fczde d\u00f6rt k\u0131taya ihra\u00e7 edilen Ses ve Veri Haberle\u015fme Sistemlerine ili\u015fkin \u00e7e\u015fitli \u00fcr\u00fcn gruplar\u0131na sahiptir. \u0130leti\u015fim sistemlerinin \u00fcretimi yan\u0131nda OYT, uluslararas\u0131 standartlara uyumlu sivil ve askeri havac\u0131l\u0131k sistemleri entegrasyonu yapabilen say\u0131l\u0131 yerli firmalardand\u0131r. \u015eirketimiz, Avrupa sivil havac\u0131l\u0131k standartlar\u0131n\u0131n olu\u015fturuldu\u011fu Avrupa Sivil Havac\u0131l\u0131k Te\u00e7hizat\u0131 Te\u015fkilat\u0131 EUROCAE (The European Organisation for Civil Aviation Equipment) kurumunun \u00e7e\u015fitli \u00e7al\u0131\u015fma gruplar\u0131n\u0131n \u00fcyesi olman\u0131n yan\u0131 s\u0131ra, ABD Federal Havac\u0131l\u0131k \u0130daresi (FAA) ve Avrupa Seyr\u00fcsefer Emniyeti Te\u015fkilat\u0131 EUROCONTROL\u2019un (The European Organisation for the Safety of Air Navigation) \u00e7al\u0131\u015fmalar\u0131n\u0131n aktif bir kat\u0131l\u0131mc\u0131s\u0131d\u0131r. Ayr\u0131ca \u015fi","email":"marketing@onur.net","telephone":"+90 (312) 235 1550","legalName":"ONUR Y\u00dcKSEK TEKNOLOJ\u0130 A.\u015e.","foundingDate":"1980-01-01","numberOfEmployees":{"@type":"QuantitativeValue","minValue":"201","maxValue":"500"},"publishingPrinciples":"https:\/\/www.onur.net\/kvkk\/"}]}},"_links":{"self":[{"href":"https:\/\/www.onur.net\/en\/wp-json\/wp\/v2\/pages\/6822","targetHints":{"allow":["GET"]}}],"collection":[{"href":"https:\/\/www.onur.net\/en\/wp-json\/wp\/v2\/pages"}],"about":[{"href":"https:\/\/www.onur.net\/en\/wp-json\/wp\/v2\/types\/page"}],"author":[{"embeddable":true,"href":"https:\/\/www.onur.net\/en\/wp-json\/wp\/v2\/users\/1"}],"replies":[{"embeddable":true,"href":"https:\/\/www.onur.net\/en\/wp-json\/wp\/v2\/comments?post=6822"}],"version-history":[{"count":10,"href":"https:\/\/www.onur.net\/en\/wp-json\/wp\/v2\/pages\/6822\/revisions"}],"predecessor-version":[{"id":6832,"href":"https:\/\/www.onur.net\/en\/wp-json\/wp\/v2\/pages\/6822\/revisions\/6832"}],"up":[{"embeddable":true,"href":"https:\/\/www.onur.net\/en\/wp-json\/wp\/v2\/pages\/4349"}],"wp:attachment":[{"href":"https:\/\/www.onur.net\/en\/wp-json\/wp\/v2\/media?parent=6822"}],"curies":[{"name":"wp","href":"https:\/\/api.w.org\/{rel}","templated":true}]}}