{"id":39,"date":"2024-01-03T06:58:05","date_gmt":"2024-01-03T06:58:05","guid":{"rendered":"https:\/\/www.onur.net\/new\/?page_id=39"},"modified":"2024-02-13T09:05:43","modified_gmt":"2024-02-13T09:05:43","slug":"data-communication-solutions","status":"publish","type":"page","link":"https:\/\/www.onur.net\/en\/data-communication-solutions\/","title":{"rendered":"Data Communication Solutions"},"content":{"rendered":"<div data-elementor-type=\"wp-post\" data-elementor-id=\"39\" class=\"elementor elementor-39\" data-elementor-post-type=\"page\">\n\t\t\t\t<div data-dce-background-image-url=\"https:\/\/www.onur.net\/wp-content\/uploads\/2024\/01\/WEB-SLIDER.webp\" class=\"elementor-element elementor-element-956b3f2 e-flex e-con-boxed e-con e-parent\" data-id=\"956b3f2\" data-element_type=\"container\" data-e-type=\"container\" data-settings=\"{&quot;background_background&quot;:&quot;classic&quot;}\">\n\t\t\t\t\t<div class=\"e-con-inner\">\n\t\t<div class=\"elementor-element elementor-element-0757a63 e-flex e-con-boxed e-con e-child\" data-id=\"0757a63\" data-element_type=\"container\" data-e-type=\"container\">\n\t\t\t\t\t<div class=\"e-con-inner\">\n\t\t\t\t<div class=\"elementor-element elementor-element-613a41e elementor-widget elementor-widget-heading\" data-id=\"613a41e\" data-element_type=\"widget\" data-e-type=\"widget\" data-widget_type=\"heading.default\">\n\t\t\t\t<div class=\"elementor-widget-container\">\n\t\t\t\t\t<h2 class=\"elementor-heading-title elementor-size-default\">Data Communication Solutions<\/h2>\t\t\t\t<\/div>\n\t\t\t\t<\/div>\n\t\t\t\t<div class=\"elementor-element elementor-element-c9f22f6 elementor-widget elementor-widget-heading\" data-id=\"c9f22f6\" data-element_type=\"widget\" data-e-type=\"widget\" data-widget_type=\"heading.default\">\n\t\t\t\t<div class=\"elementor-widget-container\">\n\t\t\t\t\t<span class=\"elementor-heading-title elementor-size-default\">COMMUNICATION &amp; AVIATION TECHNOLOGIES<\/span>\t\t\t\t<\/div>\n\t\t\t\t<\/div>\n\t\t\t\t\t<\/div>\n\t\t\t\t<\/div>\n\t\t<div class=\"elementor-element elementor-element-1989239 e-con-full e-flex e-con e-child\" data-id=\"1989239\" data-element_type=\"container\" data-e-type=\"container\">\n\t\t\t\t<\/div>\n\t\t\t\t\t<\/div>\n\t\t\t\t<\/div>\n\t\t<div class=\"elementor-element elementor-element-354e862 e-flex e-con-boxed e-con e-parent\" data-id=\"354e862\" data-element_type=\"container\" data-e-type=\"container\" data-settings=\"{&quot;background_background&quot;:&quot;classic&quot;,&quot;shape_divider_bottom&quot;:&quot;tilt&quot;}\">\n\t\t\t\t\t<div class=\"e-con-inner\">\n\t\t\t\t<div class=\"elementor-shape elementor-shape-bottom\" aria-hidden=\"true\" data-negative=\"false\">\n\t\t\t<svg xmlns=\"http:\/\/www.w3.org\/2000\/svg\" viewbox=\"0 0 1000 100\" preserveaspectratio=\"none\">\n\t<path class=\"elementor-shape-fill\" d=\"M0,6V0h1000v100L0,6z\"\/>\n<\/svg>\t\t<\/div>\n\t\t<div class=\"elementor-element elementor-element-aef00eb e-con-full e-flex e-con e-child\" data-id=\"aef00eb\" data-element_type=\"container\" data-e-type=\"container\">\n\t\t\t\t<div class=\"elementor-element elementor-element-9d44200 elementor-widget elementor-widget-text-editor\" data-id=\"9d44200\" data-element_type=\"widget\" data-e-type=\"widget\" data-widget_type=\"text-editor.default\">\n\t\t\t\t<div class=\"elementor-widget-container\">\n\t\t\t\t\t\t\t\t\t<p>OYT\u2019s Network Enabled Operational Communication System enables adoption of state-of-the-art IP based voice and data communications capability though consolidating and leveraging existing communication systems (voice and data, legacy and new generation) that are present on the platforms.<\/p><p><span style=\"color: var( --e-global-color-text ); font-family: var( --e-global-typography-text-font-family ), Sans-serif; font-weight: var( --e-global-typography-text-font-weight ); text-align: var(--text-align); font-size: 1rem;\">This powerful combination offers flexible and efficient use of existing communication channels and offers extended networking capabilities.\n\nTactical Mesh Networking capability of the system extends tactical level communication to operation centers and other participating units in the area of operations. The system also delivers ad-hoc networking capability for mobile platforms within or between surface action groups. This capability may be extended to strategic commands or relevant command centers through satellite, cellular network or coastal radio stations.<\/span><\/p><p><span style=\"color: var( --e-global-color-text ); font-family: var( --e-global-typography-text-font-family ), Sans-serif; font-weight: var( --e-global-typography-text-font-weight ); text-align: var(--text-align); font-size: 1rem;\">The communication system relies on uninterrupted, ad-hoc mesh network, that is established and maintained without operator interference.\n\nAs a result, the system delivers full-scale communication backbone, based on network centric design<\/span><\/p>\t\t\t\t\t\t\t\t<\/div>\n\t\t\t\t<\/div>\n\t\t\t\t<\/div>\n\t\t<div class=\"elementor-element elementor-element-ecf8d9b e-con-full e-flex e-con e-child\" data-id=\"ecf8d9b\" data-element_type=\"container\" data-e-type=\"container\">\n\t\t\t\t<div class=\"elementor-element elementor-element-4da7447 dce_masking-none elementor-widget elementor-widget-image\" data-id=\"4da7447\" data-element_type=\"widget\" data-e-type=\"widget\" data-widget_type=\"image.default\">\n\t\t\t\t<div class=\"elementor-widget-container\">\n\t\t\t\t\t\t\t\t\t\t\t\t\t\t\t<img fetchpriority=\"high\" decoding=\"async\" width=\"800\" height=\"696\" src=\"https:\/\/www.onur.net\/wp-content\/uploads\/2024\/01\/DCS2-tinified.webp\" class=\"attachment-large size-large wp-image-1614\" alt=\"\" srcset=\"https:\/\/www.onur.net\/wp-content\/uploads\/2024\/01\/DCS2-tinified.webp 876w, https:\/\/www.onur.net\/wp-content\/uploads\/2024\/01\/DCS2-tinified-300x261.webp 300w, https:\/\/www.onur.net\/wp-content\/uploads\/2024\/01\/DCS2-tinified-768x668.webp 768w, https:\/\/www.onur.net\/wp-content\/uploads\/2024\/01\/DCS2-tinified-14x12.webp 14w\" sizes=\"(max-width: 800px) 100vw, 800px\" \/>\t\t\t\t\t\t\t\t\t\t\t\t\t\t\t<\/div>\n\t\t\t\t<\/div>\n\t\t\t\t<\/div>\n\t\t\t\t\t<\/div>\n\t\t\t\t<\/div>\n\t\t<div class=\"elementor-element elementor-element-7e12f80 e-flex e-con-boxed e-con e-parent\" data-id=\"7e12f80\" data-element_type=\"container\" data-e-type=\"container\" data-settings=\"{&quot;background_background&quot;:&quot;classic&quot;}\">\n\t\t\t\t\t<div class=\"e-con-inner\">\n\t\t<div class=\"elementor-element elementor-element-32abfb9 e-flex e-con-boxed e-con e-child\" data-id=\"32abfb9\" data-element_type=\"container\" data-e-type=\"container\" data-settings=\"{&quot;background_background&quot;:&quot;classic&quot;}\">\n\t\t\t\t\t<div class=\"e-con-inner\">\n\t\t<div data-dce-background-image-url=\"https:\/\/www.onur.net\/wp-content\/uploads\/2024\/01\/snet-foy-kapak-3-1-1024x1024-1.webp\" class=\"elementor-element elementor-element-3b053ee e-con-full e-flex e-con e-child\" data-id=\"3b053ee\" data-element_type=\"container\" data-e-type=\"container\" data-settings=\"{&quot;background_background&quot;:&quot;classic&quot;}\">\n\t\t\t\t<\/div>\n\t\t<div data-dce-background-color=\"#F5F5F5\" class=\"elementor-element elementor-element-6137d6d e-flex e-con-boxed e-con e-child\" data-id=\"6137d6d\" data-element_type=\"container\" data-e-type=\"container\" data-settings=\"{&quot;background_background&quot;:&quot;classic&quot;}\">\n\t\t\t\t\t<div class=\"e-con-inner\">\n\t\t\t\t<div class=\"elementor-element elementor-element-6dd53c6 elementor-widget elementor-widget-heading\" data-id=\"6dd53c6\" data-element_type=\"widget\" data-e-type=\"widget\" data-widget_type=\"heading.default\">\n\t\t\t\t<div class=\"elementor-widget-container\">\n\t\t\t\t\t<span class=\"elementor-heading-title elementor-size-large\"><a href=\"https:\/\/www.onur.net\/en\/data-communication-solutions\/integrated-data-communication-solutions-for-mobile-platforms\/\" target=\"_blank\">Integrated Data Communication Solutions for Mobile Platforms<\/a><\/span>\t\t\t\t<\/div>\n\t\t\t\t<\/div>\n\t\t<!-- dce invisible element 5b9de60 -->\t\t\t<\/div>\n\t\t\t\t<\/div>\n\t\t\t\t\t<\/div>\n\t\t\t\t<\/div>\n\t\t\t\t\t<\/div>\n\t\t\t\t<\/div>\n\t\t<div class=\"elementor-element elementor-element-9470ad7 e-flex e-con-boxed e-con e-parent\" data-id=\"9470ad7\" data-element_type=\"container\" data-e-type=\"container\">\n\t\t\t\t\t<div class=\"e-con-inner\">\n\t\t<div data-dce-background-color=\"#F5F5F5\" class=\"elementor-element elementor-element-7f28a57 e-flex e-con-boxed e-con e-child\" data-id=\"7f28a57\" data-element_type=\"container\" data-e-type=\"container\" data-settings=\"{&quot;background_background&quot;:&quot;classic&quot;}\">\n\t\t\t\t\t<div class=\"e-con-inner\">\n\t\t<div data-dce-background-image-url=\"https:\/\/www.onur.net\/wp-content\/uploads\/2024\/01\/Unmanned-Surface-Vehicle-System-catalog-FRONT-COVER-2-1024x724-1.webp\" class=\"elementor-element elementor-element-6532731 e-con-full e-flex e-con e-child\" data-id=\"6532731\" data-element_type=\"container\" data-e-type=\"container\" data-settings=\"{&quot;background_background&quot;:&quot;classic&quot;}\">\n\t\t\t\t<\/div>\n\t\t<div class=\"elementor-element elementor-element-91245b1 e-flex e-con-boxed e-con e-child\" data-id=\"91245b1\" data-element_type=\"container\" data-e-type=\"container\">\n\t\t\t\t\t<div class=\"e-con-inner\">\n\t\t\t\t<div class=\"elementor-element elementor-element-8d45def elementor-widget elementor-widget-heading\" data-id=\"8d45def\" data-element_type=\"widget\" data-e-type=\"widget\" data-widget_type=\"heading.default\">\n\t\t\t\t<div class=\"elementor-widget-container\">\n\t\t\t\t\t<span class=\"elementor-heading-title elementor-size-large\"><a href=\"https:\/\/www.onur.net\/en\/data-communication-solutions\/integrated-data-communication-solutions-for-unmanned-systems\/\" target=\"_blank\">Integrated Data Communication Solutions for Unmanned Systems<\/a><\/span>\t\t\t\t<\/div>\n\t\t\t\t<\/div>\n\t\t\t\t\t<\/div>\n\t\t\t\t<\/div>\n\t\t\t\t\t<\/div>\n\t\t\t\t<\/div>\n\t\t\t\t\t<\/div>\n\t\t\t\t<\/div>\n\t\t<!-- dce invisible element 0c7520d --><!-- dce invisible element 72ba491 -->\t\t<\/div>","protected":false},"excerpt":{"rendered":"<p>Veri Haberle\u015fme \u00c7\u00f6z\u00fcmleri \u0130LET\u0130\u015e\u0130M VE HAVACILIK TEKNOLOJ\u0130LER\u0130 OYT taraf\u0131ndan geli\u015ftirilen ve halen sahada \u00e7ok say\u0131da alanda kullan\u0131lmakta olan Ses Haberle\u015fme ve Kay\u0131t Sistemleri, yine OYT taraf\u0131ndan geli\u015ftirilen Veri Haberle\u015fme Sistemleri ile desteklenerek, A\u011f Destekli Yetenek fonksiyonlar\u0131n\u0131 i\u00e7eren yeni nesil b\u00fct\u00fcnc\u00fcl haberle\u015fme \u00e7\u00f6z\u00fcm\u00fcne evrilmi\u015ftir. A\u011f Destekli Yetenek konsepti, son d\u00f6nemde h\u0131zla geli\u015fen bilgi sistemlerinin, askeri alanda [&hellip;]<\/p>\n","protected":false},"author":1,"featured_media":0,"parent":0,"menu_order":0,"comment_status":"closed","ping_status":"closed","template":"","meta":{"_acf_changed":false,"footnotes":""},"class_list":["post-39","page","type-page","status-publish","hentry"],"acf":[],"yoast_head":"<!-- This site is optimized with the Yoast SEO Premium plugin v27.3 (Yoast SEO v27.3) - https:\/\/yoast.com\/product\/yoast-seo-premium-wordpress\/ -->\n<title>Veri Haberle\u015fme \u00c7\u00f6z\u00fcmleri - Onur Y\u00fcksek Teknoloji<\/title>\n<meta name=\"robots\" content=\"index, follow, max-snippet:-1, max-image-preview:large, max-video-preview:-1\" \/>\n<link rel=\"canonical\" href=\"https:\/\/www.onur.net\/en\/data-communication-solutions\/\" \/>\n<meta property=\"og:locale\" content=\"en_US\" \/>\n<meta property=\"og:type\" content=\"article\" \/>\n<meta property=\"og:title\" content=\"Veri Haberle\u015fme \u00c7\u00f6z\u00fcmleri\" \/>\n<meta property=\"og:description\" content=\"Veri Haberle\u015fme \u00c7\u00f6z\u00fcmleri \u0130LET\u0130\u015e\u0130M VE HAVACILIK TEKNOLOJ\u0130LER\u0130 OYT taraf\u0131ndan geli\u015ftirilen ve halen sahada \u00e7ok say\u0131da alanda kullan\u0131lmakta olan Ses Haberle\u015fme ve Kay\u0131t Sistemleri, yine OYT taraf\u0131ndan geli\u015ftirilen Veri Haberle\u015fme Sistemleri ile desteklenerek, A\u011f Destekli Yetenek fonksiyonlar\u0131n\u0131 i\u00e7eren yeni nesil b\u00fct\u00fcnc\u00fcl haberle\u015fme \u00e7\u00f6z\u00fcm\u00fcne evrilmi\u015ftir. A\u011f Destekli Yetenek konsepti, son d\u00f6nemde h\u0131zla geli\u015fen bilgi sistemlerinin, askeri alanda [&hellip;]\" \/>\n<meta property=\"og:url\" content=\"https:\/\/www.onur.net\/en\/data-communication-solutions\/\" \/>\n<meta property=\"og:site_name\" content=\"Onur Y\u00fcksek Teknoloji\" \/>\n<meta property=\"article:modified_time\" content=\"2024-02-13T09:05:43+00:00\" \/>\n<meta property=\"og:image\" content=\"https:\/\/www.onur.net\/wp-content\/uploads\/2024\/01\/DCS2-tinified.webp\" \/>\n<meta name=\"twitter:card\" content=\"summary_large_image\" \/>\n<meta name=\"twitter:label1\" content=\"Est. reading time\" \/>\n\t<meta name=\"twitter:data1\" content=\"2 minutes\" \/>\n<script type=\"application\/ld+json\" class=\"yoast-schema-graph\">{\"@context\":\"https:\\\/\\\/schema.org\",\"@graph\":[{\"@type\":\"WebPage\",\"@id\":\"https:\\\/\\\/www.onur.net\\\/tr\\\/veri-haberlesme-cozumleri\\\/\",\"url\":\"https:\\\/\\\/www.onur.net\\\/tr\\\/veri-haberlesme-cozumleri\\\/\",\"name\":\"Veri Haberle\u015fme \u00c7\u00f6z\u00fcmleri - Onur Y\u00fcksek Teknoloji\",\"isPartOf\":{\"@id\":\"https:\\\/\\\/www.onur.net\\\/tr\\\/#website\"},\"primaryImageOfPage\":{\"@id\":\"https:\\\/\\\/www.onur.net\\\/tr\\\/veri-haberlesme-cozumleri\\\/#primaryimage\"},\"image\":{\"@id\":\"https:\\\/\\\/www.onur.net\\\/tr\\\/veri-haberlesme-cozumleri\\\/#primaryimage\"},\"thumbnailUrl\":\"https:\\\/\\\/www.onur.net\\\/wp-content\\\/uploads\\\/2024\\\/01\\\/DCS2-tinified.webp\",\"datePublished\":\"2024-01-03T06:58:05+00:00\",\"dateModified\":\"2024-02-13T09:05:43+00:00\",\"breadcrumb\":{\"@id\":\"https:\\\/\\\/www.onur.net\\\/tr\\\/veri-haberlesme-cozumleri\\\/#breadcrumb\"},\"inLanguage\":\"en-US\",\"potentialAction\":[{\"@type\":\"ReadAction\",\"target\":[\"https:\\\/\\\/www.onur.net\\\/tr\\\/veri-haberlesme-cozumleri\\\/\"]}]},{\"@type\":\"ImageObject\",\"inLanguage\":\"en-US\",\"@id\":\"https:\\\/\\\/www.onur.net\\\/tr\\\/veri-haberlesme-cozumleri\\\/#primaryimage\",\"url\":\"https:\\\/\\\/www.onur.net\\\/wp-content\\\/uploads\\\/2024\\\/01\\\/DCS2-tinified.webp\",\"contentUrl\":\"https:\\\/\\\/www.onur.net\\\/wp-content\\\/uploads\\\/2024\\\/01\\\/DCS2-tinified.webp\"},{\"@type\":\"BreadcrumbList\",\"@id\":\"https:\\\/\\\/www.onur.net\\\/tr\\\/veri-haberlesme-cozumleri\\\/#breadcrumb\",\"itemListElement\":[{\"@type\":\"ListItem\",\"position\":1,\"name\":\"Home\",\"item\":\"https:\\\/\\\/www.onur.net\\\/tr\\\/\"},{\"@type\":\"ListItem\",\"position\":2,\"name\":\"Veri Haberle\u015fme \u00c7\u00f6z\u00fcmleri\"}]},{\"@type\":\"WebSite\",\"@id\":\"https:\\\/\\\/www.onur.net\\\/tr\\\/#website\",\"url\":\"https:\\\/\\\/www.onur.net\\\/tr\\\/\",\"name\":\"Onur Y\u00fcksek Teknoloji\",\"description\":\"Onur Y\u00fcksek Teknoloji\",\"publisher\":{\"@id\":\"https:\\\/\\\/www.onur.net\\\/tr\\\/#organization\"},\"alternateName\":\"Onur Y\u00fcksek Teknoloji\",\"potentialAction\":[{\"@type\":\"SearchAction\",\"target\":{\"@type\":\"EntryPoint\",\"urlTemplate\":\"https:\\\/\\\/www.onur.net\\\/tr\\\/?s={search_term_string}\"},\"query-input\":{\"@type\":\"PropertyValueSpecification\",\"valueRequired\":true,\"valueName\":\"search_term_string\"}}],\"inLanguage\":\"en-US\"},{\"@type\":\"Organization\",\"@id\":\"https:\\\/\\\/www.onur.net\\\/tr\\\/#organization\",\"name\":\"Onur Y\u00fcksek Teknoloji\",\"alternateName\":\"Onur Y\u00fcksek Teknoloji\",\"url\":\"https:\\\/\\\/www.onur.net\\\/tr\\\/\",\"logo\":{\"@type\":\"ImageObject\",\"inLanguage\":\"en-US\",\"@id\":\"https:\\\/\\\/www.onur.net\\\/tr\\\/#\\\/schema\\\/logo\\\/image\\\/\",\"url\":\"https:\\\/\\\/www.onur.net\\\/wp-content\\\/uploads\\\/2024\\\/01\\\/Asset-1-1.svg\",\"contentUrl\":\"https:\\\/\\\/www.onur.net\\\/wp-content\\\/uploads\\\/2024\\\/01\\\/Asset-1-1.svg\",\"width\":200,\"height\":130,\"caption\":\"Onur Y\u00fcksek Teknoloji\"},\"image\":{\"@id\":\"https:\\\/\\\/www.onur.net\\\/tr\\\/#\\\/schema\\\/logo\\\/image\\\/\"},\"sameAs\":[\"https:\\\/\\\/www.linkedin.com\\\/company\\\/onur-a-\\\/mycompany\\\/\"],\"description\":\"ONUR Y\u00dcKSEK TEKNOLOJ\u0130 A.\u015e. (OYT), 1980 y\u0131l\u0131nda sivil ve askeri haberle\u015fme uygulamalar\u0131na y\u00f6nelik m\u00fchendislik hizmetleri vermek \u00fczere kurulmu\u015ftur. Kuruldu\u011fu y\u0131llarda T\u00fcrk Silahl\u0131 Kuvvetleri ve NATO\u2019nun ileti\u015fim ihtiya\u00e7lar\u0131na y\u00f6nelik haberle\u015fme sistemlerinin tedariki ve entegrasyonlar\u0131n\u0131 ger\u00e7ekle\u015fen OYT, ilerleyen y\u0131llarda bu alandaki uzmanl\u0131\u011f\u0131n\u0131 daha da art\u0131rm\u0131\u015ft\u0131r. Hayata ge\u00e7irilen projelerden kazan\u0131lan m\u00fchendislik altyap\u0131s\u0131 sayesinde OYT, 1990\u2019l\u0131 y\u0131llardan itibaren hem sivil hem savunma sanayii projelerinde uluslararas\u0131 firmalar\u0131n i\u015f orta\u011f\u0131 olarak yer almaya ba\u015flam\u0131\u015ft\u0131r. Bu s\u00fcre\u00e7te \u015firketimiz, deniz trafi\u011fini izleme ve kontrol sistemleri, meteorolojik radar sistemleri ve gemi seyir radar sistemlerinin dahil oldu\u011fu pek \u00e7ok entegrasyon projesine imza atm\u0131\u015ft\u0131r. OYT, y\u0131llar i\u00e7inde haberle\u015fme sistemleri konusunda artan alan uzmanl\u0131\u011f\u0131 sayesinde, yeni nesil IP tabanl\u0131 ses haberle\u015fme sistemleri geli\u015ftirilmesine ili\u015fkin AR-GE \u00e7al\u0131\u015fmalar\u0131 ba\u015flatm\u0131\u015ft\u0131r. T\u00dcB\u0130TAK taraf\u0131ndan da desteklenen bu \u00e7al\u0131\u015fmalar neticesinde, 2010\u2019lu y\u0131llar\u0131n ba\u015f\u0131ndan itibaren \u00f6zellikle telsiz sistemleri entegrasyonu ve IP tabanl\u0131 a\u011f teknolojileri kapsam\u0131nda d\u00fcnyada \u00e7ok az firmada bulunan yedekli ve ger\u00e7ek zamanl\u0131 ses ve veri haberle\u015fme sistemleri tasar\u0131m\u0131 konusunda uzmanl\u0131\u011f\u0131n\u0131 art\u0131ran \u015firketimiz, g\u00fcn\u00fcm\u00fczde d\u00f6rt k\u0131taya ihra\u00e7 edilen Ses ve Veri Haberle\u015fme Sistemlerine ili\u015fkin \u00e7e\u015fitli \u00fcr\u00fcn gruplar\u0131na sahiptir. \u0130leti\u015fim sistemlerinin \u00fcretimi yan\u0131nda OYT, uluslararas\u0131 standartlara uyumlu sivil ve askeri havac\u0131l\u0131k sistemleri entegrasyonu yapabilen say\u0131l\u0131 yerli firmalardand\u0131r. \u015eirketimiz, Avrupa sivil havac\u0131l\u0131k standartlar\u0131n\u0131n olu\u015fturuldu\u011fu Avrupa Sivil Havac\u0131l\u0131k Te\u00e7hizat\u0131 Te\u015fkilat\u0131 EUROCAE (The European Organisation for Civil Aviation Equipment) kurumunun \u00e7e\u015fitli \u00e7al\u0131\u015fma gruplar\u0131n\u0131n \u00fcyesi olman\u0131n yan\u0131 s\u0131ra, ABD Federal Havac\u0131l\u0131k \u0130daresi (FAA) ve Avrupa Seyr\u00fcsefer Emniyeti Te\u015fkilat\u0131 EUROCONTROL\u2019un (The European Organisation for the Safety of Air Navigation) \u00e7al\u0131\u015fmalar\u0131n\u0131n aktif bir kat\u0131l\u0131mc\u0131s\u0131d\u0131r. Ayr\u0131ca \u015fi\",\"email\":\"marketing@onur.net\",\"telephone\":\"+90 (312) 235 1550\",\"legalName\":\"ONUR Y\u00dcKSEK TEKNOLOJ\u0130 A.\u015e.\",\"foundingDate\":\"1980-01-01\",\"numberOfEmployees\":{\"@type\":\"QuantitativeValue\",\"minValue\":\"201\",\"maxValue\":\"500\"},\"publishingPrinciples\":\"https:\\\/\\\/www.onur.net\\\/kvkk\\\/\"}]}<\/script>\n<!-- \/ Yoast SEO Premium plugin. -->","yoast_head_json":{"title":"Data Communication Solutions - Onur Y\u00fcksek Teknoloji","robots":{"index":"index","follow":"follow","max-snippet":"max-snippet:-1","max-image-preview":"max-image-preview:large","max-video-preview":"max-video-preview:-1"},"canonical":"https:\/\/www.onur.net\/en\/data-communication-solutions\/","og_locale":"en_US","og_type":"article","og_title":"Veri Haberle\u015fme \u00c7\u00f6z\u00fcmleri","og_description":"Veri Haberle\u015fme \u00c7\u00f6z\u00fcmleri \u0130LET\u0130\u015e\u0130M VE HAVACILIK TEKNOLOJ\u0130LER\u0130 OYT taraf\u0131ndan geli\u015ftirilen ve halen sahada \u00e7ok say\u0131da alanda kullan\u0131lmakta olan Ses Haberle\u015fme ve Kay\u0131t Sistemleri, yine OYT taraf\u0131ndan geli\u015ftirilen Veri Haberle\u015fme Sistemleri ile desteklenerek, A\u011f Destekli Yetenek fonksiyonlar\u0131n\u0131 i\u00e7eren yeni nesil b\u00fct\u00fcnc\u00fcl haberle\u015fme \u00e7\u00f6z\u00fcm\u00fcne evrilmi\u015ftir. A\u011f Destekli Yetenek konsepti, son d\u00f6nemde h\u0131zla geli\u015fen bilgi sistemlerinin, askeri alanda [&hellip;]","og_url":"https:\/\/www.onur.net\/en\/data-communication-solutions\/","og_site_name":"Onur Y\u00fcksek Teknoloji","article_modified_time":"2024-02-13T09:05:43+00:00","og_image":[{"url":"https:\/\/www.onur.net\/wp-content\/uploads\/2024\/01\/DCS2-tinified.webp","type":"","width":"","height":""}],"twitter_card":"summary_large_image","twitter_misc":{"Est. reading time":"2 minutes"},"schema":{"@context":"https:\/\/schema.org","@graph":[{"@type":"WebPage","@id":"https:\/\/www.onur.net\/tr\/veri-haberlesme-cozumleri\/","url":"https:\/\/www.onur.net\/tr\/veri-haberlesme-cozumleri\/","name":"Data Communication Solutions - Onur Y\u00fcksek Teknoloji","isPartOf":{"@id":"https:\/\/www.onur.net\/tr\/#website"},"primaryImageOfPage":{"@id":"https:\/\/www.onur.net\/tr\/veri-haberlesme-cozumleri\/#primaryimage"},"image":{"@id":"https:\/\/www.onur.net\/tr\/veri-haberlesme-cozumleri\/#primaryimage"},"thumbnailUrl":"https:\/\/www.onur.net\/wp-content\/uploads\/2024\/01\/DCS2-tinified.webp","datePublished":"2024-01-03T06:58:05+00:00","dateModified":"2024-02-13T09:05:43+00:00","breadcrumb":{"@id":"https:\/\/www.onur.net\/tr\/veri-haberlesme-cozumleri\/#breadcrumb"},"inLanguage":"en-US","potentialAction":[{"@type":"ReadAction","target":["https:\/\/www.onur.net\/tr\/veri-haberlesme-cozumleri\/"]}]},{"@type":"ImageObject","inLanguage":"en-US","@id":"https:\/\/www.onur.net\/tr\/veri-haberlesme-cozumleri\/#primaryimage","url":"https:\/\/www.onur.net\/wp-content\/uploads\/2024\/01\/DCS2-tinified.webp","contentUrl":"https:\/\/www.onur.net\/wp-content\/uploads\/2024\/01\/DCS2-tinified.webp"},{"@type":"BreadcrumbList","@id":"https:\/\/www.onur.net\/tr\/veri-haberlesme-cozumleri\/#breadcrumb","itemListElement":[{"@type":"ListItem","position":1,"name":"Home","item":"https:\/\/www.onur.net\/tr\/"},{"@type":"ListItem","position":2,"name":"Veri Haberle\u015fme \u00c7\u00f6z\u00fcmleri"}]},{"@type":"WebSite","@id":"https:\/\/www.onur.net\/tr\/#website","url":"https:\/\/www.onur.net\/tr\/","name":"Onur Y\u00fcksek Teknoloji","description":"Onur Y\u00fcksek Teknoloji","publisher":{"@id":"https:\/\/www.onur.net\/tr\/#organization"},"alternateName":"Onur Y\u00fcksek Teknoloji","potentialAction":[{"@type":"SearchAction","target":{"@type":"EntryPoint","urlTemplate":"https:\/\/www.onur.net\/tr\/?s={search_term_string}"},"query-input":{"@type":"PropertyValueSpecification","valueRequired":true,"valueName":"search_term_string"}}],"inLanguage":"en-US"},{"@type":"Organization","@id":"https:\/\/www.onur.net\/tr\/#organization","name":"Onur Y\u00fcksek Teknoloji","alternateName":"Onur Y\u00fcksek Teknoloji","url":"https:\/\/www.onur.net\/tr\/","logo":{"@type":"ImageObject","inLanguage":"en-US","@id":"https:\/\/www.onur.net\/tr\/#\/schema\/logo\/image\/","url":"https:\/\/www.onur.net\/wp-content\/uploads\/2024\/01\/Asset-1-1.svg","contentUrl":"https:\/\/www.onur.net\/wp-content\/uploads\/2024\/01\/Asset-1-1.svg","width":200,"height":130,"caption":"Onur Y\u00fcksek Teknoloji"},"image":{"@id":"https:\/\/www.onur.net\/tr\/#\/schema\/logo\/image\/"},"sameAs":["https:\/\/www.linkedin.com\/company\/onur-a-\/mycompany\/"],"description":"ONUR Y\u00dcKSEK TEKNOLOJ\u0130 A.\u015e. (OYT), 1980 y\u0131l\u0131nda sivil ve askeri haberle\u015fme uygulamalar\u0131na y\u00f6nelik m\u00fchendislik hizmetleri vermek \u00fczere kurulmu\u015ftur. Kuruldu\u011fu y\u0131llarda T\u00fcrk Silahl\u0131 Kuvvetleri ve NATO\u2019nun ileti\u015fim ihtiya\u00e7lar\u0131na y\u00f6nelik haberle\u015fme sistemlerinin tedariki ve entegrasyonlar\u0131n\u0131 ger\u00e7ekle\u015fen OYT, ilerleyen y\u0131llarda bu alandaki uzmanl\u0131\u011f\u0131n\u0131 daha da art\u0131rm\u0131\u015ft\u0131r. Hayata ge\u00e7irilen projelerden kazan\u0131lan m\u00fchendislik altyap\u0131s\u0131 sayesinde OYT, 1990\u2019l\u0131 y\u0131llardan itibaren hem sivil hem savunma sanayii projelerinde uluslararas\u0131 firmalar\u0131n i\u015f orta\u011f\u0131 olarak yer almaya ba\u015flam\u0131\u015ft\u0131r. Bu s\u00fcre\u00e7te \u015firketimiz, deniz trafi\u011fini izleme ve kontrol sistemleri, meteorolojik radar sistemleri ve gemi seyir radar sistemlerinin dahil oldu\u011fu pek \u00e7ok entegrasyon projesine imza atm\u0131\u015ft\u0131r. OYT, y\u0131llar i\u00e7inde haberle\u015fme sistemleri konusunda artan alan uzmanl\u0131\u011f\u0131 sayesinde, yeni nesil IP tabanl\u0131 ses haberle\u015fme sistemleri geli\u015ftirilmesine ili\u015fkin AR-GE \u00e7al\u0131\u015fmalar\u0131 ba\u015flatm\u0131\u015ft\u0131r. T\u00dcB\u0130TAK taraf\u0131ndan da desteklenen bu \u00e7al\u0131\u015fmalar neticesinde, 2010\u2019lu y\u0131llar\u0131n ba\u015f\u0131ndan itibaren \u00f6zellikle telsiz sistemleri entegrasyonu ve IP tabanl\u0131 a\u011f teknolojileri kapsam\u0131nda d\u00fcnyada \u00e7ok az firmada bulunan yedekli ve ger\u00e7ek zamanl\u0131 ses ve veri haberle\u015fme sistemleri tasar\u0131m\u0131 konusunda uzmanl\u0131\u011f\u0131n\u0131 art\u0131ran \u015firketimiz, g\u00fcn\u00fcm\u00fczde d\u00f6rt k\u0131taya ihra\u00e7 edilen Ses ve Veri Haberle\u015fme Sistemlerine ili\u015fkin \u00e7e\u015fitli \u00fcr\u00fcn gruplar\u0131na sahiptir. \u0130leti\u015fim sistemlerinin \u00fcretimi yan\u0131nda OYT, uluslararas\u0131 standartlara uyumlu sivil ve askeri havac\u0131l\u0131k sistemleri entegrasyonu yapabilen say\u0131l\u0131 yerli firmalardand\u0131r. \u015eirketimiz, Avrupa sivil havac\u0131l\u0131k standartlar\u0131n\u0131n olu\u015fturuldu\u011fu Avrupa Sivil Havac\u0131l\u0131k Te\u00e7hizat\u0131 Te\u015fkilat\u0131 EUROCAE (The European Organisation for Civil Aviation Equipment) kurumunun \u00e7e\u015fitli \u00e7al\u0131\u015fma gruplar\u0131n\u0131n \u00fcyesi olman\u0131n yan\u0131 s\u0131ra, ABD Federal Havac\u0131l\u0131k \u0130daresi (FAA) ve Avrupa Seyr\u00fcsefer Emniyeti Te\u015fkilat\u0131 EUROCONTROL\u2019un (The European Organisation for the Safety of Air Navigation) \u00e7al\u0131\u015fmalar\u0131n\u0131n aktif bir kat\u0131l\u0131mc\u0131s\u0131d\u0131r. Ayr\u0131ca \u015fi","email":"marketing@onur.net","telephone":"+90 (312) 235 1550","legalName":"ONUR Y\u00dcKSEK TEKNOLOJ\u0130 A.\u015e.","foundingDate":"1980-01-01","numberOfEmployees":{"@type":"QuantitativeValue","minValue":"201","maxValue":"500"},"publishingPrinciples":"https:\/\/www.onur.net\/kvkk\/"}]}},"_links":{"self":[{"href":"https:\/\/www.onur.net\/en\/wp-json\/wp\/v2\/pages\/39","targetHints":{"allow":["GET"]}}],"collection":[{"href":"https:\/\/www.onur.net\/en\/wp-json\/wp\/v2\/pages"}],"about":[{"href":"https:\/\/www.onur.net\/en\/wp-json\/wp\/v2\/types\/page"}],"author":[{"embeddable":true,"href":"https:\/\/www.onur.net\/en\/wp-json\/wp\/v2\/users\/1"}],"replies":[{"embeddable":true,"href":"https:\/\/www.onur.net\/en\/wp-json\/wp\/v2\/comments?post=39"}],"version-history":[{"count":0,"href":"https:\/\/www.onur.net\/en\/wp-json\/wp\/v2\/pages\/39\/revisions"}],"wp:attachment":[{"href":"https:\/\/www.onur.net\/en\/wp-json\/wp\/v2\/media?parent=39"}],"curies":[{"name":"wp","href":"https:\/\/api.w.org\/{rel}","templated":true}]}}