{"id":2330,"date":"2024-01-10T11:05:44","date_gmt":"2024-01-10T11:05:44","guid":{"rendered":"https:\/\/www.onur.net\/?page_id=2330"},"modified":"2024-01-12T06:33:18","modified_gmt":"2024-01-12T06:33:18","slug":"air-traffic-control-system-integration","status":"publish","type":"page","link":"https:\/\/www.onur.net\/en\/integration-of-aviation-systems\/air-traffic-control-system-integration\/","title":{"rendered":"Navigation and Air Traffic Control System Integration"},"content":{"rendered":"<div data-elementor-type=\"wp-post\" data-elementor-id=\"2330\" class=\"elementor elementor-2330\" data-elementor-post-type=\"page\">\n\t\t\t\t<div data-dce-background-color=\"#EDEDED\" class=\"elementor-element elementor-element-11f52354 e-flex e-con-boxed e-con e-parent\" data-id=\"11f52354\" data-element_type=\"container\" data-e-type=\"container\" data-settings=\"{&quot;background_background&quot;:&quot;classic&quot;}\">\n\t\t\t\t\t<div class=\"e-con-inner\">\n\t\t\t\t<div class=\"elementor-element elementor-element-563ffc1d elementor-widget elementor-widget-heading\" data-id=\"563ffc1d\" data-element_type=\"widget\" data-e-type=\"widget\" data-widget_type=\"heading.default\">\n\t\t\t\t<div class=\"elementor-widget-container\">\n\t\t\t\t\t<h2 class=\"elementor-heading-title elementor-size-default\">Navigation and Air Traffic Control System Integration\n<\/h2>\t\t\t\t<\/div>\n\t\t\t\t<\/div>\n\t\t\t\t\t<\/div>\n\t\t\t\t<\/div>\n\t\t<div data-dce-background-color=\"#FAFAFA\" class=\"elementor-element elementor-element-50929fdd e-flex e-con-boxed e-con e-parent\" data-id=\"50929fdd\" data-element_type=\"container\" data-e-type=\"container\" data-settings=\"{&quot;background_background&quot;:&quot;classic&quot;}\">\n\t\t\t\t\t<div class=\"e-con-inner\">\n\t\t<div class=\"elementor-element elementor-element-6491d0f1 e-con-full e-flex e-con e-child\" data-id=\"6491d0f1\" data-element_type=\"container\" data-e-type=\"container\">\n\t\t\t\t<div class=\"elementor-element elementor-element-3c19cc49 elementor-widget elementor-widget-text-editor\" data-id=\"3c19cc49\" data-element_type=\"widget\" data-e-type=\"widget\" data-widget_type=\"text-editor.default\">\n\t\t\t\t<div class=\"elementor-widget-container\">\n\t\t\t\t\t\t\t\t\t<p class=\"x_MsoNormal\">Since the 1990s, ONUR has actively participated in numerous navigation and aviation system integration projects within our country and neighboring regions.<\/p><p class=\"x_MsoNormal\">With a wealth of experience and expertise, ONUR is well-equipped to serve as the primary contractor for a wide range of applications, including individual procurement, installation, commissioning, and flight control activities for navigation systems, as well as providing comprehensive 'turnkey' solutions for airport communication and navigation systems integration.<\/p><p class=\"x_MsoNormal\">Among our ongoing projects, ONUR stands out as the sole domestic company with a proven track record in supplying navigation systems as the main contractor. Some of the systems we have supplied, installed, and integrated in various projects include:<\/p><ul type=\"disc\"><li class=\"x_MsoListParagraph\">CAT I\/II\/III ILS \u2013 Instrument Land Systems<\/li><li class=\"x_MsoListParagraph\">A-SGMCS \u2013 Advanced Surface Movement Guidance and Control System<\/li><li class=\"x_MsoListParagraph\">TACAN \u2013 Tactical Air Navigation System<\/li><li class=\"x_MsoListParagraph\">VCS \u2013 Voice Communication System<\/li><li class=\"x_MsoListParagraph\">VRS \u2013 Voice Recording and Replay System<\/li><li class=\"x_MsoListParagraph\">VHF\/UHF Radio Systems<\/li><li class=\"x_MsoListParagraph\">Automatic Terminal Information Service<\/li><\/ul>\t\t\t\t\t\t\t\t<\/div>\n\t\t\t\t<\/div>\n\t\t\t\t<\/div>\n\t\t<div class=\"elementor-element elementor-element-41091436 e-con-full e-flex e-con e-child\" data-id=\"41091436\" data-element_type=\"container\" data-e-type=\"container\">\n\t\t\t\t<div class=\"elementor-element elementor-element-12358dad dce_masking-none elementor-widget elementor-widget-image\" data-id=\"12358dad\" data-element_type=\"widget\" data-e-type=\"widget\" data-widget_type=\"image.default\">\n\t\t\t\t<div class=\"elementor-widget-container\">\n\t\t\t\t\t\t\t\t\t\t\t\t\t\t\t<img fetchpriority=\"high\" decoding=\"async\" width=\"800\" height=\"478\" src=\"https:\/\/www.onur.net\/wp-content\/uploads\/2024\/01\/airplane-flying-through-cloudy-sky-1-1-1024x612.webp\" class=\"attachment-large size-large wp-image-1666\" alt=\"\" srcset=\"https:\/\/www.onur.net\/wp-content\/uploads\/2024\/01\/airplane-flying-through-cloudy-sky-1-1-1024x612.webp 1024w, https:\/\/www.onur.net\/wp-content\/uploads\/2024\/01\/airplane-flying-through-cloudy-sky-1-1-300x179.webp 300w, https:\/\/www.onur.net\/wp-content\/uploads\/2024\/01\/airplane-flying-through-cloudy-sky-1-1-768x459.webp 768w, https:\/\/www.onur.net\/wp-content\/uploads\/2024\/01\/airplane-flying-through-cloudy-sky-1-1-18x12.webp 18w, https:\/\/www.onur.net\/wp-content\/uploads\/2024\/01\/airplane-flying-through-cloudy-sky-1-1.webp 1500w\" sizes=\"(max-width: 800px) 100vw, 800px\" \/>\t\t\t\t\t\t\t\t\t\t\t\t\t\t\t<\/div>\n\t\t\t\t<\/div>\n\t\t\t\t<\/div>\n\t\t\t\t\t<\/div>\n\t\t\t\t<\/div>\n\t\t\t\t<\/div>","protected":false},"excerpt":{"rendered":"<p>Hava Trafik Kontrol Sistemleri Entegrasyonu Onur Y\u00fcksek Teknoloji 1990\u2019l\u0131 y\u0131llardan bu yana \u00fclkemiz ve kom\u015fu \u00fclkelerde ger\u00e7ekle\u015ftirilen pek \u00e7ok seyr\u00fcsefer ve havac\u0131l\u0131k sistemi entegrasyonu projesinde aktif rol oynam\u0131\u015ft\u0131r. OYT seyr\u00fcsefer sistemlerinin m\u00fcnferit olarak tedarik edilmesi, kurulumu, devreye al\u0131nma ve u\u00e7u\u015f kontrol\u00fc faaliyetlerinden, bir havaliman\u0131n t\u00fcm haberle\u015fme ve seyr\u00fcsefer sistemlerinin \u201canahtar teslimi\u201d \u015fekilde tedari\u011fi ve entegrasyonunu [&hellip;]<\/p>\n","protected":false},"author":1,"featured_media":0,"parent":41,"menu_order":0,"comment_status":"closed","ping_status":"closed","template":"","meta":{"_acf_changed":false,"footnotes":""},"class_list":["post-2330","page","type-page","status-publish","hentry"],"acf":[],"yoast_head":"<!-- This site is optimized with the Yoast SEO Premium plugin v27.3 (Yoast SEO v27.3) - https:\/\/yoast.com\/product\/yoast-seo-premium-wordpress\/ -->\n<title>Hava Trafik Kontrol Sistemleri Entegrasyonu - Onur Y\u00fcksek Teknoloji<\/title>\n<meta name=\"robots\" content=\"index, follow, max-snippet:-1, max-image-preview:large, max-video-preview:-1\" \/>\n<link rel=\"canonical\" href=\"https:\/\/www.onur.net\/en\/integration-of-aviation-systems\/air-traffic-control-system-integration\/\" \/>\n<meta property=\"og:locale\" content=\"en_US\" \/>\n<meta property=\"og:type\" content=\"article\" \/>\n<meta property=\"og:title\" content=\"Hava Trafik Kontrol Sistemleri Entegrasyonu\" \/>\n<meta property=\"og:description\" content=\"Hava Trafik Kontrol Sistemleri Entegrasyonu Onur Y\u00fcksek Teknoloji 1990\u2019l\u0131 y\u0131llardan bu yana \u00fclkemiz ve kom\u015fu \u00fclkelerde ger\u00e7ekle\u015ftirilen pek \u00e7ok seyr\u00fcsefer ve havac\u0131l\u0131k sistemi entegrasyonu projesinde aktif rol oynam\u0131\u015ft\u0131r. OYT seyr\u00fcsefer sistemlerinin m\u00fcnferit olarak tedarik edilmesi, kurulumu, devreye al\u0131nma ve u\u00e7u\u015f kontrol\u00fc faaliyetlerinden, bir havaliman\u0131n t\u00fcm haberle\u015fme ve seyr\u00fcsefer sistemlerinin \u201canahtar teslimi\u201d \u015fekilde tedari\u011fi ve entegrasyonunu [&hellip;]\" \/>\n<meta property=\"og:url\" content=\"https:\/\/www.onur.net\/en\/integration-of-aviation-systems\/air-traffic-control-system-integration\/\" \/>\n<meta property=\"og:site_name\" content=\"Onur Y\u00fcksek Teknoloji\" \/>\n<meta property=\"article:modified_time\" content=\"2024-01-12T06:33:18+00:00\" \/>\n<meta property=\"og:image\" content=\"https:\/\/www.onur.net\/wp-content\/uploads\/2024\/01\/airplane-flying-through-cloudy-sky-1-1-1024x612.webp\" \/>\n<meta name=\"twitter:card\" content=\"summary_large_image\" \/>\n<meta name=\"twitter:label1\" content=\"Est. reading time\" \/>\n\t<meta name=\"twitter:data1\" content=\"1 minute\" \/>\n<script type=\"application\/ld+json\" class=\"yoast-schema-graph\">{\"@context\":\"https:\\\/\\\/schema.org\",\"@graph\":[{\"@type\":\"WebPage\",\"@id\":\"https:\\\/\\\/www.onur.net\\\/havacilik-sistemleri-entegrasyonu\\\/hava-trafik-kontrol-sistemleri-entegrasyonu\\\/\",\"url\":\"https:\\\/\\\/www.onur.net\\\/havacilik-sistemleri-entegrasyonu\\\/hava-trafik-kontrol-sistemleri-entegrasyonu\\\/\",\"name\":\"Hava Trafik Kontrol Sistemleri Entegrasyonu - Onur Y\u00fcksek Teknoloji\",\"isPartOf\":{\"@id\":\"https:\\\/\\\/www.onur.net\\\/tr\\\/#website\"},\"primaryImageOfPage\":{\"@id\":\"https:\\\/\\\/www.onur.net\\\/havacilik-sistemleri-entegrasyonu\\\/hava-trafik-kontrol-sistemleri-entegrasyonu\\\/#primaryimage\"},\"image\":{\"@id\":\"https:\\\/\\\/www.onur.net\\\/havacilik-sistemleri-entegrasyonu\\\/hava-trafik-kontrol-sistemleri-entegrasyonu\\\/#primaryimage\"},\"thumbnailUrl\":\"https:\\\/\\\/www.onur.net\\\/wp-content\\\/uploads\\\/2024\\\/01\\\/airplane-flying-through-cloudy-sky-1-1-1024x612.webp\",\"datePublished\":\"2024-01-10T11:05:44+00:00\",\"dateModified\":\"2024-01-12T06:33:18+00:00\",\"breadcrumb\":{\"@id\":\"https:\\\/\\\/www.onur.net\\\/havacilik-sistemleri-entegrasyonu\\\/hava-trafik-kontrol-sistemleri-entegrasyonu\\\/#breadcrumb\"},\"inLanguage\":\"en-US\",\"potentialAction\":[{\"@type\":\"ReadAction\",\"target\":[\"https:\\\/\\\/www.onur.net\\\/havacilik-sistemleri-entegrasyonu\\\/hava-trafik-kontrol-sistemleri-entegrasyonu\\\/\"]}]},{\"@type\":\"ImageObject\",\"inLanguage\":\"en-US\",\"@id\":\"https:\\\/\\\/www.onur.net\\\/havacilik-sistemleri-entegrasyonu\\\/hava-trafik-kontrol-sistemleri-entegrasyonu\\\/#primaryimage\",\"url\":\"https:\\\/\\\/www.onur.net\\\/wp-content\\\/uploads\\\/2024\\\/01\\\/airplane-flying-through-cloudy-sky-1-1-1024x612.webp\",\"contentUrl\":\"https:\\\/\\\/www.onur.net\\\/wp-content\\\/uploads\\\/2024\\\/01\\\/airplane-flying-through-cloudy-sky-1-1-1024x612.webp\"},{\"@type\":\"BreadcrumbList\",\"@id\":\"https:\\\/\\\/www.onur.net\\\/havacilik-sistemleri-entegrasyonu\\\/hava-trafik-kontrol-sistemleri-entegrasyonu\\\/#breadcrumb\",\"itemListElement\":[{\"@type\":\"ListItem\",\"position\":1,\"name\":\"Home\",\"item\":\"https:\\\/\\\/www.onur.net\\\/tr\\\/\"},{\"@type\":\"ListItem\",\"position\":2,\"name\":\"Havac\u0131l\u0131k Sistemleri Entegrasyonu\",\"item\":\"https:\\\/\\\/www.onur.net\\\/havacilik-sistemleri-entegrasyonu\\\/\"},{\"@type\":\"ListItem\",\"position\":3,\"name\":\"Hava Trafik Kontrol Sistemleri Entegrasyonu\"}]},{\"@type\":\"WebSite\",\"@id\":\"https:\\\/\\\/www.onur.net\\\/tr\\\/#website\",\"url\":\"https:\\\/\\\/www.onur.net\\\/tr\\\/\",\"name\":\"Onur Y\u00fcksek Teknoloji\",\"description\":\"Onur Y\u00fcksek Teknoloji\",\"publisher\":{\"@id\":\"https:\\\/\\\/www.onur.net\\\/tr\\\/#organization\"},\"alternateName\":\"Onur Y\u00fcksek Teknoloji\",\"potentialAction\":[{\"@type\":\"SearchAction\",\"target\":{\"@type\":\"EntryPoint\",\"urlTemplate\":\"https:\\\/\\\/www.onur.net\\\/tr\\\/?s={search_term_string}\"},\"query-input\":{\"@type\":\"PropertyValueSpecification\",\"valueRequired\":true,\"valueName\":\"search_term_string\"}}],\"inLanguage\":\"en-US\"},{\"@type\":\"Organization\",\"@id\":\"https:\\\/\\\/www.onur.net\\\/tr\\\/#organization\",\"name\":\"Onur Y\u00fcksek Teknoloji\",\"alternateName\":\"Onur Y\u00fcksek Teknoloji\",\"url\":\"https:\\\/\\\/www.onur.net\\\/tr\\\/\",\"logo\":{\"@type\":\"ImageObject\",\"inLanguage\":\"en-US\",\"@id\":\"https:\\\/\\\/www.onur.net\\\/tr\\\/#\\\/schema\\\/logo\\\/image\\\/\",\"url\":\"https:\\\/\\\/www.onur.net\\\/wp-content\\\/uploads\\\/2024\\\/01\\\/Asset-1-1.svg\",\"contentUrl\":\"https:\\\/\\\/www.onur.net\\\/wp-content\\\/uploads\\\/2024\\\/01\\\/Asset-1-1.svg\",\"width\":200,\"height\":130,\"caption\":\"Onur Y\u00fcksek Teknoloji\"},\"image\":{\"@id\":\"https:\\\/\\\/www.onur.net\\\/tr\\\/#\\\/schema\\\/logo\\\/image\\\/\"},\"sameAs\":[\"https:\\\/\\\/www.linkedin.com\\\/company\\\/onur-a-\\\/mycompany\\\/\"],\"description\":\"ONUR Y\u00dcKSEK TEKNOLOJ\u0130 A.\u015e. (OYT), 1980 y\u0131l\u0131nda sivil ve askeri haberle\u015fme uygulamalar\u0131na y\u00f6nelik m\u00fchendislik hizmetleri vermek \u00fczere kurulmu\u015ftur. Kuruldu\u011fu y\u0131llarda T\u00fcrk Silahl\u0131 Kuvvetleri ve NATO\u2019nun ileti\u015fim ihtiya\u00e7lar\u0131na y\u00f6nelik haberle\u015fme sistemlerinin tedariki ve entegrasyonlar\u0131n\u0131 ger\u00e7ekle\u015fen OYT, ilerleyen y\u0131llarda bu alandaki uzmanl\u0131\u011f\u0131n\u0131 daha da art\u0131rm\u0131\u015ft\u0131r. Hayata ge\u00e7irilen projelerden kazan\u0131lan m\u00fchendislik altyap\u0131s\u0131 sayesinde OYT, 1990\u2019l\u0131 y\u0131llardan itibaren hem sivil hem savunma sanayii projelerinde uluslararas\u0131 firmalar\u0131n i\u015f orta\u011f\u0131 olarak yer almaya ba\u015flam\u0131\u015ft\u0131r. Bu s\u00fcre\u00e7te \u015firketimiz, deniz trafi\u011fini izleme ve kontrol sistemleri, meteorolojik radar sistemleri ve gemi seyir radar sistemlerinin dahil oldu\u011fu pek \u00e7ok entegrasyon projesine imza atm\u0131\u015ft\u0131r. OYT, y\u0131llar i\u00e7inde haberle\u015fme sistemleri konusunda artan alan uzmanl\u0131\u011f\u0131 sayesinde, yeni nesil IP tabanl\u0131 ses haberle\u015fme sistemleri geli\u015ftirilmesine ili\u015fkin AR-GE \u00e7al\u0131\u015fmalar\u0131 ba\u015flatm\u0131\u015ft\u0131r. T\u00dcB\u0130TAK taraf\u0131ndan da desteklenen bu \u00e7al\u0131\u015fmalar neticesinde, 2010\u2019lu y\u0131llar\u0131n ba\u015f\u0131ndan itibaren \u00f6zellikle telsiz sistemleri entegrasyonu ve IP tabanl\u0131 a\u011f teknolojileri kapsam\u0131nda d\u00fcnyada \u00e7ok az firmada bulunan yedekli ve ger\u00e7ek zamanl\u0131 ses ve veri haberle\u015fme sistemleri tasar\u0131m\u0131 konusunda uzmanl\u0131\u011f\u0131n\u0131 art\u0131ran \u015firketimiz, g\u00fcn\u00fcm\u00fczde d\u00f6rt k\u0131taya ihra\u00e7 edilen Ses ve Veri Haberle\u015fme Sistemlerine ili\u015fkin \u00e7e\u015fitli \u00fcr\u00fcn gruplar\u0131na sahiptir. \u0130leti\u015fim sistemlerinin \u00fcretimi yan\u0131nda OYT, uluslararas\u0131 standartlara uyumlu sivil ve askeri havac\u0131l\u0131k sistemleri entegrasyonu yapabilen say\u0131l\u0131 yerli firmalardand\u0131r. \u015eirketimiz, Avrupa sivil havac\u0131l\u0131k standartlar\u0131n\u0131n olu\u015fturuldu\u011fu Avrupa Sivil Havac\u0131l\u0131k Te\u00e7hizat\u0131 Te\u015fkilat\u0131 EUROCAE (The European Organisation for Civil Aviation Equipment) kurumunun \u00e7e\u015fitli \u00e7al\u0131\u015fma gruplar\u0131n\u0131n \u00fcyesi olman\u0131n yan\u0131 s\u0131ra, ABD Federal Havac\u0131l\u0131k \u0130daresi (FAA) ve Avrupa Seyr\u00fcsefer Emniyeti Te\u015fkilat\u0131 EUROCONTROL\u2019un (The European Organisation for the Safety of Air Navigation) \u00e7al\u0131\u015fmalar\u0131n\u0131n aktif bir kat\u0131l\u0131mc\u0131s\u0131d\u0131r. Ayr\u0131ca \u015fi\",\"email\":\"marketing@onur.net\",\"telephone\":\"+90 (312) 235 1550\",\"legalName\":\"ONUR Y\u00dcKSEK TEKNOLOJ\u0130 A.\u015e.\",\"foundingDate\":\"1980-01-01\",\"numberOfEmployees\":{\"@type\":\"QuantitativeValue\",\"minValue\":\"201\",\"maxValue\":\"500\"},\"publishingPrinciples\":\"https:\\\/\\\/www.onur.net\\\/kvkk\\\/\"}]}<\/script>\n<!-- \/ Yoast SEO Premium plugin. -->","yoast_head_json":{"title":"Navigation and Air Traffic Control System Integration - Onur Y\u00fcksek Teknoloji","robots":{"index":"index","follow":"follow","max-snippet":"max-snippet:-1","max-image-preview":"max-image-preview:large","max-video-preview":"max-video-preview:-1"},"canonical":"https:\/\/www.onur.net\/en\/integration-of-aviation-systems\/air-traffic-control-system-integration\/","og_locale":"en_US","og_type":"article","og_title":"Hava Trafik Kontrol Sistemleri Entegrasyonu","og_description":"Hava Trafik Kontrol Sistemleri Entegrasyonu Onur Y\u00fcksek Teknoloji 1990\u2019l\u0131 y\u0131llardan bu yana \u00fclkemiz ve kom\u015fu \u00fclkelerde ger\u00e7ekle\u015ftirilen pek \u00e7ok seyr\u00fcsefer ve havac\u0131l\u0131k sistemi entegrasyonu projesinde aktif rol oynam\u0131\u015ft\u0131r. OYT seyr\u00fcsefer sistemlerinin m\u00fcnferit olarak tedarik edilmesi, kurulumu, devreye al\u0131nma ve u\u00e7u\u015f kontrol\u00fc faaliyetlerinden, bir havaliman\u0131n t\u00fcm haberle\u015fme ve seyr\u00fcsefer sistemlerinin \u201canahtar teslimi\u201d \u015fekilde tedari\u011fi ve entegrasyonunu [&hellip;]","og_url":"https:\/\/www.onur.net\/en\/integration-of-aviation-systems\/air-traffic-control-system-integration\/","og_site_name":"Onur Y\u00fcksek Teknoloji","article_modified_time":"2024-01-12T06:33:18+00:00","og_image":[{"url":"https:\/\/www.onur.net\/wp-content\/uploads\/2024\/01\/airplane-flying-through-cloudy-sky-1-1-1024x612.webp","type":"","width":"","height":""}],"twitter_card":"summary_large_image","twitter_misc":{"Est. reading time":"1 minute"},"schema":{"@context":"https:\/\/schema.org","@graph":[{"@type":"WebPage","@id":"https:\/\/www.onur.net\/havacilik-sistemleri-entegrasyonu\/hava-trafik-kontrol-sistemleri-entegrasyonu\/","url":"https:\/\/www.onur.net\/havacilik-sistemleri-entegrasyonu\/hava-trafik-kontrol-sistemleri-entegrasyonu\/","name":"Navigation and Air Traffic Control System Integration - Onur Y\u00fcksek Teknoloji","isPartOf":{"@id":"https:\/\/www.onur.net\/tr\/#website"},"primaryImageOfPage":{"@id":"https:\/\/www.onur.net\/havacilik-sistemleri-entegrasyonu\/hava-trafik-kontrol-sistemleri-entegrasyonu\/#primaryimage"},"image":{"@id":"https:\/\/www.onur.net\/havacilik-sistemleri-entegrasyonu\/hava-trafik-kontrol-sistemleri-entegrasyonu\/#primaryimage"},"thumbnailUrl":"https:\/\/www.onur.net\/wp-content\/uploads\/2024\/01\/airplane-flying-through-cloudy-sky-1-1-1024x612.webp","datePublished":"2024-01-10T11:05:44+00:00","dateModified":"2024-01-12T06:33:18+00:00","breadcrumb":{"@id":"https:\/\/www.onur.net\/havacilik-sistemleri-entegrasyonu\/hava-trafik-kontrol-sistemleri-entegrasyonu\/#breadcrumb"},"inLanguage":"en-US","potentialAction":[{"@type":"ReadAction","target":["https:\/\/www.onur.net\/havacilik-sistemleri-entegrasyonu\/hava-trafik-kontrol-sistemleri-entegrasyonu\/"]}]},{"@type":"ImageObject","inLanguage":"en-US","@id":"https:\/\/www.onur.net\/havacilik-sistemleri-entegrasyonu\/hava-trafik-kontrol-sistemleri-entegrasyonu\/#primaryimage","url":"https:\/\/www.onur.net\/wp-content\/uploads\/2024\/01\/airplane-flying-through-cloudy-sky-1-1-1024x612.webp","contentUrl":"https:\/\/www.onur.net\/wp-content\/uploads\/2024\/01\/airplane-flying-through-cloudy-sky-1-1-1024x612.webp"},{"@type":"BreadcrumbList","@id":"https:\/\/www.onur.net\/havacilik-sistemleri-entegrasyonu\/hava-trafik-kontrol-sistemleri-entegrasyonu\/#breadcrumb","itemListElement":[{"@type":"ListItem","position":1,"name":"Home","item":"https:\/\/www.onur.net\/tr\/"},{"@type":"ListItem","position":2,"name":"Havac\u0131l\u0131k Sistemleri Entegrasyonu","item":"https:\/\/www.onur.net\/havacilik-sistemleri-entegrasyonu\/"},{"@type":"ListItem","position":3,"name":"Hava Trafik Kontrol Sistemleri Entegrasyonu"}]},{"@type":"WebSite","@id":"https:\/\/www.onur.net\/tr\/#website","url":"https:\/\/www.onur.net\/tr\/","name":"Onur Y\u00fcksek Teknoloji","description":"Onur Y\u00fcksek Teknoloji","publisher":{"@id":"https:\/\/www.onur.net\/tr\/#organization"},"alternateName":"Onur Y\u00fcksek Teknoloji","potentialAction":[{"@type":"SearchAction","target":{"@type":"EntryPoint","urlTemplate":"https:\/\/www.onur.net\/tr\/?s={search_term_string}"},"query-input":{"@type":"PropertyValueSpecification","valueRequired":true,"valueName":"search_term_string"}}],"inLanguage":"en-US"},{"@type":"Organization","@id":"https:\/\/www.onur.net\/tr\/#organization","name":"Onur Y\u00fcksek Teknoloji","alternateName":"Onur Y\u00fcksek Teknoloji","url":"https:\/\/www.onur.net\/tr\/","logo":{"@type":"ImageObject","inLanguage":"en-US","@id":"https:\/\/www.onur.net\/tr\/#\/schema\/logo\/image\/","url":"https:\/\/www.onur.net\/wp-content\/uploads\/2024\/01\/Asset-1-1.svg","contentUrl":"https:\/\/www.onur.net\/wp-content\/uploads\/2024\/01\/Asset-1-1.svg","width":200,"height":130,"caption":"Onur Y\u00fcksek Teknoloji"},"image":{"@id":"https:\/\/www.onur.net\/tr\/#\/schema\/logo\/image\/"},"sameAs":["https:\/\/www.linkedin.com\/company\/onur-a-\/mycompany\/"],"description":"ONUR Y\u00dcKSEK TEKNOLOJ\u0130 A.\u015e. (OYT), 1980 y\u0131l\u0131nda sivil ve askeri haberle\u015fme uygulamalar\u0131na y\u00f6nelik m\u00fchendislik hizmetleri vermek \u00fczere kurulmu\u015ftur. Kuruldu\u011fu y\u0131llarda T\u00fcrk Silahl\u0131 Kuvvetleri ve NATO\u2019nun ileti\u015fim ihtiya\u00e7lar\u0131na y\u00f6nelik haberle\u015fme sistemlerinin tedariki ve entegrasyonlar\u0131n\u0131 ger\u00e7ekle\u015fen OYT, ilerleyen y\u0131llarda bu alandaki uzmanl\u0131\u011f\u0131n\u0131 daha da art\u0131rm\u0131\u015ft\u0131r. Hayata ge\u00e7irilen projelerden kazan\u0131lan m\u00fchendislik altyap\u0131s\u0131 sayesinde OYT, 1990\u2019l\u0131 y\u0131llardan itibaren hem sivil hem savunma sanayii projelerinde uluslararas\u0131 firmalar\u0131n i\u015f orta\u011f\u0131 olarak yer almaya ba\u015flam\u0131\u015ft\u0131r. Bu s\u00fcre\u00e7te \u015firketimiz, deniz trafi\u011fini izleme ve kontrol sistemleri, meteorolojik radar sistemleri ve gemi seyir radar sistemlerinin dahil oldu\u011fu pek \u00e7ok entegrasyon projesine imza atm\u0131\u015ft\u0131r. OYT, y\u0131llar i\u00e7inde haberle\u015fme sistemleri konusunda artan alan uzmanl\u0131\u011f\u0131 sayesinde, yeni nesil IP tabanl\u0131 ses haberle\u015fme sistemleri geli\u015ftirilmesine ili\u015fkin AR-GE \u00e7al\u0131\u015fmalar\u0131 ba\u015flatm\u0131\u015ft\u0131r. T\u00dcB\u0130TAK taraf\u0131ndan da desteklenen bu \u00e7al\u0131\u015fmalar neticesinde, 2010\u2019lu y\u0131llar\u0131n ba\u015f\u0131ndan itibaren \u00f6zellikle telsiz sistemleri entegrasyonu ve IP tabanl\u0131 a\u011f teknolojileri kapsam\u0131nda d\u00fcnyada \u00e7ok az firmada bulunan yedekli ve ger\u00e7ek zamanl\u0131 ses ve veri haberle\u015fme sistemleri tasar\u0131m\u0131 konusunda uzmanl\u0131\u011f\u0131n\u0131 art\u0131ran \u015firketimiz, g\u00fcn\u00fcm\u00fczde d\u00f6rt k\u0131taya ihra\u00e7 edilen Ses ve Veri Haberle\u015fme Sistemlerine ili\u015fkin \u00e7e\u015fitli \u00fcr\u00fcn gruplar\u0131na sahiptir. \u0130leti\u015fim sistemlerinin \u00fcretimi yan\u0131nda OYT, uluslararas\u0131 standartlara uyumlu sivil ve askeri havac\u0131l\u0131k sistemleri entegrasyonu yapabilen say\u0131l\u0131 yerli firmalardand\u0131r. \u015eirketimiz, Avrupa sivil havac\u0131l\u0131k standartlar\u0131n\u0131n olu\u015fturuldu\u011fu Avrupa Sivil Havac\u0131l\u0131k Te\u00e7hizat\u0131 Te\u015fkilat\u0131 EUROCAE (The European Organisation for Civil Aviation Equipment) kurumunun \u00e7e\u015fitli \u00e7al\u0131\u015fma gruplar\u0131n\u0131n \u00fcyesi olman\u0131n yan\u0131 s\u0131ra, ABD Federal Havac\u0131l\u0131k \u0130daresi (FAA) ve Avrupa Seyr\u00fcsefer Emniyeti Te\u015fkilat\u0131 EUROCONTROL\u2019un (The European Organisation for the Safety of Air Navigation) \u00e7al\u0131\u015fmalar\u0131n\u0131n aktif bir kat\u0131l\u0131mc\u0131s\u0131d\u0131r. Ayr\u0131ca \u015fi","email":"marketing@onur.net","telephone":"+90 (312) 235 1550","legalName":"ONUR Y\u00dcKSEK TEKNOLOJ\u0130 A.\u015e.","foundingDate":"1980-01-01","numberOfEmployees":{"@type":"QuantitativeValue","minValue":"201","maxValue":"500"},"publishingPrinciples":"https:\/\/www.onur.net\/kvkk\/"}]}},"_links":{"self":[{"href":"https:\/\/www.onur.net\/en\/wp-json\/wp\/v2\/pages\/2330","targetHints":{"allow":["GET"]}}],"collection":[{"href":"https:\/\/www.onur.net\/en\/wp-json\/wp\/v2\/pages"}],"about":[{"href":"https:\/\/www.onur.net\/en\/wp-json\/wp\/v2\/types\/page"}],"author":[{"embeddable":true,"href":"https:\/\/www.onur.net\/en\/wp-json\/wp\/v2\/users\/1"}],"replies":[{"embeddable":true,"href":"https:\/\/www.onur.net\/en\/wp-json\/wp\/v2\/comments?post=2330"}],"version-history":[{"count":0,"href":"https:\/\/www.onur.net\/en\/wp-json\/wp\/v2\/pages\/2330\/revisions"}],"up":[{"embeddable":true,"href":"https:\/\/www.onur.net\/en\/wp-json\/wp\/v2\/pages\/41"}],"wp:attachment":[{"href":"https:\/\/www.onur.net\/en\/wp-json\/wp\/v2\/media?parent=2330"}],"curies":[{"name":"wp","href":"https:\/\/api.w.org\/{rel}","templated":true}]}}