{"id":2312,"date":"2024-01-10T11:03:14","date_gmt":"2024-01-10T11:03:14","guid":{"rendered":"https:\/\/www.onur.net\/?page_id=2312"},"modified":"2024-01-12T13:16:28","modified_gmt":"2024-01-12T13:16:28","slug":"mobile-air-traffic-control-tower-systems","status":"publish","type":"page","link":"https:\/\/www.onur.net\/en\/integration-of-aviation-systems\/mobile-air-traffic-control-tower-systems\/","title":{"rendered":"Mobile Air Traffic Control Tower"},"content":{"rendered":"<div data-elementor-type=\"wp-post\" data-elementor-id=\"2312\" class=\"elementor elementor-2312\" data-elementor-post-type=\"page\">\n\t\t\t\t<div data-dce-background-color=\"#EDEDED\" class=\"elementor-element elementor-element-203bf276 e-flex e-con-boxed e-con e-parent\" data-id=\"203bf276\" data-element_type=\"container\" data-e-type=\"container\" data-settings=\"{&quot;background_background&quot;:&quot;classic&quot;}\">\n\t\t\t\t\t<div class=\"e-con-inner\">\n\t\t\t\t<div class=\"elementor-element elementor-element-74050784 elementor-widget elementor-widget-heading\" data-id=\"74050784\" data-element_type=\"widget\" data-e-type=\"widget\" data-widget_type=\"heading.default\">\n\t\t\t\t<div class=\"elementor-widget-container\">\n\t\t\t\t\t<h2 class=\"elementor-heading-title elementor-size-default\">Mobile Air Traffic Control Tower<\/h2>\t\t\t\t<\/div>\n\t\t\t\t<\/div>\n\t\t\t\t\t<\/div>\n\t\t\t\t<\/div>\n\t\t<div data-dce-background-color=\"#FAFAFA\" class=\"elementor-element elementor-element-598b51d8 e-flex e-con-boxed e-con e-parent\" data-id=\"598b51d8\" data-element_type=\"container\" data-e-type=\"container\" data-settings=\"{&quot;background_background&quot;:&quot;classic&quot;}\">\n\t\t\t\t\t<div class=\"e-con-inner\">\n\t\t<div class=\"elementor-element elementor-element-5875c520 e-con-full e-flex e-con e-child\" data-id=\"5875c520\" data-element_type=\"container\" data-e-type=\"container\">\n\t\t\t\t<div class=\"elementor-element elementor-element-1b9ba797 elementor-widget elementor-widget-text-editor\" data-id=\"1b9ba797\" data-element_type=\"widget\" data-e-type=\"widget\" data-widget_type=\"text-editor.default\">\n\t\t\t\t<div class=\"elementor-widget-container\">\n\t\t\t\t\t\t\t\t\t<p>The ONUR Mobile Air Traffic Control Tower (OMT-M2000) is meticulously designed to deliver operational air traffic control services wherever and whenever needed.<\/p><p>\u00a0<\/p><p>This self-sufficient and portable system fully complies with international air traffic management and control standards, catering to both civil and military applications.<\/p><p>The OMT-M2000 is a proven solution versatile in its applications, serving remote command requirements, airport modernization initiatives, military tactical operations, and emergency missions for rapid deployment forces. Integratable with other command and control systems, it facilitates seamless coordination across various operational domains.\n\nKey Features of the OMT-M2000:<\/p><ul><li>Automation and Portability: Fully equipped for automation and designed for portability.<\/li><li>Transport Flexibility: Capable of deployment using standard air transport vehicles such as the C-130 Hercules transport aircraft or CH-47 Chinook heavy transport helicopter, or by its own means.<\/li><li>Safety Standards: Compliant with both military and civil air traffic safety standards.<\/li><li>Communication Facilities: Equipped with all necessary facilities for air-ground and ground-ground communications, including terrestrial lines and accessories.<\/li><li>Operational Efficiency: Employs reliable and user-friendly systems for efficient air traffic control operations.<\/li><li>Adjustable Control Cabinet: On an integrated carrier, the control cabinet can be raised using a lifting mechanism for optimal functionality.<\/li><li>Self-Sustaining Capability: Integrated generator ensures autonomous operation without dependence on external power sources or environmental systems.<\/li><li>Versatile Deployment: The carrying system allows for deployment in diverse locations.\nWith its exceptional quality and performance standards aligned with FAA\/ICAO regulations, the OMT-M2000 not only serves as a dependable solution for air traffic control requirements but also as an advanced backup system, ensuring operational continuity even in challenging scenarios.<\/li><\/ul>\t\t\t\t\t\t\t\t<\/div>\n\t\t\t\t<\/div>\n\t\t\t\t<\/div>\n\t\t<div class=\"elementor-element elementor-element-7b3766f7 e-con-full e-flex e-con e-child\" data-id=\"7b3766f7\" data-element_type=\"container\" data-e-type=\"container\">\n\t\t\t\t<div class=\"elementor-element elementor-element-25bcf105 dce_masking-none elementor-widget elementor-widget-image\" data-id=\"25bcf105\" data-element_type=\"widget\" data-e-type=\"widget\" data-widget_type=\"image.default\">\n\t\t\t\t<div class=\"elementor-widget-container\">\n\t\t\t\t\t\t\t\t\t\t\t\t\t\t\t<img fetchpriority=\"high\" decoding=\"async\" width=\"800\" height=\"459\" src=\"https:\/\/www.onur.net\/wp-content\/uploads\/2024\/01\/Screenshot_1.webp\" class=\"attachment-large size-large wp-image-2941\" alt=\"\" srcset=\"https:\/\/www.onur.net\/wp-content\/uploads\/2024\/01\/Screenshot_1.webp 931w, https:\/\/www.onur.net\/wp-content\/uploads\/2024\/01\/Screenshot_1-300x172.webp 300w, https:\/\/www.onur.net\/wp-content\/uploads\/2024\/01\/Screenshot_1-768x441.webp 768w, https:\/\/www.onur.net\/wp-content\/uploads\/2024\/01\/Screenshot_1-18x10.webp 18w\" sizes=\"(max-width: 800px) 100vw, 800px\" \/>\t\t\t\t\t\t\t\t\t\t\t\t\t\t\t<\/div>\n\t\t\t\t<\/div>\n\t\t\t\t<div class=\"elementor-element elementor-element-a4a07a8 elementor-widget elementor-widget-button\" data-id=\"a4a07a8\" data-element_type=\"widget\" data-e-type=\"widget\" data-widget_type=\"button.default\">\n\t\t\t\t<div class=\"elementor-widget-container\">\n\t\t\t\t\t\t\t\t\t<div class=\"elementor-button-wrapper\">\n\t\t\t\t\t<a class=\"elementor-button elementor-button-link elementor-size-sm\" href=\"https:\/\/www.onur.net\/wp-content\/uploads\/2024\/01\/Mobile-Air-Traffic-Control-Tower-OMT-M2000-V.20.11.1.pdf\" target=\"_blank\">\n\t\t\t\t\t\t<span class=\"elementor-button-content-wrapper\">\n\t\t\t\t\t\t<span class=\"elementor-button-icon\">\n\t\t\t\t<svg aria-hidden=\"true\" class=\"e-font-icon-svg e-fas-file-download\" viewbox=\"0 0 384 512\" xmlns=\"http:\/\/www.w3.org\/2000\/svg\"><path d=\"M224 136V0H24C10.7 0 0 10.7 0 24v464c0 13.3 10.7 24 24 24h336c13.3 0 24-10.7 24-24V160H248c-13.2 0-24-10.8-24-24zm76.45 211.36l-96.42 95.7c-6.65 6.61-17.39 6.61-24.04 0l-96.42-95.7C73.42 337.29 80.54 320 94.82 320H160v-80c0-8.84 7.16-16 16-16h32c8.84 0 16 7.16 16 16v80h65.18c14.28 0 21.4 17.29 11.27 27.36zM377 105L279.1 7c-4.5-4.5-10.6-7-17-7H256v128h128v-6.1c0-6.3-2.5-12.4-7-16.9z\"><\/path><\/svg>\t\t\t<\/span>\n\t\t\t\t\t\t\t\t\t<span class=\"elementor-button-text\">Catalog<\/span>\n\t\t\t\t\t<\/span>\n\t\t\t\t\t<\/a>\n\t\t\t\t<\/div>\n\t\t\t\t\t\t\t\t<\/div>\n\t\t\t\t<\/div>\n\t\t\t\t<\/div>\n\t\t\t\t\t<\/div>\n\t\t\t\t<\/div>\n\t\t\t\t<\/div>","protected":false},"excerpt":{"rendered":"<p>Mobil Hava Trafik Kontrol Kule Sistemi ONUR Mobil Hava Trafik Kontrol Kulesi, ihtiya\u00e7 duyulan yerde ve zamanda operasyonel hava trafik kontrol hizmetleri sa\u011flamak \u00fczere tasarlanm\u0131\u015ft\u0131r. \u00a0 Sistem kendi kendine yeterli, ta\u015f\u0131nabilir ve hem sivil hem de askeri uygulamalar i\u00e7in gerekli uluslararas\u0131 hava trafik y\u00f6netimi ve kontrol standartlar\u0131yla tam uyumludur. OMT-M2000, uzak komuta gereksinimi, havaalan\u0131 modernizasyonu, [&hellip;]<\/p>\n","protected":false},"author":1,"featured_media":0,"parent":41,"menu_order":0,"comment_status":"closed","ping_status":"closed","template":"","meta":{"_acf_changed":false,"footnotes":""},"class_list":["post-2312","page","type-page","status-publish","hentry"],"acf":[],"yoast_head":"<!-- This site is optimized with the Yoast SEO Premium plugin v27.3 (Yoast SEO v27.3) - https:\/\/yoast.com\/product\/yoast-seo-premium-wordpress\/ -->\n<title>Mobil Hava Trafik Kontrol Kule Sistemi - Onur Y\u00fcksek Teknoloji<\/title>\n<meta name=\"robots\" content=\"index, follow, max-snippet:-1, max-image-preview:large, max-video-preview:-1\" \/>\n<link rel=\"canonical\" href=\"https:\/\/www.onur.net\/en\/integration-of-aviation-systems\/mobile-air-traffic-control-tower-systems\/\" \/>\n<meta property=\"og:locale\" content=\"en_US\" \/>\n<meta property=\"og:type\" content=\"article\" \/>\n<meta property=\"og:title\" content=\"Mobil Hava Trafik Kontrol Kule Sistemi\" \/>\n<meta property=\"og:description\" content=\"Mobil Hava Trafik Kontrol Kule Sistemi ONUR Mobil Hava Trafik Kontrol Kulesi, ihtiya\u00e7 duyulan yerde ve zamanda operasyonel hava trafik kontrol hizmetleri sa\u011flamak \u00fczere tasarlanm\u0131\u015ft\u0131r. \u00a0 Sistem kendi kendine yeterli, ta\u015f\u0131nabilir ve hem sivil hem de askeri uygulamalar i\u00e7in gerekli uluslararas\u0131 hava trafik y\u00f6netimi ve kontrol standartlar\u0131yla tam uyumludur. OMT-M2000, uzak komuta gereksinimi, havaalan\u0131 modernizasyonu, [&hellip;]\" \/>\n<meta property=\"og:url\" content=\"https:\/\/www.onur.net\/en\/integration-of-aviation-systems\/mobile-air-traffic-control-tower-systems\/\" \/>\n<meta property=\"og:site_name\" content=\"Onur Y\u00fcksek Teknoloji\" \/>\n<meta property=\"article:modified_time\" content=\"2024-01-12T13:16:28+00:00\" \/>\n<meta property=\"og:image\" content=\"https:\/\/www.onur.net\/wp-content\/uploads\/2024\/01\/Screenshot_1.webp\" \/>\n<meta name=\"twitter:card\" content=\"summary_large_image\" \/>\n<meta name=\"twitter:label1\" content=\"Est. reading time\" \/>\n\t<meta name=\"twitter:data1\" content=\"2 minutes\" \/>\n<script type=\"application\/ld+json\" class=\"yoast-schema-graph\">{\"@context\":\"https:\\\/\\\/schema.org\",\"@graph\":[{\"@type\":\"WebPage\",\"@id\":\"https:\\\/\\\/www.onur.net\\\/havacilik-sistemleri-entegrasyonu\\\/mobil-hava-trafik-kontrol-kule-sistemi\\\/\",\"url\":\"https:\\\/\\\/www.onur.net\\\/havacilik-sistemleri-entegrasyonu\\\/mobil-hava-trafik-kontrol-kule-sistemi\\\/\",\"name\":\"Mobil Hava Trafik Kontrol Kule Sistemi - Onur Y\u00fcksek Teknoloji\",\"isPartOf\":{\"@id\":\"https:\\\/\\\/www.onur.net\\\/tr\\\/#website\"},\"primaryImageOfPage\":{\"@id\":\"https:\\\/\\\/www.onur.net\\\/havacilik-sistemleri-entegrasyonu\\\/mobil-hava-trafik-kontrol-kule-sistemi\\\/#primaryimage\"},\"image\":{\"@id\":\"https:\\\/\\\/www.onur.net\\\/havacilik-sistemleri-entegrasyonu\\\/mobil-hava-trafik-kontrol-kule-sistemi\\\/#primaryimage\"},\"thumbnailUrl\":\"https:\\\/\\\/www.onur.net\\\/wp-content\\\/uploads\\\/2024\\\/01\\\/Screenshot_1.webp\",\"datePublished\":\"2024-01-10T11:03:14+00:00\",\"dateModified\":\"2024-01-12T13:16:28+00:00\",\"breadcrumb\":{\"@id\":\"https:\\\/\\\/www.onur.net\\\/havacilik-sistemleri-entegrasyonu\\\/mobil-hava-trafik-kontrol-kule-sistemi\\\/#breadcrumb\"},\"inLanguage\":\"en-US\",\"potentialAction\":[{\"@type\":\"ReadAction\",\"target\":[\"https:\\\/\\\/www.onur.net\\\/havacilik-sistemleri-entegrasyonu\\\/mobil-hava-trafik-kontrol-kule-sistemi\\\/\"]}]},{\"@type\":\"ImageObject\",\"inLanguage\":\"en-US\",\"@id\":\"https:\\\/\\\/www.onur.net\\\/havacilik-sistemleri-entegrasyonu\\\/mobil-hava-trafik-kontrol-kule-sistemi\\\/#primaryimage\",\"url\":\"https:\\\/\\\/www.onur.net\\\/wp-content\\\/uploads\\\/2024\\\/01\\\/Screenshot_1.webp\",\"contentUrl\":\"https:\\\/\\\/www.onur.net\\\/wp-content\\\/uploads\\\/2024\\\/01\\\/Screenshot_1.webp\"},{\"@type\":\"BreadcrumbList\",\"@id\":\"https:\\\/\\\/www.onur.net\\\/havacilik-sistemleri-entegrasyonu\\\/mobil-hava-trafik-kontrol-kule-sistemi\\\/#breadcrumb\",\"itemListElement\":[{\"@type\":\"ListItem\",\"position\":1,\"name\":\"Home\",\"item\":\"https:\\\/\\\/www.onur.net\\\/tr\\\/\"},{\"@type\":\"ListItem\",\"position\":2,\"name\":\"Havac\u0131l\u0131k Sistemleri Entegrasyonu\",\"item\":\"https:\\\/\\\/www.onur.net\\\/havacilik-sistemleri-entegrasyonu\\\/\"},{\"@type\":\"ListItem\",\"position\":3,\"name\":\"Mobil Hava Trafik Kontrol Kule Sistemi\"}]},{\"@type\":\"WebSite\",\"@id\":\"https:\\\/\\\/www.onur.net\\\/tr\\\/#website\",\"url\":\"https:\\\/\\\/www.onur.net\\\/tr\\\/\",\"name\":\"Onur Y\u00fcksek Teknoloji\",\"description\":\"Onur Y\u00fcksek Teknoloji\",\"publisher\":{\"@id\":\"https:\\\/\\\/www.onur.net\\\/tr\\\/#organization\"},\"alternateName\":\"Onur Y\u00fcksek Teknoloji\",\"potentialAction\":[{\"@type\":\"SearchAction\",\"target\":{\"@type\":\"EntryPoint\",\"urlTemplate\":\"https:\\\/\\\/www.onur.net\\\/tr\\\/?s={search_term_string}\"},\"query-input\":{\"@type\":\"PropertyValueSpecification\",\"valueRequired\":true,\"valueName\":\"search_term_string\"}}],\"inLanguage\":\"en-US\"},{\"@type\":\"Organization\",\"@id\":\"https:\\\/\\\/www.onur.net\\\/tr\\\/#organization\",\"name\":\"Onur Y\u00fcksek Teknoloji\",\"alternateName\":\"Onur Y\u00fcksek Teknoloji\",\"url\":\"https:\\\/\\\/www.onur.net\\\/tr\\\/\",\"logo\":{\"@type\":\"ImageObject\",\"inLanguage\":\"en-US\",\"@id\":\"https:\\\/\\\/www.onur.net\\\/tr\\\/#\\\/schema\\\/logo\\\/image\\\/\",\"url\":\"https:\\\/\\\/www.onur.net\\\/wp-content\\\/uploads\\\/2024\\\/01\\\/Asset-1-1.svg\",\"contentUrl\":\"https:\\\/\\\/www.onur.net\\\/wp-content\\\/uploads\\\/2024\\\/01\\\/Asset-1-1.svg\",\"width\":200,\"height\":130,\"caption\":\"Onur Y\u00fcksek Teknoloji\"},\"image\":{\"@id\":\"https:\\\/\\\/www.onur.net\\\/tr\\\/#\\\/schema\\\/logo\\\/image\\\/\"},\"sameAs\":[\"https:\\\/\\\/www.linkedin.com\\\/company\\\/onur-a-\\\/mycompany\\\/\"],\"description\":\"ONUR Y\u00dcKSEK TEKNOLOJ\u0130 A.\u015e. (OYT), 1980 y\u0131l\u0131nda sivil ve askeri haberle\u015fme uygulamalar\u0131na y\u00f6nelik m\u00fchendislik hizmetleri vermek \u00fczere kurulmu\u015ftur. Kuruldu\u011fu y\u0131llarda T\u00fcrk Silahl\u0131 Kuvvetleri ve NATO\u2019nun ileti\u015fim ihtiya\u00e7lar\u0131na y\u00f6nelik haberle\u015fme sistemlerinin tedariki ve entegrasyonlar\u0131n\u0131 ger\u00e7ekle\u015fen OYT, ilerleyen y\u0131llarda bu alandaki uzmanl\u0131\u011f\u0131n\u0131 daha da art\u0131rm\u0131\u015ft\u0131r. Hayata ge\u00e7irilen projelerden kazan\u0131lan m\u00fchendislik altyap\u0131s\u0131 sayesinde OYT, 1990\u2019l\u0131 y\u0131llardan itibaren hem sivil hem savunma sanayii projelerinde uluslararas\u0131 firmalar\u0131n i\u015f orta\u011f\u0131 olarak yer almaya ba\u015flam\u0131\u015ft\u0131r. Bu s\u00fcre\u00e7te \u015firketimiz, deniz trafi\u011fini izleme ve kontrol sistemleri, meteorolojik radar sistemleri ve gemi seyir radar sistemlerinin dahil oldu\u011fu pek \u00e7ok entegrasyon projesine imza atm\u0131\u015ft\u0131r. OYT, y\u0131llar i\u00e7inde haberle\u015fme sistemleri konusunda artan alan uzmanl\u0131\u011f\u0131 sayesinde, yeni nesil IP tabanl\u0131 ses haberle\u015fme sistemleri geli\u015ftirilmesine ili\u015fkin AR-GE \u00e7al\u0131\u015fmalar\u0131 ba\u015flatm\u0131\u015ft\u0131r. T\u00dcB\u0130TAK taraf\u0131ndan da desteklenen bu \u00e7al\u0131\u015fmalar neticesinde, 2010\u2019lu y\u0131llar\u0131n ba\u015f\u0131ndan itibaren \u00f6zellikle telsiz sistemleri entegrasyonu ve IP tabanl\u0131 a\u011f teknolojileri kapsam\u0131nda d\u00fcnyada \u00e7ok az firmada bulunan yedekli ve ger\u00e7ek zamanl\u0131 ses ve veri haberle\u015fme sistemleri tasar\u0131m\u0131 konusunda uzmanl\u0131\u011f\u0131n\u0131 art\u0131ran \u015firketimiz, g\u00fcn\u00fcm\u00fczde d\u00f6rt k\u0131taya ihra\u00e7 edilen Ses ve Veri Haberle\u015fme Sistemlerine ili\u015fkin \u00e7e\u015fitli \u00fcr\u00fcn gruplar\u0131na sahiptir. \u0130leti\u015fim sistemlerinin \u00fcretimi yan\u0131nda OYT, uluslararas\u0131 standartlara uyumlu sivil ve askeri havac\u0131l\u0131k sistemleri entegrasyonu yapabilen say\u0131l\u0131 yerli firmalardand\u0131r. \u015eirketimiz, Avrupa sivil havac\u0131l\u0131k standartlar\u0131n\u0131n olu\u015fturuldu\u011fu Avrupa Sivil Havac\u0131l\u0131k Te\u00e7hizat\u0131 Te\u015fkilat\u0131 EUROCAE (The European Organisation for Civil Aviation Equipment) kurumunun \u00e7e\u015fitli \u00e7al\u0131\u015fma gruplar\u0131n\u0131n \u00fcyesi olman\u0131n yan\u0131 s\u0131ra, ABD Federal Havac\u0131l\u0131k \u0130daresi (FAA) ve Avrupa Seyr\u00fcsefer Emniyeti Te\u015fkilat\u0131 EUROCONTROL\u2019un (The European Organisation for the Safety of Air Navigation) \u00e7al\u0131\u015fmalar\u0131n\u0131n aktif bir kat\u0131l\u0131mc\u0131s\u0131d\u0131r. Ayr\u0131ca \u015fi\",\"email\":\"marketing@onur.net\",\"telephone\":\"+90 (312) 235 1550\",\"legalName\":\"ONUR Y\u00dcKSEK TEKNOLOJ\u0130 A.\u015e.\",\"foundingDate\":\"1980-01-01\",\"numberOfEmployees\":{\"@type\":\"QuantitativeValue\",\"minValue\":\"201\",\"maxValue\":\"500\"},\"publishingPrinciples\":\"https:\\\/\\\/www.onur.net\\\/kvkk\\\/\"}]}<\/script>\n<!-- \/ Yoast SEO Premium plugin. -->","yoast_head_json":{"title":"Mobile Air Traffic Control Tower - Onur Y\u00fcksek Teknoloji","robots":{"index":"index","follow":"follow","max-snippet":"max-snippet:-1","max-image-preview":"max-image-preview:large","max-video-preview":"max-video-preview:-1"},"canonical":"https:\/\/www.onur.net\/en\/integration-of-aviation-systems\/mobile-air-traffic-control-tower-systems\/","og_locale":"en_US","og_type":"article","og_title":"Mobil Hava Trafik Kontrol Kule Sistemi","og_description":"Mobil Hava Trafik Kontrol Kule Sistemi ONUR Mobil Hava Trafik Kontrol Kulesi, ihtiya\u00e7 duyulan yerde ve zamanda operasyonel hava trafik kontrol hizmetleri sa\u011flamak \u00fczere tasarlanm\u0131\u015ft\u0131r. \u00a0 Sistem kendi kendine yeterli, ta\u015f\u0131nabilir ve hem sivil hem de askeri uygulamalar i\u00e7in gerekli uluslararas\u0131 hava trafik y\u00f6netimi ve kontrol standartlar\u0131yla tam uyumludur. OMT-M2000, uzak komuta gereksinimi, havaalan\u0131 modernizasyonu, [&hellip;]","og_url":"https:\/\/www.onur.net\/en\/integration-of-aviation-systems\/mobile-air-traffic-control-tower-systems\/","og_site_name":"Onur Y\u00fcksek Teknoloji","article_modified_time":"2024-01-12T13:16:28+00:00","og_image":[{"url":"https:\/\/www.onur.net\/wp-content\/uploads\/2024\/01\/Screenshot_1.webp","type":"","width":"","height":""}],"twitter_card":"summary_large_image","twitter_misc":{"Est. reading time":"2 minutes"},"schema":{"@context":"https:\/\/schema.org","@graph":[{"@type":"WebPage","@id":"https:\/\/www.onur.net\/havacilik-sistemleri-entegrasyonu\/mobil-hava-trafik-kontrol-kule-sistemi\/","url":"https:\/\/www.onur.net\/havacilik-sistemleri-entegrasyonu\/mobil-hava-trafik-kontrol-kule-sistemi\/","name":"Mobile Air Traffic Control Tower - Onur Y\u00fcksek Teknoloji","isPartOf":{"@id":"https:\/\/www.onur.net\/tr\/#website"},"primaryImageOfPage":{"@id":"https:\/\/www.onur.net\/havacilik-sistemleri-entegrasyonu\/mobil-hava-trafik-kontrol-kule-sistemi\/#primaryimage"},"image":{"@id":"https:\/\/www.onur.net\/havacilik-sistemleri-entegrasyonu\/mobil-hava-trafik-kontrol-kule-sistemi\/#primaryimage"},"thumbnailUrl":"https:\/\/www.onur.net\/wp-content\/uploads\/2024\/01\/Screenshot_1.webp","datePublished":"2024-01-10T11:03:14+00:00","dateModified":"2024-01-12T13:16:28+00:00","breadcrumb":{"@id":"https:\/\/www.onur.net\/havacilik-sistemleri-entegrasyonu\/mobil-hava-trafik-kontrol-kule-sistemi\/#breadcrumb"},"inLanguage":"en-US","potentialAction":[{"@type":"ReadAction","target":["https:\/\/www.onur.net\/havacilik-sistemleri-entegrasyonu\/mobil-hava-trafik-kontrol-kule-sistemi\/"]}]},{"@type":"ImageObject","inLanguage":"en-US","@id":"https:\/\/www.onur.net\/havacilik-sistemleri-entegrasyonu\/mobil-hava-trafik-kontrol-kule-sistemi\/#primaryimage","url":"https:\/\/www.onur.net\/wp-content\/uploads\/2024\/01\/Screenshot_1.webp","contentUrl":"https:\/\/www.onur.net\/wp-content\/uploads\/2024\/01\/Screenshot_1.webp"},{"@type":"BreadcrumbList","@id":"https:\/\/www.onur.net\/havacilik-sistemleri-entegrasyonu\/mobil-hava-trafik-kontrol-kule-sistemi\/#breadcrumb","itemListElement":[{"@type":"ListItem","position":1,"name":"Home","item":"https:\/\/www.onur.net\/tr\/"},{"@type":"ListItem","position":2,"name":"Havac\u0131l\u0131k Sistemleri Entegrasyonu","item":"https:\/\/www.onur.net\/havacilik-sistemleri-entegrasyonu\/"},{"@type":"ListItem","position":3,"name":"Mobil Hava Trafik Kontrol Kule Sistemi"}]},{"@type":"WebSite","@id":"https:\/\/www.onur.net\/tr\/#website","url":"https:\/\/www.onur.net\/tr\/","name":"Onur Y\u00fcksek Teknoloji","description":"Onur Y\u00fcksek Teknoloji","publisher":{"@id":"https:\/\/www.onur.net\/tr\/#organization"},"alternateName":"Onur Y\u00fcksek Teknoloji","potentialAction":[{"@type":"SearchAction","target":{"@type":"EntryPoint","urlTemplate":"https:\/\/www.onur.net\/tr\/?s={search_term_string}"},"query-input":{"@type":"PropertyValueSpecification","valueRequired":true,"valueName":"search_term_string"}}],"inLanguage":"en-US"},{"@type":"Organization","@id":"https:\/\/www.onur.net\/tr\/#organization","name":"Onur Y\u00fcksek Teknoloji","alternateName":"Onur Y\u00fcksek Teknoloji","url":"https:\/\/www.onur.net\/tr\/","logo":{"@type":"ImageObject","inLanguage":"en-US","@id":"https:\/\/www.onur.net\/tr\/#\/schema\/logo\/image\/","url":"https:\/\/www.onur.net\/wp-content\/uploads\/2024\/01\/Asset-1-1.svg","contentUrl":"https:\/\/www.onur.net\/wp-content\/uploads\/2024\/01\/Asset-1-1.svg","width":200,"height":130,"caption":"Onur Y\u00fcksek Teknoloji"},"image":{"@id":"https:\/\/www.onur.net\/tr\/#\/schema\/logo\/image\/"},"sameAs":["https:\/\/www.linkedin.com\/company\/onur-a-\/mycompany\/"],"description":"ONUR Y\u00dcKSEK TEKNOLOJ\u0130 A.\u015e. (OYT), 1980 y\u0131l\u0131nda sivil ve askeri haberle\u015fme uygulamalar\u0131na y\u00f6nelik m\u00fchendislik hizmetleri vermek \u00fczere kurulmu\u015ftur. Kuruldu\u011fu y\u0131llarda T\u00fcrk Silahl\u0131 Kuvvetleri ve NATO\u2019nun ileti\u015fim ihtiya\u00e7lar\u0131na y\u00f6nelik haberle\u015fme sistemlerinin tedariki ve entegrasyonlar\u0131n\u0131 ger\u00e7ekle\u015fen OYT, ilerleyen y\u0131llarda bu alandaki uzmanl\u0131\u011f\u0131n\u0131 daha da art\u0131rm\u0131\u015ft\u0131r. Hayata ge\u00e7irilen projelerden kazan\u0131lan m\u00fchendislik altyap\u0131s\u0131 sayesinde OYT, 1990\u2019l\u0131 y\u0131llardan itibaren hem sivil hem savunma sanayii projelerinde uluslararas\u0131 firmalar\u0131n i\u015f orta\u011f\u0131 olarak yer almaya ba\u015flam\u0131\u015ft\u0131r. Bu s\u00fcre\u00e7te \u015firketimiz, deniz trafi\u011fini izleme ve kontrol sistemleri, meteorolojik radar sistemleri ve gemi seyir radar sistemlerinin dahil oldu\u011fu pek \u00e7ok entegrasyon projesine imza atm\u0131\u015ft\u0131r. OYT, y\u0131llar i\u00e7inde haberle\u015fme sistemleri konusunda artan alan uzmanl\u0131\u011f\u0131 sayesinde, yeni nesil IP tabanl\u0131 ses haberle\u015fme sistemleri geli\u015ftirilmesine ili\u015fkin AR-GE \u00e7al\u0131\u015fmalar\u0131 ba\u015flatm\u0131\u015ft\u0131r. T\u00dcB\u0130TAK taraf\u0131ndan da desteklenen bu \u00e7al\u0131\u015fmalar neticesinde, 2010\u2019lu y\u0131llar\u0131n ba\u015f\u0131ndan itibaren \u00f6zellikle telsiz sistemleri entegrasyonu ve IP tabanl\u0131 a\u011f teknolojileri kapsam\u0131nda d\u00fcnyada \u00e7ok az firmada bulunan yedekli ve ger\u00e7ek zamanl\u0131 ses ve veri haberle\u015fme sistemleri tasar\u0131m\u0131 konusunda uzmanl\u0131\u011f\u0131n\u0131 art\u0131ran \u015firketimiz, g\u00fcn\u00fcm\u00fczde d\u00f6rt k\u0131taya ihra\u00e7 edilen Ses ve Veri Haberle\u015fme Sistemlerine ili\u015fkin \u00e7e\u015fitli \u00fcr\u00fcn gruplar\u0131na sahiptir. \u0130leti\u015fim sistemlerinin \u00fcretimi yan\u0131nda OYT, uluslararas\u0131 standartlara uyumlu sivil ve askeri havac\u0131l\u0131k sistemleri entegrasyonu yapabilen say\u0131l\u0131 yerli firmalardand\u0131r. \u015eirketimiz, Avrupa sivil havac\u0131l\u0131k standartlar\u0131n\u0131n olu\u015fturuldu\u011fu Avrupa Sivil Havac\u0131l\u0131k Te\u00e7hizat\u0131 Te\u015fkilat\u0131 EUROCAE (The European Organisation for Civil Aviation Equipment) kurumunun \u00e7e\u015fitli \u00e7al\u0131\u015fma gruplar\u0131n\u0131n \u00fcyesi olman\u0131n yan\u0131 s\u0131ra, ABD Federal Havac\u0131l\u0131k \u0130daresi (FAA) ve Avrupa Seyr\u00fcsefer Emniyeti Te\u015fkilat\u0131 EUROCONTROL\u2019un (The European Organisation for the Safety of Air Navigation) \u00e7al\u0131\u015fmalar\u0131n\u0131n aktif bir kat\u0131l\u0131mc\u0131s\u0131d\u0131r. Ayr\u0131ca \u015fi","email":"marketing@onur.net","telephone":"+90 (312) 235 1550","legalName":"ONUR Y\u00dcKSEK TEKNOLOJ\u0130 A.\u015e.","foundingDate":"1980-01-01","numberOfEmployees":{"@type":"QuantitativeValue","minValue":"201","maxValue":"500"},"publishingPrinciples":"https:\/\/www.onur.net\/kvkk\/"}]}},"_links":{"self":[{"href":"https:\/\/www.onur.net\/en\/wp-json\/wp\/v2\/pages\/2312","targetHints":{"allow":["GET"]}}],"collection":[{"href":"https:\/\/www.onur.net\/en\/wp-json\/wp\/v2\/pages"}],"about":[{"href":"https:\/\/www.onur.net\/en\/wp-json\/wp\/v2\/types\/page"}],"author":[{"embeddable":true,"href":"https:\/\/www.onur.net\/en\/wp-json\/wp\/v2\/users\/1"}],"replies":[{"embeddable":true,"href":"https:\/\/www.onur.net\/en\/wp-json\/wp\/v2\/comments?post=2312"}],"version-history":[{"count":0,"href":"https:\/\/www.onur.net\/en\/wp-json\/wp\/v2\/pages\/2312\/revisions"}],"up":[{"embeddable":true,"href":"https:\/\/www.onur.net\/en\/wp-json\/wp\/v2\/pages\/41"}],"wp:attachment":[{"href":"https:\/\/www.onur.net\/en\/wp-json\/wp\/v2\/media?parent=2312"}],"curies":[{"name":"wp","href":"https:\/\/api.w.org\/{rel}","templated":true}]}}